{"id":25497,"date":"2025-10-16T13:56:08","date_gmt":"2025-10-16T05:56:08","guid":{"rendered":"https:\/\/ulpmat.com\/product\/cloruro-de-wolframio-2\/"},"modified":"2025-10-16T13:56:08","modified_gmt":"2025-10-16T05:56:08","slug":"cloruro-de-wolframio-2","status":"publish","type":"product","link":"https:\/\/ulpmat.com\/es\/producto\/cloruro-de-wolframio-2\/","title":{"rendered":"Cloruro de wolframio"},"content":{"rendered":"<h2><span style=\"font-size: 14pt;\">Cloruro de wolframio en polvo Overview<\/span><\/h2>\n<p><span style=\"color: #0000ff;\"><a style=\"color: #0000ff;\" href=\"https:\/\/ulpmat.com\/es\/buscar\/?type=name&#038;keyword=Tungsten+Chloride\">El cloruro de wolframio<\/a><\/span> en polvo es un importante compuesto inorg\u00e1nico de gran pureza, utilizado habitualmente en deposici\u00f3n qu\u00edmica en fase vapor (CVD), grabado por plasma, modificaci\u00f3n de materiales y s\u00edntesis organomet\u00e1lica. Tiene buena volatilidad y reactividad, y es especialmente adecuado para preparar pel\u00edculas de tungsteno de gran pureza o como precursor para la preparaci\u00f3n de materiales de alto rendimiento.<\/p>\n<p>Suministramos cloruro de tungsteno en polvo de gran pureza, cristalino de color p\u00farpura oscuro o azul p\u00farpura, sellado y resistente a la humedad. Se pueden suministrar diferentes especificaciones y m\u00e9todos de envasado seg\u00fan las necesidades del cliente.<\/p>\n<h2><span style=\"font-size: 14pt;\">Productos destacados<\/span><\/h2>\n<p>Pureza: 99,9%<br \/>\nFuerte volatilidad, adecuado para procesos de deposici\u00f3n de vapor<br \/>\nAlta reactividad qu\u00edmica, adecuado para una gran variedad de reacciones de s\u00edntesis metalorg\u00e1nica<br \/>\n<span style=\"color: #0000ff;\"><a style=\"color: #0000ff;\" href=\"https:\/\/ulpmat.com\/es\/servicio\/personalizacion\/\">Personalizado<\/a><\/span> envases personalizados (botellas de vidrio, sellos de pl\u00e1stico fluorado, etc.) seg\u00fan las necesidades<\/p>\n<h2><span style=\"font-size: 14pt;\">Aplicaciones del cloruro de tungsteno en polvo <\/span><\/h2>\n<p><span style=\"color: #0000ff;\"><a style=\"color: #0000ff;\" href=\"https:\/\/ulpmat.com\/es\/solicitud\/materiales-semiconductores\/\">Semiconductores<\/a><\/span> de semiconductores: Como precursor del tungsteno, se utiliza para formar pel\u00edculas met\u00e1licas de tungsteno en procesos de CVD a baja presi\u00f3n o mejorados por plasma.<br \/>\nIngenier\u00eda de superficies: Se utiliza para preparar revestimientos a base de tungsteno resistentes a la corrosi\u00f3n y a altas temperaturas.<br \/>\nS\u00edntesis qu\u00edmica: Utilizado como \u00e1cido de Lewis fuerte o precursor de complejos de wolframio en qu\u00edmica organomet\u00e1lica.<br \/>\nMateriales de investigaci\u00f3n cient\u00edfica: ampliamente utilizados en qu\u00edmica inorg\u00e1nica e investigaci\u00f3n en ciencia de materiales, especialmente en campos relacionados con los haluros de metales de transici\u00f3n.<\/p>\n<h2><span style=\"font-size: 14pt;\">Informe<\/span><\/h2>\n<p>Proporcionamos <span style=\"color: #0000ff;\"><a style=\"color: #0000ff;\" href=\"https:\/\/ulpmat.com\/es\/servicio\/analisis-quimico\/\">Certificado de an\u00e1lisis (COA)<\/a><\/span>hoja de datos de seguridad del material (MSDS) y otros informes de par\u00e1metros t\u00e9cnicos necesarios para cada lote de mercanc\u00edas. Si es necesario, podemos ayudar en las pruebas de terceros para garantizar una calidad fiable y datos transparentes.<\/p>\n","protected":false},"excerpt":{"rendered":"<p>Cloruro de wolframio en polvo Overview El cloruro de wolframio en polvo es un importante compuesto inorg\u00e1nico de gran pureza, utilizado habitualmente en deposici\u00f3n qu\u00edmica en fase vapor (CVD), grabado por plasma, modificaci\u00f3n de materiales y s\u00edntesis organomet\u00e1lica. Tiene buena volatilidad y reactividad, y es especialmente adecuado para preparar pel\u00edculas de tungsteno de gran pureza [&hellip;]<\/p>\n","protected":false},"featured_media":18614,"template":"","meta":{"_acf_changed":false},"product_brand":[132],"product_cat":[330],"product_tag":[],"class_list":{"0":"post-25497","1":"product","2":"type-product","3":"status-publish","4":"has-post-thumbnail","6":"product_brand-ulpmat","7":"product_cat-materiales-halogenados","9":"first","10":"instock","11":"shipping-taxable","12":"product-type-variable"},"acf":[],"_links":{"self":[{"href":"https:\/\/ulpmat.com\/es\/wp-json\/wp\/v2\/product\/25497","targetHints":{"allow":["GET"]}}],"collection":[{"href":"https:\/\/ulpmat.com\/es\/wp-json\/wp\/v2\/product"}],"about":[{"href":"https:\/\/ulpmat.com\/es\/wp-json\/wp\/v2\/types\/product"}],"wp:featuredmedia":[{"embeddable":true,"href":"https:\/\/ulpmat.com\/es\/wp-json\/wp\/v2\/media\/18614"}],"wp:attachment":[{"href":"https:\/\/ulpmat.com\/es\/wp-json\/wp\/v2\/media?parent=25497"}],"wp:term":[{"taxonomy":"product_brand","embeddable":true,"href":"https:\/\/ulpmat.com\/es\/wp-json\/wp\/v2\/product_brand?post=25497"},{"taxonomy":"product_cat","embeddable":true,"href":"https:\/\/ulpmat.com\/es\/wp-json\/wp\/v2\/product_cat?post=25497"},{"taxonomy":"product_tag","embeddable":true,"href":"https:\/\/ulpmat.com\/es\/wp-json\/wp\/v2\/product_tag?post=25497"}],"curies":[{"name":"wp","href":"https:\/\/api.w.org\/{rel}","templated":true}]}}