{"id":25466,"date":"2025-10-16T13:56:10","date_gmt":"2025-10-16T05:56:10","guid":{"rendered":"https:\/\/ulpmat.com\/product\/oxido-de-tungsteno-3\/"},"modified":"2025-10-16T13:56:10","modified_gmt":"2025-10-16T05:56:10","slug":"oxido-de-tungsteno-3","status":"publish","type":"product","link":"https:\/\/ulpmat.com\/es\/producto\/oxido-de-tungsteno-3\/","title":{"rendered":"\u00d3xido de tungsteno"},"content":{"rendered":"<h2><span style=\"font-size: 14pt;\">Visi\u00f3n general de los gr\u00e1nulos de \u00f3xido de tungsteno<\/span><\/h2>\n<p><span style=\"color: #0000ff;\"><a style=\"color: #0000ff;\" href=\"https:\/\/ulpmat.com\/es\/buscar\/?type=name&#038;keyword=Tungsten+Oxide\">Los gr\u00e1nulos de \u00f3xido de tungsteno<\/a><\/span> son materiales inorg\u00e1nicos de alto rendimiento desarrollados para pel\u00edculas finas funcionales, sensores de gas y aplicaciones electrocr\u00f3micas. Poseen una gran pureza, una distribuci\u00f3n controlable del tama\u00f1o de las part\u00edculas, una excelente estabilidad qu\u00edmica y buenas propiedades fotoel\u00e9ctricas, y se utilizan ampliamente en diversos campos de vanguardia.<\/p>\n<p>Suministramos gr\u00e1nulos de \u00f3xido de tungsteno con diferentes rangos de tama\u00f1o de part\u00edcula, que pueden personalizarse seg\u00fan las necesidades del cliente. Al mismo tiempo, le ofrecemos un completo soporte t\u00e9cnico postventa<span style=\"color: #0000ff;\"><a style=\"color: #0000ff;\" href=\"https:\/\/ulpmat.com\/es\/servicio\/asistencia-tecnica\/\"> asistencia t\u00e9cnica<\/a><\/span>al mismo tiempo, le ofrecemos un completo servicio de asistencia t\u00e9cnica postventa para garantizar el mejor rendimiento del producto en su proceso.<\/p>\n<h2><span style=\"font-size: 14pt;\">Caracter\u00edsticas del producto<\/span><\/h2>\n<p>Pureza: 99,95%<br \/>\nGran superficie espec\u00edfica y alta reactividad<br \/>\n<span style=\"color: #0000ff;\"><a style=\"color: #0000ff;\" href=\"https:\/\/ulpmat.com\/es\/servicio\/personalizacion\/\">Personalizable<\/a><\/span> tama\u00f1o de part\u00edcula y especificaciones de envasado<br \/>\nAdecuado para sensores de gas, electrocr\u00f3mica, fotocat\u00e1lisis, pel\u00edculas inteligentes para ventanas, etc.<\/p>\n<h2><span style=\"font-size: 14pt;\">Aplicaciones de los gr\u00e1nulos de \u00f3xido de tungsteno <\/span><\/h2>\n<p>Sensores de gas: utilizados para fabricar sensores de gas de alta sensibilidad de NO\u2082, H\u2082S y NH\u2083.<br \/>\nMateriales electrocr\u00f3micos: Como materiales centrales del vidrio inteligente y de las pel\u00edculas que cambian de color, tienen una excelente respuesta al cambio de color.<br \/>\nFotocat\u00e1lisis: se utilizan en campos de protecci\u00f3n medioambiental como la fot\u00f3lisis del agua para producir hidr\u00f3geno y la purificaci\u00f3n del aire.<br \/>\nAlmacenamiento de energ\u00eda y materiales de electrodos: se utilizan como materiales de electrodos de alto rendimiento en bater\u00edas de iones de litio y supercondensadores.<br \/>\n<span style=\"color: #0000ff;\"><a style=\"color: #0000ff;\" href=\"https:\/\/ulpmat.com\/es\/solicitud\/materiales-opticos\/\">Revestimientos \u00f3pticos<\/a><\/span>s: utilizados en revestimientos de protecci\u00f3n contra infrarrojos y de control t\u00e9rmico.<\/p>\n<h2><span style=\"font-size: 14pt;\">Informes<\/span><\/h2>\n<p>Proporcionamos un<span style=\"color: #0000ff;\"><a style=\"color: #0000ff;\" href=\"https:\/\/ulpmat.com\/es\/servicio\/analisis-quimico\/\"> certificado de an\u00e1lisis (COA)<\/a><\/span>hoja de datos de seguridad del material (MSDS) e informes de pruebas relacionados con cada lote de productos. A petici\u00f3n del cliente, podemos facilitar informes de pruebas de terceros para garantizar la trazabilidad de la calidad del producto y un rendimiento fiable.<\/p>\n","protected":false},"excerpt":{"rendered":"<p>Visi\u00f3n general de los gr\u00e1nulos de \u00f3xido de tungsteno Los gr\u00e1nulos de \u00f3xido de tungsteno son materiales inorg\u00e1nicos de alto rendimiento desarrollados para pel\u00edculas finas funcionales, sensores de gas y aplicaciones electrocr\u00f3micas. Poseen una gran pureza, una distribuci\u00f3n controlable del tama\u00f1o de las part\u00edculas, una excelente estabilidad qu\u00edmica y buenas propiedades fotoel\u00e9ctricas, y se utilizan [&hellip;]<\/p>\n","protected":false},"featured_media":18475,"template":"","meta":{"_acf_changed":false},"product_brand":[132],"product_cat":[340,1151],"product_tag":[],"class_list":{"0":"post-25466","1":"product","2":"type-product","3":"status-publish","4":"has-post-thumbnail","6":"product_brand-ulpmat","7":"product_cat-materiales-de-evaporacion","8":"product_cat-polvo-esferico-para-impresion-3d","10":"first","11":"instock","12":"shipping-taxable","13":"product-type-variable"},"acf":[],"_links":{"self":[{"href":"https:\/\/ulpmat.com\/es\/wp-json\/wp\/v2\/product\/25466","targetHints":{"allow":["GET"]}}],"collection":[{"href":"https:\/\/ulpmat.com\/es\/wp-json\/wp\/v2\/product"}],"about":[{"href":"https:\/\/ulpmat.com\/es\/wp-json\/wp\/v2\/types\/product"}],"wp:featuredmedia":[{"embeddable":true,"href":"https:\/\/ulpmat.com\/es\/wp-json\/wp\/v2\/media\/18475"}],"wp:attachment":[{"href":"https:\/\/ulpmat.com\/es\/wp-json\/wp\/v2\/media?parent=25466"}],"wp:term":[{"taxonomy":"product_brand","embeddable":true,"href":"https:\/\/ulpmat.com\/es\/wp-json\/wp\/v2\/product_brand?post=25466"},{"taxonomy":"product_cat","embeddable":true,"href":"https:\/\/ulpmat.com\/es\/wp-json\/wp\/v2\/product_cat?post=25466"},{"taxonomy":"product_tag","embeddable":true,"href":"https:\/\/ulpmat.com\/es\/wp-json\/wp\/v2\/product_tag?post=25466"}],"curies":[{"name":"wp","href":"https:\/\/api.w.org\/{rel}","templated":true}]}}