{"id":25221,"date":"2025-10-16T13:56:17","date_gmt":"2025-10-16T05:56:17","guid":{"rendered":"https:\/\/ulpmat.com\/product\/teluro-de-wolframio-2\/"},"modified":"2025-10-16T13:56:17","modified_gmt":"2025-10-16T05:56:17","slug":"teluro-de-wolframio-2","status":"publish","type":"product","link":"https:\/\/ulpmat.com\/es\/producto\/teluro-de-wolframio-2\/","title":{"rendered":"Teluro de wolframio"},"content":{"rendered":"<h2><span style=\"font-size: 14pt;\">Polvo de telururo de wolframio Overview<\/span><\/h2>\n<p><span style=\"color: #0000ff;\"><a style=\"color: #0000ff;\" href=\"https:\/\/ulpmat.com\/es\/buscar\/?type=name&#038;keyword=Tungsten+Telluride\">Polvo de telururo de wolframio<\/a><\/span> es un telururo met\u00e1lico de transici\u00f3n estratificado \u00fanico. Con su excelente estructura electr\u00f3nica y propiedades topol\u00f3gicas, ha atra\u00eddo gran atenci\u00f3n en los campos de dispositivos electr\u00f3nicos de nueva generaci\u00f3n, investigaci\u00f3n de materiales cu\u00e1nticos y termoel\u00e9ctricos. El telururo de tungsteno en polvo que suministramos tiene una gran pureza, una distribuci\u00f3n uniforme del tama\u00f1o de las part\u00edculas y una buena cristalinidad, y puede utilizarse ampliamente en la investigaci\u00f3n y el desarrollo en laboratorio y en la producci\u00f3n industrial de prueba.<\/p>\n<p>Ofrecemos polvo de telururo de tungsteno en una gran variedad de tama\u00f1os de part\u00edcula y podemos personalizarlo seg\u00fan las necesidades del cliente. Cada lote de productos se somete a pruebas estrictas para garantizar que su estructura y rendimiento cumplen las normas de aplicaci\u00f3n de gama alta.<\/p>\n<h2><span style=\"font-size: 14pt;\">Productos destacados<\/span><\/h2>\n<p>Pureza: 99,9<br \/>\nElevada anisotrop\u00eda, que favorece la exfoliaci\u00f3n de materiales bidimensionales<br \/>\nEstados electr\u00f3nicos topol\u00f3gicos no triviales (propiedades de semimetal de Weyl)<br \/>\n<span style=\"color: #0000ff;\"><a style=\"color: #0000ff;\" href=\"https:\/\/ulpmat.com\/es\/servicio\/personalizacion\/\">Personalizable<\/a><\/span> m\u00e9todos de envasado y procesamiento para adaptarse a diferentes experimentos o procesos de producci\u00f3n<\/p>\n<h2><span style=\"font-size: 14pt;\">Aplicaciones del polvo de telururo de wolframio<\/span><\/h2>\n<p>Dispositivos electr\u00f3nicos de vanguardia: Las propiedades topol\u00f3gicas del semimetal lo hacen adecuado para nuevos transistores de efecto de campo (FET) y dispositivos electr\u00f3nicos de baja potencia.<br \/>\nInvestigaci\u00f3n de materiales cu\u00e1nticos: Muy utilizado en electr\u00f3nica de esp\u00edn, transporte cu\u00e1ntico e investigaci\u00f3n de materiales superconductores.<br \/>\nMateriales termoel\u00e9ctricos: Su excelente conductividad electr\u00f3nica y baja conductividad t\u00e9rmica lo convierten en un candidato para materiales de conversi\u00f3n termoel\u00e9ctrica de alto rendimiento.<br \/>\nDispositivos optoelectr\u00f3nicos: Anisotrop\u00eda \u00fanica y efectos \u00f3pticos no lineales en el campo de la fotorrespuesta.<\/p>\n<h2><span style=\"font-size: 14pt;\">Informes<\/span><\/h2>\n<p>Proporcionamos un <span style=\"color: #0000ff;\"><a style=\"color: #0000ff;\" href=\"https:\/\/ulpmat.com\/es\/servicio\/analisis-quimico\/\">Certificado de An\u00e1lisis (COA)<\/a><\/span>ficha de datos de seguridad del material (MSDS), espectro XRD, imagen SEM y an\u00e1lisis EDS (si es necesario) para cada lote de polvo WTe\u2082. Si es necesario, disponemos de servicios de pruebas de terceros para ayudar a los clientes a completar la verificaci\u00f3n del material.<\/p>\n","protected":false},"excerpt":{"rendered":"<p>Polvo de telururo de wolframio Overview Polvo de telururo de wolframio es un telururo met\u00e1lico de transici\u00f3n estratificado \u00fanico. Con su excelente estructura electr\u00f3nica y propiedades topol\u00f3gicas, ha atra\u00eddo gran atenci\u00f3n en los campos de dispositivos electr\u00f3nicos de nueva generaci\u00f3n, investigaci\u00f3n de materiales cu\u00e1nticos y termoel\u00e9ctricos. El telururo de tungsteno en polvo que suministramos tiene [&hellip;]<\/p>\n","protected":false},"featured_media":18076,"template":"","meta":{"_acf_changed":false},"product_brand":[132],"product_cat":[678,1102],"product_tag":[],"class_list":{"0":"post-25221","1":"product","2":"type-product","3":"status-publish","4":"has-post-thumbnail","6":"product_brand-ulpmat","7":"product_cat-materiales-calcogenuros","8":"product_cat-materiales-calcogenuros-es","10":"first","11":"instock","12":"shipping-taxable","13":"product-type-variable"},"acf":[],"_links":{"self":[{"href":"https:\/\/ulpmat.com\/es\/wp-json\/wp\/v2\/product\/25221","targetHints":{"allow":["GET"]}}],"collection":[{"href":"https:\/\/ulpmat.com\/es\/wp-json\/wp\/v2\/product"}],"about":[{"href":"https:\/\/ulpmat.com\/es\/wp-json\/wp\/v2\/types\/product"}],"wp:featuredmedia":[{"embeddable":true,"href":"https:\/\/ulpmat.com\/es\/wp-json\/wp\/v2\/media\/18076"}],"wp:attachment":[{"href":"https:\/\/ulpmat.com\/es\/wp-json\/wp\/v2\/media?parent=25221"}],"wp:term":[{"taxonomy":"product_brand","embeddable":true,"href":"https:\/\/ulpmat.com\/es\/wp-json\/wp\/v2\/product_brand?post=25221"},{"taxonomy":"product_cat","embeddable":true,"href":"https:\/\/ulpmat.com\/es\/wp-json\/wp\/v2\/product_cat?post=25221"},{"taxonomy":"product_tag","embeddable":true,"href":"https:\/\/ulpmat.com\/es\/wp-json\/wp\/v2\/product_tag?post=25221"}],"curies":[{"name":"wp","href":"https:\/\/api.w.org\/{rel}","templated":true}]}}