{"id":24569,"date":"2025-11-10T14:59:23","date_gmt":"2025-11-10T06:59:23","guid":{"rendered":"https:\/\/ulpmat.com\/product\/fluoruro-de-indio-2\/"},"modified":"2025-11-10T14:59:23","modified_gmt":"2025-11-10T06:59:23","slug":"fluoruro-de-indio-2","status":"publish","type":"product","link":"https:\/\/ulpmat.com\/es\/producto\/fluoruro-de-indio-2\/","title":{"rendered":"Fluoruro de indio"},"content":{"rendered":"<h2><span style=\"font-size: 14pt;\">Fluoruro de indio en polvo Descripci\u00f3n general<\/span><\/h2>\n<p><span style=\"color: #0000ff;\"><a style=\"color: #0000ff;\" href=\"https:\/\/ulpmat.com\/es\/buscar\/?type=name&#038;keyword=Indium+Fluoride\">Fluoruro de indio<\/a><\/span> (InF\u2083) en polvo es un compuesto qu\u00edmico de gran pureza ampliamente utilizado en aplicaciones de semiconductores, optoelectr\u00f3nica y como agente fundente. Con un alto nivel de pureza (99,995%), nuestro polvo de InF\u2083 es perfecto para industrias que requieren precisi\u00f3n y fiabilidad en sus materiales.<\/p>\n<p>Ofrecemos polvo de InF3 de alta calidad ,<span style=\"color: #0000ff;\"><a style=\"color: #0000ff;\" href=\"https:\/\/ulpmat.com\/es\/contactanos\/\">P\u00f3ngase en contacto con nosotros<\/a><\/span> ahora para obtener un presupuesto especial.<\/p>\n<h2><span style=\"font-size: 14pt;\">Productos destacados de polvo de fluoruro de indio<\/span><\/h2>\n<p>Pureza superior: 99,995% de pureza para uso industrial avanzado.<br \/>\nTama\u00f1o de part\u00edculas personalizable: Adaptado para satisfacer las necesidades espec\u00edficas de su aplicaci\u00f3n.<br \/>\nAlto rendimiento: Excelente rendimiento en aplicaciones sensibles como semiconductores y electr\u00f3nica.<br \/>\nEstable y seguro: Qu\u00edmicamente estable y seguro de manipular con las precauciones adecuadas.<\/p>\n<h2><span style=\"font-size: 14pt;\">Aplicaciones del polvo de fluoruro de indio<\/span><\/h2>\n<p><span style=\"color: #0000ff;\"><a style=\"color: #0000ff;\" href=\"https:\/\/ulpmat.com\/es\/solicitud\/materiales-semiconductores\/\">Semiconductores:<\/a><\/span> Se utiliza en la deposici\u00f3n de pel\u00edculas finas para dispositivos semiconductores, garantizando un alto rendimiento y fiabilidad en los componentes electr\u00f3nicos.<br \/>\n<span style=\"color: #0000ff;\"><a style=\"color: #0000ff;\" href=\"https:\/\/ulpmat.com\/es\/solicitud\/materiales-opticos\/\">Optoelectr\u00f3nica:<\/a><\/span> Mejora las propiedades \u00f3pticas, por lo que es ideal para la producci\u00f3n de LED, c\u00e9lulas solares y tecnolog\u00edas de visualizaci\u00f3n.<br \/>\nAgente fundente: Sirve como eficaz agente fundente en soldadura blanda, fuerte y blanda, mejorando la resistencia de las uniones y reduciendo la oxidaci\u00f3n.<br \/>\nRecubrimientos t\u00e9rmicos: Se utiliza en revestimientos de alto rendimiento que requieren una excelente estabilidad t\u00e9rmica y resistencia a condiciones extremas.<br \/>\nTecnolog\u00eda l\u00e1ser: Empleado en aplicaciones l\u00e1ser debido a su capacidad de afectar al \u00edndice de refracci\u00f3n de los materiales para un control preciso del haz l\u00e1ser.<\/p>\n<h2><span style=\"font-size: 14pt;\">\u00bfPor qu\u00e9 elegirnos?<\/span><\/h2>\n<p>Experiencia en el sector: Gracias a nuestros a\u00f1os de experiencia, comprendemos las necesidades espec\u00edficas de nuestros clientes y suministramos materiales que cumplen las normas m\u00e1s exigentes.<br \/>\nSoluciones a medida: Proporcionamos soluciones personalizadas que se adaptan a los requisitos espec\u00edficos de su proyecto, garantizando resultados \u00f3ptimos.<br \/>\nEntrega r\u00e1pida: Garantizamos una entrega r\u00e1pida y fiable para cumplir los plazos de su proyecto.<br \/>\nAsistencia completa: Desde consultas t\u00e9cnicas hasta asistencia posventa, nuestro equipo est\u00e1 a su disposici\u00f3n para ayudarle en todo momento.<\/p>\n<h2><span style=\"color: #0000ff;\"><a style=\"color: #0000ff;\" href=\"https:\/\/ulpmat.com\/es\/empresa\/preguntas-frecuentes\/\"><span style=\"font-size: 14pt;\">Preguntas frecuentes<\/span><\/a><\/span><\/h2>\n<p>F1.\u00bfCu\u00e1l es la pureza de su polvo de fluoruro de indio?<br \/>\nA1.Nuestro polvo de fluoruro de indio (InF\u2083) tiene una pureza del 99,99%, ideal para aplicaciones de alto rendimiento en electr\u00f3nica y semiconductores.<\/p>\n<p>F2.\u00bfPuedo personalizar el tama\u00f1o de las part\u00edculas del polvo de InF\u2083?<br \/>\nA2.S\u00ed, ofrecemos la posibilidad de personalizar el tama\u00f1o de las part\u00edculas para adaptarlo a aplicaciones espec\u00edficas.<\/p>\n<p>F3.\u00bfC\u00f3mo debe almacenarse el polvo de InF\u2083?<br \/>\nA3.Almac\u00e9nelo en un lugar fresco y seco, alejado de la humedad y de la luz solar directa para mantener su estabilidad.<\/p>\n<p>F4.\u00bfQu\u00e9 industrias utilizan polvo de fluoruro de indio?<br \/>\nA4.Se utiliza ampliamente en semiconductores, optoelectr\u00f3nica, agentes fundentes para soldadura, etc.<\/p>\n<h2><span style=\"font-size: 14pt;\">Informes<\/span><\/h2>\n<p>Cada lote de productos se suministra con un <span style=\"color: #0000ff;\"><a style=\"color: #0000ff;\" href=\"https:\/\/ulpmat.com\/es\/documentos\/certificado-de-analisis\/\">Certificado de An\u00e1lisis (COA)<\/a><\/span>, <span style=\"color: #0000ff;\"><a style=\"color: #0000ff;\" href=\"https:\/\/ulpmat.com\/es\/documentos\/ficha-tecnica\/\">Hoja de datos t\u00e9cnicos (TDS),<\/a> <a style=\"color: #0000ff;\" href=\"https:\/\/ulpmat.com\/es\/documentos\/ficha-de-datos-de-seguridad\/\">Hoja de datos de seguridad del material (MSDS),<\/a><\/span> e informe de identificaci\u00f3n del env\u00edo. Los informes de pruebas de terceros tambi\u00e9n est\u00e1n disponibles previa solicitud.<\/p>\n","protected":false},"excerpt":{"rendered":"<p>Fluoruro de indio en polvo Descripci\u00f3n general Fluoruro de indio (InF\u2083) en polvo es un compuesto qu\u00edmico de gran pureza ampliamente utilizado en aplicaciones de semiconductores, optoelectr\u00f3nica y como agente fundente. Con un alto nivel de pureza (99,995%), nuestro polvo de InF\u2083 es perfecto para industrias que requieren precisi\u00f3n y fiabilidad en sus materiales. Ofrecemos [&hellip;]<\/p>\n","protected":false},"featured_media":24570,"template":"","meta":{"_acf_changed":false},"product_brand":[132],"product_cat":[330],"product_tag":[2016],"class_list":{"0":"post-24569","1":"product","2":"type-product","3":"status-publish","4":"has-post-thumbnail","6":"product_brand-ulpmat","7":"product_cat-materiales-halogenados","8":"product_tag-fluoruro-de-indio-en-polvo","10":"first","11":"instock","12":"shipping-taxable","13":"product-type-variable"},"acf":[],"_links":{"self":[{"href":"https:\/\/ulpmat.com\/es\/wp-json\/wp\/v2\/product\/24569","targetHints":{"allow":["GET"]}}],"collection":[{"href":"https:\/\/ulpmat.com\/es\/wp-json\/wp\/v2\/product"}],"about":[{"href":"https:\/\/ulpmat.com\/es\/wp-json\/wp\/v2\/types\/product"}],"wp:featuredmedia":[{"embeddable":true,"href":"https:\/\/ulpmat.com\/es\/wp-json\/wp\/v2\/media\/24570"}],"wp:attachment":[{"href":"https:\/\/ulpmat.com\/es\/wp-json\/wp\/v2\/media?parent=24569"}],"wp:term":[{"taxonomy":"product_brand","embeddable":true,"href":"https:\/\/ulpmat.com\/es\/wp-json\/wp\/v2\/product_brand?post=24569"},{"taxonomy":"product_cat","embeddable":true,"href":"https:\/\/ulpmat.com\/es\/wp-json\/wp\/v2\/product_cat?post=24569"},{"taxonomy":"product_tag","embeddable":true,"href":"https:\/\/ulpmat.com\/es\/wp-json\/wp\/v2\/product_tag?post=24569"}],"curies":[{"name":"wp","href":"https:\/\/api.w.org\/{rel}","templated":true}]}}