{"id":24533,"date":"2025-11-10T14:59:24","date_gmt":"2025-11-10T06:59:24","guid":{"rendered":"https:\/\/ulpmat.com\/product\/yoduro-de-indio\/"},"modified":"2025-11-10T14:59:24","modified_gmt":"2025-11-10T06:59:24","slug":"yoduro-de-indio","status":"publish","type":"product","link":"https:\/\/ulpmat.com\/es\/producto\/yoduro-de-indio\/","title":{"rendered":"Yoduro de indio"},"content":{"rendered":"<h2><span style=\"font-size: 14pt;\">Yoduro de indio en polvo<\/span><\/h2>\n<p><span style=\"color: #0000ff;\"><a style=\"color: #0000ff;\" href=\"https:\/\/ulpmat.com\/es\/buscar\/?type=name&#038;keyword=Indium+Iodide\">El yoduro de indio<\/a> <\/span>(InI) en polvo es un compuesto inorg\u00e1nico de gran pureza ampliamente utilizado en electr\u00f3nica, optoelectr\u00f3nica, semiconductores y ciencia de materiales. Como importante haluro de metales raros, el polvo de InI se utiliza ampliamente en c\u00e1todos para sputtering, crecimiento de pel\u00edculas finas y fabricaci\u00f3n de dispositivos semiconductores. Debido a su excelente estabilidad qu\u00edmica y alta solubilidad, el polvo de InI desempe\u00f1a un papel vital en los dispositivos optoelectr\u00f3nicos y la optoelectr\u00f3nica de alta eficiencia.<\/p>\n<h2><span style=\"font-size: 14pt;\">Productos destacados del yoduro de indio en polvo<\/span><\/h2>\n<p>Garant\u00eda de alta pureza: Utilizando materias primas con una pureza del 99,999%, garantizamos una excelente estabilidad y propiedades el\u00e9ctricas.<br \/>\nAlta solubilidad: El polvo de yoduro de indio tiene buena solubilidad en agua y alcohol, por lo que es adecuado para varios procesos de preparaci\u00f3n y deposici\u00f3n de soluciones.<br \/>\nAmplias aplicaciones: El polvo de InI no s\u00f3lo es adecuado para dispositivos optoelectr\u00f3nicos de alta tecnolog\u00eda, sino que tambi\u00e9n tiene aplicaciones en diversos campos, incluidos los semiconductores y la deposici\u00f3n de pel\u00edculas delgadas.<br \/>\n<span style=\"color: #0000ff;\"><a style=\"color: #0000ff;\" href=\"https:\/\/ulpmat.com\/es\/servicio\/personalizacion\/\">Personalizaci\u00f3n:<\/a><\/span> Existen opciones personalizadas con distintos tama\u00f1os de part\u00edcula, pureza y m\u00e9todos de sputtering para satisfacer diversos requisitos t\u00e9cnicos.<\/p>\n<h2><span style=\"font-size: 14pt;\">Aplicaciones del yoduro de indio en polvo<\/span><\/h2>\n<p><span style=\"color: #0000ff;\"><a style=\"color: #0000ff;\" href=\"https:\/\/ulpmat.com\/es\/solicitud\/materiales-semiconductores\/\">Semiconductores<\/a> <\/span>Semiconductores: El polvo de yoduro de indio se utiliza en la fabricaci\u00f3n de materiales y dispositivos semiconductores, especialmente en c\u00e1todos para sputtering para la deposici\u00f3n de pel\u00edculas finas y la producci\u00f3n de dispositivos optoelectr\u00f3nicos.<\/p>\n<p><span style=\"color: #0000ff;\"><a style=\"color: #0000ff;\" href=\"https:\/\/ulpmat.com\/es\/solicitud\/materiales-opticos\/\">Dispositivos optoelectr\u00f3nicos<\/a> <\/span>Optoelectr\u00f3nicos: En optoelectr\u00f3nica, el polvo de yoduro de indio puede utilizarse para fabricar fotodetectores de alto rendimiento, LED, diodos l\u00e1ser, etc.<\/p>\n<p>Crecimiento de pel\u00edculas finas: El polvo de yoduro de indio desempe\u00f1a un papel importante en aplicaciones de crecimiento de pel\u00edculas finas, como en componentes optoelectr\u00f3nicos, c\u00e9lulas solares y otros materiales de alta tecnolog\u00eda.<\/p>\n<p>C\u00e1todos para sputtering: Los c\u00e1todos de yoduro de indio se utilizan en los revestimientos para sputtering de productos electr\u00f3nicos, especialmente en la producci\u00f3n de dispositivos microelectr\u00f3nicos, y permiten la deposici\u00f3n de pel\u00edculas finas de alta calidad.<\/p>\n<h2><span style=\"font-size: 14pt;\">\u00bfPor qu\u00e9 elegirnos?<\/span><\/h2>\n<p>Garant\u00eda de alta pureza: Ofrecemos polvo de yoduro de indio (InI) con una pureza del 99,999%, lo que garantiza un rendimiento estable en aplicaciones de alta gama.<br \/>\nOpciones de personalizaci\u00f3n: Ofrecemos opciones personalizadas como tama\u00f1o de part\u00edcula, pureza y m\u00e9todo de sputtering para satisfacer las necesidades de diversos escenarios de aplicaci\u00f3n.<br \/>\nEntrega eficaz: Garantizamos la entrega a tiempo y apoyamos los pedidos urgentes para asegurar que los clientes puedan satisfacer sus necesidades de producci\u00f3n con prontitud.<br \/>\nAsistencia t\u00e9cnica profesional: Nuestro equipo t\u00e9cnico proporciona un soporte t\u00e9cnico completo para ayudarle a resolver cualquier problema durante la aplicaci\u00f3n del producto.<\/p>\n<h2><span style=\"font-size: 14pt;\">Informes<\/span><\/h2>\n<p>Cada lote de productos se suministra con un<span style=\"color: #0000ff;\"><a style=\"color: #0000ff;\" href=\"https:\/\/ulpmat.com\/es\/documentos\/certificado-de-analisis\/\"> Certificado de An\u00e1lisis (COA),<\/a><\/span> <span style=\"color: #0000ff;\"><a style=\"color: #0000ff;\" href=\"https:\/\/ulpmat.com\/es\/documentos\/ficha-tecnica\/\">Ficha t\u00e9cnica (TDS)<\/a><\/span>, <span style=\"color: #0000ff;\"><a style=\"color: #0000ff;\" href=\"https:\/\/ulpmat.com\/es\/documentos\/ficha-de-datos-de-seguridad\/\">Ficha de datos de seguridad (MSDS<\/a><\/span>) y el informe de identificaci\u00f3n del env\u00edo. Los informes de pruebas de terceros tambi\u00e9n est\u00e1n disponibles previa solicitud.<\/p>\n","protected":false},"excerpt":{"rendered":"<p>Yoduro de indio en polvo El yoduro de indio (InI) en polvo es un compuesto inorg\u00e1nico de gran pureza ampliamente utilizado en electr\u00f3nica, optoelectr\u00f3nica, semiconductores y ciencia de materiales. Como importante haluro de metales raros, el polvo de InI se utiliza ampliamente en c\u00e1todos para sputtering, crecimiento de pel\u00edculas finas y fabricaci\u00f3n de dispositivos semiconductores. [&hellip;]<\/p>\n","protected":false},"featured_media":24534,"template":"","meta":{"_acf_changed":false},"product_brand":[132],"product_cat":[330],"product_tag":[2010],"class_list":{"0":"post-24533","1":"product","2":"type-product","3":"status-publish","4":"has-post-thumbnail","6":"product_brand-ulpmat","7":"product_cat-materiales-halogenados","8":"product_tag-yoduro-de-indio-polvo","10":"first","11":"instock","12":"shipping-taxable","13":"product-type-variable"},"acf":[],"_links":{"self":[{"href":"https:\/\/ulpmat.com\/es\/wp-json\/wp\/v2\/product\/24533","targetHints":{"allow":["GET"]}}],"collection":[{"href":"https:\/\/ulpmat.com\/es\/wp-json\/wp\/v2\/product"}],"about":[{"href":"https:\/\/ulpmat.com\/es\/wp-json\/wp\/v2\/types\/product"}],"wp:featuredmedia":[{"embeddable":true,"href":"https:\/\/ulpmat.com\/es\/wp-json\/wp\/v2\/media\/24534"}],"wp:attachment":[{"href":"https:\/\/ulpmat.com\/es\/wp-json\/wp\/v2\/media?parent=24533"}],"wp:term":[{"taxonomy":"product_brand","embeddable":true,"href":"https:\/\/ulpmat.com\/es\/wp-json\/wp\/v2\/product_brand?post=24533"},{"taxonomy":"product_cat","embeddable":true,"href":"https:\/\/ulpmat.com\/es\/wp-json\/wp\/v2\/product_cat?post=24533"},{"taxonomy":"product_tag","embeddable":true,"href":"https:\/\/ulpmat.com\/es\/wp-json\/wp\/v2\/product_tag?post=24533"}],"curies":[{"name":"wp","href":"https:\/\/api.w.org\/{rel}","templated":true}]}}