{"id":24497,"date":"2025-11-10T14:59:24","date_gmt":"2025-11-10T06:59:24","guid":{"rendered":"https:\/\/ulpmat.com\/product\/fosfuro-de-indio-4\/"},"modified":"2025-11-10T14:59:24","modified_gmt":"2025-11-10T06:59:24","slug":"fosfuro-de-indio-4","status":"publish","type":"product","link":"https:\/\/ulpmat.com\/es\/producto\/fosfuro-de-indio-4\/","title":{"rendered":"Fosfuro de indio"},"content":{"rendered":"<h2><span style=\"font-size: 14pt;\">Visi\u00f3n general de los gr\u00e1nulos de fosfuro de indio<\/span><\/h2>\n<p><span style=\"color: #0000ff;\"><a style=\"color: #0000ff;\" href=\"https:\/\/ulpmat.com\/es\/buscar\/?type=name&#038;keyword=Indium+Phosphide\">Los gr\u00e1nulos de fosfuro de indio<\/a><\/span> (InP) son un material semiconductor de gran pureza ampliamente utilizado en dispositivos optoelectr\u00f3nicos, comunicaciones por fibra \u00f3ptica, dispositivos semiconductores de alta frecuencia y otros campos. Las part\u00edculas de InP presentan una excelente movilidad de electrones y caracter\u00edsticas de bajo ruido, lo que las hace especialmente adecuadas para aplicaciones electr\u00f3nicas y optoelectr\u00f3nicas de alta velocidad y alta frecuencia. Como material clave para la inform\u00e1tica cu\u00e1ntica y la tecnolog\u00eda de infrarrojos, los gr\u00e1nulos de InP desempe\u00f1an un papel importante en la investigaci\u00f3n cient\u00edfica y los equipos de alta tecnolog\u00eda.<\/p>\n<p>Ofrecemos gr\u00e1nulos de InP con una pureza del 99,999% y tama\u00f1os de part\u00edcula personalizables. Disponemos de un amplio inventario y un completo <span style=\"color: #0000ff;\"><a style=\"color: #0000ff;\" href=\"https:\/\/ulpmat.com\/es\/contactanos\/\">servicio postventa<\/a><\/span> postventa. <span style=\"color: #0000ff;\"><a style=\"color: #0000ff;\" href=\"https:\/\/ulpmat.com\/es\/contactanos\/\">P\u00f3ngase en contacto<\/a><\/span> hoy mismo.<\/p>\n<h2><span style=\"font-size: 14pt;\">Productos destacados de los gr\u00e1nulos de fosfuro de indio<\/span><\/h2>\n<p>Alta movilidad de electrones: Los gr\u00e1nulos de InP presentan una movilidad de electrones excepcionalmente alta, lo que los hace adecuados para dispositivos electr\u00f3nicos de alta velocidad y aplicaciones de bajo ruido.<\/p>\n<p>Garant\u00eda de alta pureza: Al utilizar materias primas con una pureza del 99,999%, garantizamos la estabilidad del producto y un excelente rendimiento el\u00e9ctrico.<\/p>\n<p>Opciones de personalizaci\u00f3n: Ofrecemos opciones personalizadas con distintos tama\u00f1os de part\u00edculas, purezas y tipos de dopaje para satisfacer diversos requisitos t\u00e9cnicos. Amplias aplicaciones: Las part\u00edculas InP se utilizan ampliamente en campos de vanguardia como la computaci\u00f3n cu\u00e1ntica, la tecnolog\u00eda de infrarrojos y las comunicaciones por fibra \u00f3ptica.<\/p>\n<h2><span style=\"font-size: 14pt;\">Aplicaciones <\/span><span style=\"font-size: 14pt;\">de los gr\u00e1nulos de fosfuro de indio<\/span><\/h2>\n<p>Comunicaciones por fibra \u00f3ptica: Los gr\u00e1nulos de InP se utilizan ampliamente en la fabricaci\u00f3n de fotodetectores, l\u00e1seres y moduladores eficientes, con una aplicaci\u00f3n clave en los sistemas de comunicaci\u00f3n por fibra \u00f3ptica de alta velocidad.<br \/>\nDispositivos semiconductores: Se utilizan para fabricar dispositivos semiconductores de alta velocidad y alta frecuencia, como transistores de efecto de campo (FET) y fotodiodos.<br \/>\nInform\u00e1tica cu\u00e1ntica: Como uno de los materiales clave para la inform\u00e1tica cu\u00e1ntica y las comunicaciones cu\u00e1nticas, los gr\u00e1nulos de InP tienen importantes aplicaciones en los dispositivos cu\u00e1nticos de pr\u00f3xima generaci\u00f3n.<br \/>\nDetectores de infrarrojos: Los gr\u00e1nulos de InP desempe\u00f1an un papel importante en la generaci\u00f3n de im\u00e1genes infrarrojas, lidar, equipos de visi\u00f3n nocturna y sensores de alta precisi\u00f3n.<br \/>\n<a href=\"https:\/\/ulpmat.com\/es\/solicitud\/materiales-opticos\/\"><span style=\"color: #0000ff;\">Dispositivos optoelectr\u00f3nicos<\/span><\/a> optoelectr\u00f3nicos: Los gr\u00e1nulos de InP desempe\u00f1an un papel fundamental en la fabricaci\u00f3n de dispositivos optoelectr\u00f3nicos como detectores de infrarrojos, LED y diodos l\u00e1ser.<\/p>\n<h2><span style=\"font-size: 14pt;\">\u00bfPor qu\u00e9 elegirnos?<\/span><\/h2>\n<p><span style=\"color: #0000ff;\"><a style=\"color: #0000ff;\" href=\"https:\/\/ulpmat.com\/es\/servicio\/personalizacion\/\">Personalizaci\u00f3n:<\/a> <\/span>Ofrecemos opciones personalizadas con distintos tama\u00f1os, purezas y tipos de dopaje para satisfacer los diversos requisitos de las aplicaciones.<br \/>\nEntrega r\u00e1pida: Garantizamos entregas puntuales y atendemos pedidos urgentes, para que nuestros clientes puedan satisfacer sus necesidades de producci\u00f3n con prontitud.<br \/>\nAsistencia t\u00e9cnica profesional: Nuestro equipo t\u00e9cnico ofrece asesoramiento t\u00e9cnico completo y asistencia posventa para ayudarle a resolver cualquier problema durante la aplicaci\u00f3n del producto.<\/p>\n<h2><span style=\"font-size: 14pt;\">Informes<\/span><\/h2>\n<p>Cada lote de productos se suministra con un <span style=\"color: #0000ff;\"><a style=\"color: #0000ff;\" href=\"https:\/\/ulpmat.com\/es\/documentos\/certificado-de-analisis\/\">Certificado de an\u00e1lisis (COA),<\/a><a style=\"color: #0000ff;\" href=\"https:\/\/ulpmat.com\/es\/documentos\/ficha-tecnica\/\"> Ficha t\u00e9cnica (TDS)<\/a><\/span>,<span style=\"color: #0000ff;\"><a style=\"color: #0000ff;\" href=\"https:\/\/ulpmat.com\/es\/documentos\/ficha-de-datos-de-seguridad\/\"> Ficha de datos de seguridad del material (MSDS)<\/a><\/span> e informe de identificaci\u00f3n del env\u00edo. Los informes de pruebas de terceros tambi\u00e9n est\u00e1n disponibles previa solicitud.<\/p>\n","protected":false},"excerpt":{"rendered":"<p>Visi\u00f3n general de los gr\u00e1nulos de fosfuro de indio Los gr\u00e1nulos de fosfuro de indio (InP) son un material semiconductor de gran pureza ampliamente utilizado en dispositivos optoelectr\u00f3nicos, comunicaciones por fibra \u00f3ptica, dispositivos semiconductores de alta frecuencia y otros campos. Las part\u00edculas de InP presentan una excelente movilidad de electrones y caracter\u00edsticas de bajo ruido, [&hellip;]<\/p>\n","protected":false},"featured_media":24498,"template":"","meta":{"_acf_changed":false},"product_brand":[132],"product_cat":[340],"product_tag":[1998],"class_list":{"0":"post-24497","1":"product","2":"type-product","3":"status-publish","4":"has-post-thumbnail","6":"product_brand-ulpmat","7":"product_cat-materiales-de-evaporacion","8":"product_tag-fosfuro-de-indio-en-granulos","10":"first","11":"instock","12":"shipping-taxable","13":"product-type-variable"},"acf":[],"_links":{"self":[{"href":"https:\/\/ulpmat.com\/es\/wp-json\/wp\/v2\/product\/24497","targetHints":{"allow":["GET"]}}],"collection":[{"href":"https:\/\/ulpmat.com\/es\/wp-json\/wp\/v2\/product"}],"about":[{"href":"https:\/\/ulpmat.com\/es\/wp-json\/wp\/v2\/types\/product"}],"wp:featuredmedia":[{"embeddable":true,"href":"https:\/\/ulpmat.com\/es\/wp-json\/wp\/v2\/media\/24498"}],"wp:attachment":[{"href":"https:\/\/ulpmat.com\/es\/wp-json\/wp\/v2\/media?parent=24497"}],"wp:term":[{"taxonomy":"product_brand","embeddable":true,"href":"https:\/\/ulpmat.com\/es\/wp-json\/wp\/v2\/product_brand?post=24497"},{"taxonomy":"product_cat","embeddable":true,"href":"https:\/\/ulpmat.com\/es\/wp-json\/wp\/v2\/product_cat?post=24497"},{"taxonomy":"product_tag","embeddable":true,"href":"https:\/\/ulpmat.com\/es\/wp-json\/wp\/v2\/product_tag?post=24497"}],"curies":[{"name":"wp","href":"https:\/\/api.w.org\/{rel}","templated":true}]}}