{"id":24335,"date":"2025-11-17T09:36:53","date_gmt":"2025-11-17T01:36:53","guid":{"rendered":"https:\/\/ulpmat.com\/product\/arseniuro-de-cadmio\/"},"modified":"2025-11-17T09:36:53","modified_gmt":"2025-11-17T01:36:53","slug":"arseniuro-de-cadmio","status":"publish","type":"product","link":"https:\/\/ulpmat.com\/es\/producto\/arseniuro-de-cadmio\/","title":{"rendered":"Arseniuro de cadmio"},"content":{"rendered":"<h2><span style=\"font-size: 14pt;\">Visi\u00f3n general de los gr\u00e1nulos de arseniuro de cadmio<\/span><\/h2>\n<p><span style=\"color: #0000ff;\"><a style=\"color: #0000ff;\" href=\"https:\/\/ulpmat.com\/es\/buscar\/?type=name&#038;keyword=Cadmium+Arsenide\">Los gr\u00e1nulos de arseniuro de cadmio<\/a><\/span> son materiales semiconductores con alta movilidad de electrones y propiedades topol\u00f3gicas \u00fanicas, ampliamente utilizados en detectores de infrarrojos, dispositivos optoelectr\u00f3nicos, electr\u00f3nica de alta velocidad e investigaci\u00f3n cient\u00edfica. Sus excelentes propiedades optoelectr\u00f3nicas y su estabilidad los convierten en un material fundamental para la investigaci\u00f3n de nuevos materiales optoelectr\u00f3nicos y semiconductores avanzados.<\/p>\n<p>Podemos suministrar part\u00edculas de Cd3As2 de gran pureza, con tama\u00f1os de part\u00edcula personalizados, producci\u00f3n en masa y entrega r\u00e1pida. Tambi\u00e9n ofrecemos asistencia t\u00e9cnica<span style=\"color: #0000ff;\"><a style=\"color: #0000ff;\" href=\"https:\/\/ulpmat.com\/es\/servicio\/asistencia-tecnica\/\"> asistencia t\u00e9cnica<\/a> <\/span>para instituciones de investigaci\u00f3n y empresas. No dude en <span style=\"color: #0000ff;\"><a style=\"color: #0000ff;\" href=\"https:\/\/ulpmat.com\/es\/contactanos\/\">ponerse en contacto con nosotros<\/a><\/span> para consultas o <span style=\"color: #0000ff;\"><a style=\"color: #0000ff;\" href=\"https:\/\/ulpmat.com\/es\/servicio\/asistencia-tecnica\/\">informaci\u00f3n t\u00e9cnica en<\/a><\/span> t\u00e9cnica.<\/p>\n<h2><span style=\"font-size: 14pt;\">Productos destacados<\/span><\/h2>\n<p>Alta pureza, bajo contenido de impurezas<br \/>\n<span style=\"color: #0000ff;\"><a style=\"color: #0000ff;\" href=\"https:\/\/ulpmat.com\/es\/servicio\/personalizacion\/\">Personalizable<\/a><\/span> tama\u00f1o de part\u00edcula, tama\u00f1o de part\u00edcula uniforme<br \/>\nExcelentes propiedades optoelectr\u00f3nicas<br \/>\nEnvases personalizables, envases peque\u00f1os disponibles, cantidad m\u00ednima de pedido baja<br \/>\nAdecuado para diversos procesos de preparaci\u00f3n de materiales<br \/>\nAdecuado tanto para necesidades de investigaci\u00f3n como de industrializaci\u00f3n<br \/>\nSuministro estable, admite env\u00edos a granel<\/p>\n<h2><span style=\"font-size: 14pt;\">Aplicaciones de los gr\u00e1nulos de arseniuro de cadmio<\/span><\/h2>\n<p>Utilizados en la preparaci\u00f3n de componentes funcionales optoelectr\u00f3nicos, como detectores de infrarrojos.<br \/>\nAplicado a materiales topol\u00f3gicos, dispositivos electr\u00f3nicos de alta velocidad y experimentos de investigaci\u00f3n cient\u00edfica.<br \/>\nUtilizados en evaporaci\u00f3n, sinterizaci\u00f3n, preparaci\u00f3n de blancos y desarrollo de pel\u00edculas finas de alto rendimiento.<\/p>\n<h2><span style=\"font-size: 14pt;\">Preguntas frecuentes<\/span><\/h2>\n<p>P1: \u00bfC\u00f3mo se envasan sus gr\u00e1nulos de Cd3As2?<br \/>\nR1: Utilizamos encapsulado de gas inerte, sellado de bolsa de doble capa y reforzado con cajas a prueba de golpes para garantizar la estabilidad y seguridad del producto durante el transporte mundial.<\/p>\n<p>P2: \u00bfEs seguro el env\u00edo internacional? \u00bfPueden facilitar la documentaci\u00f3n pertinente?<br \/>\nA2: Proporcionamos embalajes y documentaci\u00f3n que cumplen la normativa de env\u00edos internacionales. Podemos enviar su producto a trav\u00e9s de DHL, FedEx, etc., e incluir una MSDS y la informaci\u00f3n qu\u00edmica necesaria para el env\u00edo.<\/p>\n<p>P3: \u00bfSe puede personalizar la pureza del producto y el tama\u00f1o de las part\u00edculas?<br \/>\nR3: S\u00ed, ofrecemos una opci\u00f3n de pureza del 99,999% y admitimos distintos tama\u00f1os de part\u00edcula.<\/p>\n<p>P4: \u00bfC\u00f3mo debe almacenarse el producto para mantener su rendimiento?<br \/>\nR4: El Cd3As2 debe almacenarse en un entorno fresco, seco y protegido de la luz, y mantenerse sellado para evitar la oxidaci\u00f3n. Para el almacenamiento a largo plazo, puede almacenarse en una atm\u00f3sfera de gas inerte.<\/p>\n<h2><span style=\"font-size: 14pt;\">Informes<\/span><\/h2>\n<p>Cada lote se suministra con:<br \/>\n<span style=\"color: #0000ff;\"><a style=\"color: #0000ff;\" href=\"https:\/\/ulpmat.com\/es\/servicio\/analisis-quimico\/\">Certificado de an\u00e1lisis (COA)<\/a><\/span><br \/>\n<span style=\"color: #0000ff;\"><a style=\"color: #0000ff;\" href=\"https:\/\/ulpmat.com\/es\/documentos\/ficha-tecnica\/\">Ficha t\u00e9cnica (TDS)<\/a><\/span><br \/>\n<span style=\"color: #0000ff;\"><a style=\"color: #0000ff;\" href=\"https:\/\/ulpmat.com\/es\/documentos\/ficha-de-datos-de-seguridad\/\">Ficha de datos de seguridad (FDS)<\/a><\/span><br \/>\nInformes de pruebas de terceros disponibles previa solicitud<\/p>\n<h2><span style=\"font-size: 14pt;\">\u00bfPor qu\u00e9 elegirnos?<\/span><\/h2>\n<p>Contamos con un completo sistema de producci\u00f3n de materiales y control de calidad, que proporciona productos estables de Cd3As2 de gran pureza. Apoyamos los servicios personalizados y la orientaci\u00f3n t\u00e9cnica, y ofrecemos una respuesta r\u00e1pida, una entrega fiable y una completa <span style=\"color: #0000ff;\"><a style=\"color: #0000ff;\" href=\"https:\/\/ulpmat.com\/es\/servicio\/servicio-posventa\/\">soporte post-venta<\/a> <\/span>a clientes de todo el mundo. Somos un proveedor de materiales de confianza para instituciones de investigaci\u00f3n y empresas de <span style=\"color: #0000ff;\"><a style=\"color: #0000ff;\" href=\"https:\/\/ulpmat.com\/es\/solicitud\/materiales-semiconductores\/\">semiconductores<\/a><\/span> semiconductores.<\/p>\n","protected":false},"excerpt":{"rendered":"<p>Visi\u00f3n general de los gr\u00e1nulos de arseniuro de cadmio Los gr\u00e1nulos de arseniuro de cadmio son materiales semiconductores con alta movilidad de electrones y propiedades topol\u00f3gicas \u00fanicas, ampliamente utilizados en detectores de infrarrojos, dispositivos optoelectr\u00f3nicos, electr\u00f3nica de alta velocidad e investigaci\u00f3n cient\u00edfica. Sus excelentes propiedades optoelectr\u00f3nicas y su estabilidad los convierten en un material fundamental [&hellip;]<\/p>\n","protected":false},"featured_media":24336,"template":"","meta":{"_acf_changed":false},"product_brand":[132],"product_cat":[340],"product_tag":[],"class_list":{"0":"post-24335","1":"product","2":"type-product","3":"status-publish","4":"has-post-thumbnail","6":"product_brand-ulpmat","7":"product_cat-materiales-de-evaporacion","9":"first","10":"instock","11":"shipping-taxable","12":"product-type-variable"},"acf":[],"_links":{"self":[{"href":"https:\/\/ulpmat.com\/es\/wp-json\/wp\/v2\/product\/24335","targetHints":{"allow":["GET"]}}],"collection":[{"href":"https:\/\/ulpmat.com\/es\/wp-json\/wp\/v2\/product"}],"about":[{"href":"https:\/\/ulpmat.com\/es\/wp-json\/wp\/v2\/types\/product"}],"wp:featuredmedia":[{"embeddable":true,"href":"https:\/\/ulpmat.com\/es\/wp-json\/wp\/v2\/media\/24336"}],"wp:attachment":[{"href":"https:\/\/ulpmat.com\/es\/wp-json\/wp\/v2\/media?parent=24335"}],"wp:term":[{"taxonomy":"product_brand","embeddable":true,"href":"https:\/\/ulpmat.com\/es\/wp-json\/wp\/v2\/product_brand?post=24335"},{"taxonomy":"product_cat","embeddable":true,"href":"https:\/\/ulpmat.com\/es\/wp-json\/wp\/v2\/product_cat?post=24335"},{"taxonomy":"product_tag","embeddable":true,"href":"https:\/\/ulpmat.com\/es\/wp-json\/wp\/v2\/product_tag?post=24335"}],"curies":[{"name":"wp","href":"https:\/\/api.w.org\/{rel}","templated":true}]}}