{"id":24136,"date":"2025-11-17T09:36:58","date_gmt":"2025-11-17T01:36:58","guid":{"rendered":"https:\/\/ulpmat.com\/product\/seleniuro-de-cadmio-3\/"},"modified":"2025-11-17T09:36:58","modified_gmt":"2025-11-17T01:36:58","slug":"seleniuro-de-cadmio-3","status":"publish","type":"product","link":"https:\/\/ulpmat.com\/es\/producto\/seleniuro-de-cadmio-3\/","title":{"rendered":"Seleniuro de cadmio"},"content":{"rendered":"<h2><span style=\"font-size: 14pt;\">Visi\u00f3n general de los gr\u00e1nulos de seleniuro de cadmio<\/span><\/h2>\n<p><span style=\"color: #0000ff;\"><a style=\"color: #0000ff;\" href=\"https:\/\/ulpmat.com\/es\/buscar\/?type=name&#038;keyword=Cadmium+Selenide\">Los gr\u00e1nulos de seleniuro de cadmio<\/a> <\/span>son un importante material semiconductor del grupo II-VI con una estructura de banda sintonizable y excelentes propiedades optoelectr\u00f3nicas. Se utilizan ampliamente en dispositivos optoelectr\u00f3nicos de puntos cu\u00e1nticos, detectores de infrarrojos, materiales fotovoltaicos e investigaci\u00f3n en nano\u00f3ptica, y proporcionan una base estable y fiable para la preparaci\u00f3n y experimentaci\u00f3n de materiales optoelectr\u00f3nicos avanzados.<\/p>\n<p>Ofrecemos gr\u00e1nulos de CdSe de gran pureza y tama\u00f1o uniforme, y podemos personalizar el tama\u00f1o de las part\u00edculas, el grado de pureza y las especificaciones de envasado para satisfacer las diversas necesidades de las instituciones de investigaci\u00f3n y los usuarios industriales. Para solicitar presupuestos, datos t\u00e9cnicos o muestras, p\u00f3ngase en <span style=\"color: #0000ff;\"><a style=\"color: #0000ff;\" href=\"https:\/\/ulpmat.com\/es\/contactanos\/\">p\u00f3ngase en contacto con nosotros.<\/a><\/span> Nuestro equipo de profesionales le responder\u00e1 r\u00e1pidamente y le proporcionar\u00e1 <span style=\"color: #0000ff;\"><a style=\"color: #0000ff;\" href=\"https:\/\/ulpmat.com\/es\/servicio\/asistencia-tecnica\/\">soporte t\u00e9cnico<\/a><\/span> para sus proyectos de optoelectr\u00f3nica y preparaci\u00f3n de pel\u00edculas finas.<\/p>\n<h2><span style=\"font-size: 14pt;\">Productos destacados<\/span><\/h2>\n<p>Alta pureza, bajo contenido de impurezas<br \/>\nTama\u00f1o de part\u00edcula uniforme, gran controlabilidad<br \/>\nPropiedades optoelectr\u00f3nicas estables, alta eficiencia cu\u00e1ntica<br \/>\nF\u00e1cil de depositar y procesar en capa fina<br \/>\nExcelente estabilidad qu\u00edmica, resistencia a altas temperaturas<br \/>\nServicios personalizados de envasado y tama\u00f1o de part\u00edculas<br \/>\nAlta consistencia de los lotes, adecuado para la investigaci\u00f3n y la industrializaci\u00f3n<\/p>\n<h2><span style=\"font-size: 14pt;\">Aplicaciones de los gr\u00e1nulos de seleniuro de cadmio<\/span><\/h2>\n<p>Utilizado en la preparaci\u00f3n de dispositivos optoelectr\u00f3nicos de puntos cu\u00e1nticos y detectores de infrarrojos.<br \/>\nAdecuado para materiales fotovoltaicos, diodos emisores de luz y dispositivos optoelectr\u00f3nicos de pel\u00edcula fina.<br \/>\nPuede servir como <span style=\"color: #0000ff;\"><a style=\"color: #0000ff;\" href=\"https:\/\/ulpmat.com\/es\/solicitud\/materiales-semiconductores\/\">material semiconductor<\/a><\/span> para la investigaci\u00f3n en nano\u00f3ptica y los experimentos cient\u00edficos.<\/p>\n<h2><span style=\"font-size: 14pt;\">Preguntas frecuentes<\/span><\/h2>\n<p>P1: \u00bfC\u00f3mo se envasan los gr\u00e1nulos de CdSe para garantizar un transporte seguro?<br \/>\nR1: El envasado al vac\u00edo con una caja exterior resistente a los golpes garantiza que las part\u00edculas permanezcan secas y sin contaminar durante el transporte.<\/p>\n<p>P2: \u00bfQu\u00e9 m\u00e9todos de procesamiento son adecuados para los gr\u00e1nulos de CdSe?<br \/>\nA2: Los gr\u00e1nulos de CdSe presentan una buena dispersabilidad y estabilidad t\u00e9rmica, lo que los hace adecuados para el procesamiento en soluci\u00f3n, la deposici\u00f3n de pel\u00edculas finas, la preparaci\u00f3n de puntos cu\u00e1nticos y la fabricaci\u00f3n de nanocompuestos. Adem\u00e1s, su tama\u00f1o de part\u00edcula uniforme y su alta pureza dan como resultado un excelente rendimiento en los procesos de recubrimiento por centrifugaci\u00f3n, recubrimiento por pulverizaci\u00f3n y evaporaci\u00f3n, garantizando un rendimiento estable en dispositivos optoelectr\u00f3nicos o aplicaciones de pel\u00edcula fina.<\/p>\n<p>P3: \u00bfSe puede personalizar la pureza y el tama\u00f1o de las part\u00edculas de los gr\u00e1nulos?<br \/>\nA3: S\u00ed, ofrecemos opciones de alta pureza del 99,99%-99,999%, y el tama\u00f1o de las part\u00edculas se puede personalizar para satisfacer las necesidades del cliente, adecuado para diversas aplicaciones industriales y de investigaci\u00f3n cient\u00edfica.<\/p>\n<p>P4: \u00bfC\u00f3mo deben almacenarse los gr\u00e1nulos de CdSe para mantener su rendimiento?<br \/>\nR4: Se recomienda almacenarlo en un entorno seco, fresco y oscuro, manteni\u00e9ndolo sellado para evitar la humedad o la oxidaci\u00f3n, con el fin de garantizar unas propiedades optoelectr\u00f3nicas estables.<\/p>\n<h2><span style=\"font-size: 14pt;\">Informes<\/span><\/h2>\n<p>Cada lote se suministra con:<br \/>\n<span style=\"color: #0000ff;\"><a style=\"color: #0000ff;\" href=\"https:\/\/ulpmat.com\/es\/servicio\/analisis-quimico\/\">Certificado de an\u00e1lisis (COA)<\/a><\/span><br \/>\n<span style=\"color: #0000ff;\"><a style=\"color: #0000ff;\" href=\"https:\/\/ulpmat.com\/es\/documentos\/ficha-tecnica\/\">Ficha t\u00e9cnica (TDS)<\/a><\/span><br \/>\n<span style=\"color: #0000ff;\"><a style=\"color: #0000ff;\" href=\"https:\/\/ulpmat.com\/es\/documentos\/ficha-de-datos-de-seguridad\/\">Ficha de datos de seguridad (FDS)<\/a><\/span><br \/>\nInformes de pruebas de terceros disponibles previa solicitud<\/p>\n<h2><span style=\"font-size: 14pt;\">\u00bfPor qu\u00e9 elegirnos?<\/span><\/h2>\n<p>Contamos con una madura tecnolog\u00eda de producci\u00f3n de gr\u00e1nulos de CdSe, un estricto sistema de gesti\u00f3n de la calidad y una capacidad de suministro estable, lo que nos permite ofrecer productos de gran pureza, tama\u00f1o uniforme y estabilidad optoelectr\u00f3nica. Combinados con servicios t\u00e9cnicos de respuesta r\u00e1pida, producci\u00f3n personalizada y capacidad de env\u00edo global, proporcionamos soluciones de materiales fiables, eficientes y sostenibles para instituciones de investigaci\u00f3n y clientes de la industria optoelectr\u00f3nica, lo que nos convierte en el socio ideal para la producci\u00f3n de puntos cu\u00e1nticos y productos optoelectr\u00f3nicos<span style=\"color: #0000ff;\"><a style=\"color: #0000ff;\" href=\"https:\/\/ulpmat.com\/es\/solicitud\/materiales-opticos\/\"> optoelectr\u00f3nica<\/a> <\/span>y optoelectr\u00f3nicos.<\/p>\n","protected":false},"excerpt":{"rendered":"<p>Visi\u00f3n general de los gr\u00e1nulos de seleniuro de cadmio Los gr\u00e1nulos de seleniuro de cadmio son un importante material semiconductor del grupo II-VI con una estructura de banda sintonizable y excelentes propiedades optoelectr\u00f3nicas. Se utilizan ampliamente en dispositivos optoelectr\u00f3nicos de puntos cu\u00e1nticos, detectores de infrarrojos, materiales fotovoltaicos e investigaci\u00f3n en nano\u00f3ptica, y proporcionan una base [&hellip;]<\/p>\n","protected":false},"featured_media":24137,"template":"","meta":{"_acf_changed":false},"product_brand":[132],"product_cat":[340],"product_tag":[],"class_list":{"0":"post-24136","1":"product","2":"type-product","3":"status-publish","4":"has-post-thumbnail","6":"product_brand-ulpmat","7":"product_cat-materiales-de-evaporacion","9":"first","10":"instock","11":"shipping-taxable","12":"product-type-variable"},"acf":[],"_links":{"self":[{"href":"https:\/\/ulpmat.com\/es\/wp-json\/wp\/v2\/product\/24136","targetHints":{"allow":["GET"]}}],"collection":[{"href":"https:\/\/ulpmat.com\/es\/wp-json\/wp\/v2\/product"}],"about":[{"href":"https:\/\/ulpmat.com\/es\/wp-json\/wp\/v2\/types\/product"}],"wp:featuredmedia":[{"embeddable":true,"href":"https:\/\/ulpmat.com\/es\/wp-json\/wp\/v2\/media\/24137"}],"wp:attachment":[{"href":"https:\/\/ulpmat.com\/es\/wp-json\/wp\/v2\/media?parent=24136"}],"wp:term":[{"taxonomy":"product_brand","embeddable":true,"href":"https:\/\/ulpmat.com\/es\/wp-json\/wp\/v2\/product_brand?post=24136"},{"taxonomy":"product_cat","embeddable":true,"href":"https:\/\/ulpmat.com\/es\/wp-json\/wp\/v2\/product_cat?post=24136"},{"taxonomy":"product_tag","embeddable":true,"href":"https:\/\/ulpmat.com\/es\/wp-json\/wp\/v2\/product_tag?post=24136"}],"curies":[{"name":"wp","href":"https:\/\/api.w.org\/{rel}","templated":true}]}}