{"id":24112,"date":"2025-11-17T09:36:58","date_gmt":"2025-11-17T01:36:58","guid":{"rendered":"https:\/\/ulpmat.com\/product\/seleniuro-de-cadmio-2\/"},"modified":"2025-11-17T09:36:58","modified_gmt":"2025-11-17T01:36:58","slug":"seleniuro-de-cadmio-2","status":"publish","type":"product","link":"https:\/\/ulpmat.com\/es\/producto\/seleniuro-de-cadmio-2\/","title":{"rendered":"Seleniuro de cadmio"},"content":{"rendered":"<h2><span style=\"font-size: 14pt;\">Seleniuro de cadmio en polvo<\/span><\/h2>\n<p><span style=\"font-size: 12pt; color: #0000ff;\"><a style=\"color: #0000ff;\" href=\"https:\/\/ulpmat.com\/es\/buscar\/?type=name&#038;keyword=Cadmium+Selenide\">El polvo de seleniuro de cadmio<\/a> <\/span>en polvo es un material semiconductor del grupo II-VI de alto rendimiento con una excelente absorci\u00f3n de luz y eficiencia de conversi\u00f3n fotoel\u00e9ctrica. Se utiliza ampliamente en la investigaci\u00f3n y el desarrollo de dispositivos de puntos cu\u00e1nticos, materiales fotovoltaicos, detectores de infrarrojos y materiales luminiscentes, y es una materia prima crucial para la preparaci\u00f3n de materiales optoelectr\u00f3nicos y la investigaci\u00f3n en nanotecnolog\u00eda.<\/p>\n<p>Podemos suministrar polvo de CdSe de gran pureza y tama\u00f1o uniforme, as\u00ed como ofrecer servicios personalizados de tama\u00f1o de part\u00edcula, pureza y especificaciones de envasado para satisfacer las diversas necesidades de las instituciones de investigaci\u00f3n y los usuarios industriales. Nuestro equipo de profesionales le proporcionar\u00e1 asistencia t\u00e9cnica completa para sus necesidades en el campo de la <span style=\"color: #0000ff;\"><a style=\"color: #0000ff;\" href=\"https:\/\/ulpmat.com\/es\/solicitud\/materiales-opticos\/\">optoelectr\u00f3nica<\/a> <\/span>proyectos de materiales optoelectr\u00f3nicos y de capa fina.<\/p>\n<h2><span style=\"font-size: 14pt;\">Productos destacados<\/span><\/h2>\n<p>Alta pureza, bajo contenido de impurezas<br \/>\nTama\u00f1o uniforme de las part\u00edculas, gran controlabilidad<br \/>\nPropiedades fotoel\u00e9ctricas estables, alta eficiencia cu\u00e1ntica<br \/>\nF\u00e1cil procesamiento en soluci\u00f3n y deposici\u00f3n en capa fina<br \/>\nEstabilidad qu\u00edmica, resistencia a altas temperaturas<br \/>\n<span style=\"color: #0000ff;\"><a style=\"color: #0000ff;\" href=\"https:\/\/ulpmat.com\/es\/servicio\/personalizacion\/\">Envasado y tama\u00f1o de part\u00edculas personalizables en<\/a><\/span> y tama\u00f1o de las part\u00edculas<br \/>\nAlta consistencia de los lotes, adecuado para la investigaci\u00f3n y la industrializaci\u00f3n<\/p>\n<h2><span style=\"font-size: 14pt;\">Aplicaciones del seleniuro de cadmio en polvo<\/span><\/h2>\n<p>Utilizado en la preparaci\u00f3n de dispositivos optoelectr\u00f3nicos de puntos cu\u00e1nticos y detectores de infrarrojos.<br \/>\nAplicable a materiales fotovoltaicos y <span style=\"color: #0000ff;\"><a style=\"color: #0000ff;\" href=\"https:\/\/ulpmat.com\/es\/solicitud\/energia-solar-fotovoltaica\/\">solar<\/a><\/span> de c\u00e9lulas solares.<br \/>\nComo materia prima semiconductora para la investigaci\u00f3n en nano\u00f3ptica y experimentos con materiales luminiscentes.<\/p>\n<h2><span style=\"color: #0000ff;\"><a style=\"color: #0000ff;\" href=\"https:\/\/ulpmat.com\/es\/empresa\/preguntas-frecuentes\/\"><span style=\"font-size: 14pt;\">Preguntas frecuentes<\/span><\/a><\/span><\/h2>\n<p>P1: \u00bfC\u00f3mo se garantiza la seguridad del envasado del polvo de CdSe?<br \/>\nR1: Se envasa en bolsas a prueba de humedad o botellas selladas, complementadas con un embalaje a prueba de golpes para garantizar que el polvo permanezca seco y sin contaminar durante el transporte.<\/p>\n<p>P2: \u00bfCu\u00e1les son las principales ventajas del polvo de CdSe?<br \/>\nR2: Su alta pureza, tama\u00f1o uniforme de las part\u00edculas y propiedades fotoel\u00e9ctricas estables garantizan una deposici\u00f3n uniforme de la capa fina y el rendimiento de los dispositivos de puntos cu\u00e1nticos, por lo que es adecuado tanto para la investigaci\u00f3n como para aplicaciones industriales.<\/p>\n<p>P3: \u00bfCu\u00e1les son las propiedades de procesamiento del polvo de CdSe?<br \/>\nA3: Tiene buena dispersabilidad y estabilidad t\u00e9rmica, y puede utilizarse para el procesamiento en soluci\u00f3n, el revestimiento por rotaci\u00f3n, la pulverizaci\u00f3n, la deposici\u00f3n de pel\u00edcula fina y la preparaci\u00f3n de materiales nanocompuestos, garantizando el rendimiento estable de los dispositivos optoelectr\u00f3nicos y los materiales de pel\u00edcula fina.<\/p>\n<p>P4: \u00bfC\u00f3mo debe almacenarse el polvo para mantener su rendimiento?<br \/>\nR4: Se recomienda almacenarlo en un entorno seco, fresco y protegido de la luz, manteni\u00e9ndolo sellado para evitar la humedad, la oxidaci\u00f3n o la formaci\u00f3n de grumos, garantizando as\u00ed sus propiedades fotoel\u00e9ctricas y su estabilidad qu\u00edmica.<\/p>\n<h2><span style=\"font-size: 14pt;\">Informes<\/span><\/h2>\n<p>Cada lote se suministra con:<br \/>\n<span style=\"color: #0000ff;\"><a style=\"color: #0000ff;\" href=\"https:\/\/ulpmat.com\/es\/servicio\/analisis-quimico\/\">Certificado de an\u00e1lisis (COA)<\/a><\/span><br \/>\n<span style=\"color: #0000ff;\"><a style=\"color: #0000ff;\" href=\"https:\/\/ulpmat.com\/es\/documentos\/ficha-tecnica\/\">Ficha t\u00e9cnica (TDS)<\/a><\/span><br \/>\n<span style=\"color: #0000ff;\"><a style=\"color: #0000ff;\" href=\"https:\/\/ulpmat.com\/es\/documentos\/ficha-de-datos-de-seguridad\/\">Ficha de datos de seguridad (FDS)<\/a><\/span><br \/>\nInformes de pruebas de terceros disponibles previa solicitud<\/p>\n<h2><span style=\"font-size: 14pt;\">\u00bfPor qu\u00e9 elegirnos?<\/span><\/h2>\n<p>Poseemos una madura tecnolog\u00eda de producci\u00f3n de polvo de CdSe, un riguroso sistema de control de calidad y una capacidad de suministro estable, lo que nos permite ofrecer productos optoelectr\u00f3nicos de gran pureza, tama\u00f1o uniforme y fiabilidad. Combinados con servicios t\u00e9cnicos de respuesta r\u00e1pida, producci\u00f3n personalizada y capacidad de env\u00edo global, proporcionamos soluciones de materiales fiables, eficientes y sostenibles para instituciones de investigaci\u00f3n y clientes de la industria optoelectr\u00f3nica, lo que nos convierte en el socio ideal para puntos cu\u00e1nticos y productos optoelectr\u00f3nicos<span style=\"color: #0000ff;\"><a style=\"color: #0000ff;\" href=\"https:\/\/ulpmat.com\/es\/solicitud\/materiales-opticos\/\"> optoelectr\u00f3nica<\/a> <\/span>optoelectr\u00f3nicos.<\/p>\n","protected":false},"excerpt":{"rendered":"<p>Seleniuro de cadmio en polvo El polvo de seleniuro de cadmio en polvo es un material semiconductor del grupo II-VI de alto rendimiento con una excelente absorci\u00f3n de luz y eficiencia de conversi\u00f3n fotoel\u00e9ctrica. Se utiliza ampliamente en la investigaci\u00f3n y el desarrollo de dispositivos de puntos cu\u00e1nticos, materiales fotovoltaicos, detectores de infrarrojos y materiales [&hellip;]<\/p>\n","protected":false},"featured_media":24113,"template":"","meta":{"_acf_changed":false},"product_brand":[132],"product_cat":[678,1102],"product_tag":[],"class_list":{"0":"post-24112","1":"product","2":"type-product","3":"status-publish","4":"has-post-thumbnail","6":"product_brand-ulpmat","7":"product_cat-materiales-calcogenuros","8":"product_cat-materiales-calcogenuros-es","10":"first","11":"instock","12":"shipping-taxable","13":"product-type-variable"},"acf":[],"_links":{"self":[{"href":"https:\/\/ulpmat.com\/es\/wp-json\/wp\/v2\/product\/24112","targetHints":{"allow":["GET"]}}],"collection":[{"href":"https:\/\/ulpmat.com\/es\/wp-json\/wp\/v2\/product"}],"about":[{"href":"https:\/\/ulpmat.com\/es\/wp-json\/wp\/v2\/types\/product"}],"wp:featuredmedia":[{"embeddable":true,"href":"https:\/\/ulpmat.com\/es\/wp-json\/wp\/v2\/media\/24113"}],"wp:attachment":[{"href":"https:\/\/ulpmat.com\/es\/wp-json\/wp\/v2\/media?parent=24112"}],"wp:term":[{"taxonomy":"product_brand","embeddable":true,"href":"https:\/\/ulpmat.com\/es\/wp-json\/wp\/v2\/product_brand?post=24112"},{"taxonomy":"product_cat","embeddable":true,"href":"https:\/\/ulpmat.com\/es\/wp-json\/wp\/v2\/product_cat?post=24112"},{"taxonomy":"product_tag","embeddable":true,"href":"https:\/\/ulpmat.com\/es\/wp-json\/wp\/v2\/product_tag?post=24112"}],"curies":[{"name":"wp","href":"https:\/\/api.w.org\/{rel}","templated":true}]}}