{"id":23912,"date":"2025-11-18T17:58:29","date_gmt":"2025-11-18T09:58:29","guid":{"rendered":"https:\/\/ulpmat.com\/product\/metal-plateado-4\/"},"modified":"2025-11-18T17:58:29","modified_gmt":"2025-11-18T09:58:29","slug":"metal-plateado-4","status":"publish","type":"product","link":"https:\/\/ulpmat.com\/es\/producto\/metal-plateado-4\/","title":{"rendered":"Metal plateado"},"content":{"rendered":"<h2><span style=\"font-size: 14pt;\">Perspectiva general de los gr\u00e1nulos de metal plateado <\/span><\/h2>\n<p><span style=\"color: #0000ff;\"><a style=\"color: #0000ff;\" href=\"https:\/\/ulpmat.com\/es\/buscar\/?type=name&#038;keyword=Silver+metal\">La plata met\u00e1lica<\/a> <\/span>son un material met\u00e1lico de gran pureza, f\u00e1cil de procesar, con una excelente conductividad el\u00e9ctrica y t\u00e9rmica y estabilidad qu\u00edmica. Se utilizan ampliamente en componentes electr\u00f3nicos, procesos de galvanoplastia, preparaci\u00f3n de catalizadores qu\u00edmicos y experimentos de investigaci\u00f3n cient\u00edfica de alto nivel, lo que los convierte en un material b\u00e1sico indispensable tanto en aplicaciones de laboratorio como industriales.<\/p>\n<p>Podemos suministrar gr\u00e1nulos de plata met\u00e1lica de diversos di\u00e1metros, tama\u00f1os de part\u00edcula y grados de pureza, con envases personalizados y clasificaci\u00f3n granulom\u00e9trica especial para satisfacer las necesidades de la investigaci\u00f3n cient\u00edfica, la industria y los procesos de gama alta. <span style=\"color: #0000ff;\"><a style=\"color: #0000ff;\" href=\"https:\/\/ulpmat.com\/es\/contactanos\/\">P\u00f3ngase en contacto<\/a><\/span> ahora para obtener soluciones personalizadas.<\/p>\n<h2><span style=\"font-size: 14pt;\">Productos destacados<\/span><\/h2>\n<p>Alta pureza garantizada (99,999%)<br \/>\nDistribuci\u00f3n uniforme del tama\u00f1o de las part\u00edculas<br \/>\nF\u00e1cil de fundir y mezclar<br \/>\nExcelente conductividad el\u00e9ctrica y t\u00e9rmica<br \/>\nBuena resistencia a la oxidaci\u00f3n<br \/>\nDisponible para suministro a granel con plazos de entrega estables<br \/>\nM\u00faltiples tama\u00f1os de part\u00edculas y opciones de envasado <span style=\"color: #0000ff;\"><a style=\"color: #0000ff;\" href=\"https:\/\/ulpmat.com\/es\/solicitud\/materiales-opticos\/\">opciones<\/a> <\/span>disponible<\/p>\n<h2><span style=\"font-size: 14pt;\">Aplicaciones de los gr\u00e1nulos de plata met\u00e1lica<\/span><\/h2>\n<p>Adecuados para soldadura y rellenos conductores en la fabricaci\u00f3n de componentes electr\u00f3nicos.<\/p>\n<p>Pueden utilizarse como portadores de catalizadores o reactivos en la industria qu\u00edmica.<\/p>\n<p>Se utiliza para la preparaci\u00f3n de materiales en galvanoplastia de plata, evaporaci\u00f3n de pel\u00edculas finas y experimentos de investigaci\u00f3n cient\u00edfica.<\/p>\n<h2><span style=\"color: #0000ff;\"><a style=\"color: #0000ff;\" href=\"https:\/\/ulpmat.com\/es\/empresa\/preguntas-frecuentes\/\"><span style=\"font-size: 14pt;\">Preguntas frecuentes<\/span><\/a><\/span><\/h2>\n<p>P1: \u00bfC\u00f3mo se envasan los gr\u00e1nulos de plata met\u00e1lica?<\/p>\n<p>R1: Utilizamos bolsas de vac\u00edo a prueba de humedad y golpes y cajas exteriores resistentes para garantizar que las part\u00edculas no se da\u00f1en durante el transporte.<\/p>\n<p>P2: \u00bfSe puede personalizar la pureza y el tama\u00f1o de las part\u00edculas?<\/p>\n<p>A2: S\u00ed, la pureza puede alcanzar el 99,99%-99,999%, y el tama\u00f1o de las part\u00edculas puede personalizarse seg\u00fan las necesidades del cliente.<\/p>\n<p>P3: \u00bfC\u00f3mo almacenar las part\u00edculas de plata para prolongar su vida \u00fatil?<\/p>\n<p>A3: Por favor, gu\u00e1rdelas en un ambiente seco y fresco, selladas, evitando las altas temperaturas y la humedad para evitar la oxidaci\u00f3n de la superficie.<\/p>\n<p>P4: \u00bfQu\u00e9 servicios posventa ofrecen?<\/p>\n<p>A4: Proporcionamos asistencia t\u00e9cnica, soluciones personalizadas de granulometr\u00eda, garant\u00edas de suministro a granel y servicios de seguimiento de la calidad del producto.<\/p>\n<h2><span style=\"font-size: 14pt;\">Informes<\/span><\/h2>\n<p>Cada lote se suministra con:<br \/>\n<span style=\"color: #0000ff;\"><a style=\"color: #0000ff;\" href=\"https:\/\/ulpmat.com\/es\/servicio\/analisis-quimico\/\">Certificado de an\u00e1lisis (COA)<\/a><\/span><br \/>\n<span style=\"color: #0000ff;\"><a style=\"color: #0000ff;\" href=\"https:\/\/ulpmat.com\/es\/documentos\/ficha-tecnica\/\">Ficha t\u00e9cnica (TDS)<\/a><\/span><br \/>\n<span style=\"color: #0000ff;\"><a style=\"color: #0000ff;\" href=\"https:\/\/ulpmat.com\/es\/documentos\/ficha-de-datos-de-seguridad\/\">Ficha de datos de seguridad (FDS)<\/a><\/span><br \/>\nInformes de pruebas de terceros disponibles previa solicitud<\/p>\n<h2><span style=\"font-size: 14pt;\">Por qu\u00e9 elegirnos<\/span><\/h2>\n<p>Estamos especializados en la investigaci\u00f3n y el suministro de gr\u00e1nulos met\u00e1licos de gran pureza, controlando estrictamente la pureza, la uniformidad de las part\u00edculas y la consistencia de los lotes para garantizar que satisfacemos las necesidades de la investigaci\u00f3n cient\u00edfica y las aplicaciones industriales y electr\u00f3nicas. Nuestras part\u00edculas met\u00e1licas de plata poseen una excelente conductividad el\u00e9ctrica y t\u00e9rmica y estabilidad qu\u00edmica, lo que permite un procesamiento y unas aplicaciones eficaces. Elegirnos garantiza una calidad de producto fiable, servicios personalizados y capacidad de entrega global, lo que nos convierte en el socio ideal para laboratorios de investigaci\u00f3n, fabricantes de electr\u00f3nica y clientes industriales de gama alta.<\/p>\n","protected":false},"excerpt":{"rendered":"<p>Perspectiva general de los gr\u00e1nulos de metal plateado La plata met\u00e1lica son un material met\u00e1lico de gran pureza, f\u00e1cil de procesar, con una excelente conductividad el\u00e9ctrica y t\u00e9rmica y estabilidad qu\u00edmica. Se utilizan ampliamente en componentes electr\u00f3nicos, procesos de galvanoplastia, preparaci\u00f3n de catalizadores qu\u00edmicos y experimentos de investigaci\u00f3n cient\u00edfica de alto nivel, lo que los [&hellip;]<\/p>\n","protected":false},"featured_media":23913,"template":"","meta":{"_acf_changed":false},"product_brand":[132],"product_cat":[340],"product_tag":[1986],"class_list":{"0":"post-23912","1":"product","2":"type-product","3":"status-publish","4":"has-post-thumbnail","6":"product_brand-ulpmat","7":"product_cat-materiales-de-evaporacion","8":"product_tag-plata-metalica-pellets","10":"first","11":"instock","12":"shipping-taxable","13":"product-type-variable"},"acf":[],"_links":{"self":[{"href":"https:\/\/ulpmat.com\/es\/wp-json\/wp\/v2\/product\/23912","targetHints":{"allow":["GET"]}}],"collection":[{"href":"https:\/\/ulpmat.com\/es\/wp-json\/wp\/v2\/product"}],"about":[{"href":"https:\/\/ulpmat.com\/es\/wp-json\/wp\/v2\/types\/product"}],"wp:featuredmedia":[{"embeddable":true,"href":"https:\/\/ulpmat.com\/es\/wp-json\/wp\/v2\/media\/23913"}],"wp:attachment":[{"href":"https:\/\/ulpmat.com\/es\/wp-json\/wp\/v2\/media?parent=23912"}],"wp:term":[{"taxonomy":"product_brand","embeddable":true,"href":"https:\/\/ulpmat.com\/es\/wp-json\/wp\/v2\/product_brand?post=23912"},{"taxonomy":"product_cat","embeddable":true,"href":"https:\/\/ulpmat.com\/es\/wp-json\/wp\/v2\/product_cat?post=23912"},{"taxonomy":"product_tag","embeddable":true,"href":"https:\/\/ulpmat.com\/es\/wp-json\/wp\/v2\/product_tag?post=23912"}],"curies":[{"name":"wp","href":"https:\/\/api.w.org\/{rel}","templated":true}]}}