{"id":23878,"date":"2025-11-18T17:58:30","date_gmt":"2025-11-18T09:58:30","guid":{"rendered":"https:\/\/ulpmat.com\/product\/metal-plateado-3\/"},"modified":"2025-11-18T17:58:30","modified_gmt":"2025-11-18T09:58:30","slug":"metal-plateado-3","status":"publish","type":"product","link":"https:\/\/ulpmat.com\/es\/producto\/metal-plateado-3\/","title":{"rendered":"Metal plateado"},"content":{"rendered":"<h2><span style=\"font-size: 14pt;\">L\u00e1minas de plata<\/span><\/h2>\n<p><span style=\"color: #0000ff;\"><a style=\"color: #0000ff;\" href=\"https:\/\/ulpmat.com\/es\/buscar\/?type=name&#038;keyword=Silver+metal\">El papel de plata<\/a><\/span> es un material met\u00e1lico de gran pureza y ductilidad, con una excelente conductividad el\u00e9ctrica y t\u00e9rmica y estabilidad qu\u00edmica. Se utiliza ampliamente en la fabricaci\u00f3n de dispositivos electr\u00f3nicos, bater\u00edas y pel\u00edculas conductoras, experimentos qu\u00edmicos, artesan\u00eda decorativa y procesamiento industrial de alta gama, por lo que es un material importante para la investigaci\u00f3n cient\u00edfica y la producci\u00f3n industrial.<\/p>\n<p>Ofrecemos l\u00e1minas de plata de distintos grosores, tama\u00f1os y grados de pureza, y podemos ofrecer servicios de procesamiento personalizados seg\u00fan los requisitos del cliente, como corte, laminado o envasado por capas. Por favor, <span style=\"color: #0000ff;\"><a style=\"color: #0000ff;\" href=\"https:\/\/ulpmat.com\/es\/contactanos\/\">p\u00f3ngase en contacto<\/a><\/span> hoy mismo.<\/p>\n<h2><span style=\"font-size: 14pt;\">Productos destacados<\/span><\/h2>\n<p>Alta pureza garantizada (99,999%)<br \/>\nExcelente ductilidad y procesabilidad<br \/>\nExcelente conductividad el\u00e9ctrica y t\u00e9rmica<br \/>\nSuperficie lisa, sin poros<br \/>\nM\u00faltiples espesores disponibles<br \/>\nSe admiten tama\u00f1os y laminados personalizados<br \/>\nEl tratamiento antioxidante prolonga la vida \u00fatil<\/p>\n<h2><span style=\"font-size: 14pt;\">Aplicaciones del papel de plata<\/span><\/h2>\n<p>Material de capa conductora en componentes electr\u00f3nicos y bater\u00edas.<br \/>\nMaterial portador en experimentos qu\u00edmicos y reacciones catal\u00edticas.<br \/>\nAdecuado para materiales decorativos y reflectantes en procesos de alta gama.<br \/>\nDesempe\u00f1a un papel clave en la evaporaci\u00f3n al vac\u00edo y la <span style=\"color: #0000ff;\"><a style=\"color: #0000ff;\" href=\"https:\/\/ulpmat.com\/es\/solicitud\/materiales-opticos\/\">\u00f3ptica<\/a> <\/span>\u00f3ptica.<\/p>\n<h2><span style=\"color: #0000ff;\"><a style=\"color: #0000ff;\" href=\"https:\/\/ulpmat.com\/es\/empresa\/preguntas-frecuentes\/\"><span style=\"font-size: 14pt;\">Preguntas frecuentes<\/span><\/a><\/span><\/h2>\n<p>P1: \u00bfC\u00f3mo se embala el papel de aluminio para garantizar un transporte seguro?<br \/>\nR1: El papel de plata se embala con una pel\u00edcula a prueba de humedad y tubos de cart\u00f3n o cajas de madera para evitar que se doble o se raye la superficie.<\/p>\n<p>P2: \u00bfSe puede personalizar el grosor y el tama\u00f1o del papel de aluminio?<br \/>\nA2: S\u00ed, la anchura y la longitud pueden personalizarse seg\u00fan los requisitos del cliente.<\/p>\n<p>P3: \u00bfCu\u00e1les son los requisitos de almacenamiento del papel de aluminio?<br \/>\nA3: Almacenar en un lugar seco, fresco y oscuro, evitando el contacto con \u00e1cidos, \u00e1lcalis y sustancias corrosivas.<\/p>\n<p>P4: \u00bfQu\u00e9 servicios posventa ofrece su empresa?<br \/>\nA4: Ofrecemos consulta t\u00e9cnica, procesamiento personalizado, suministro a granel, seguimiento de la calidad del producto y respuesta r\u00e1pida a los comentarios sobre problemas.<\/p>\n<h2><span style=\"font-size: 14pt;\">Informes<\/span><\/h2>\n<p>Cada lote se suministra con:<br \/>\n<span style=\"color: #0000ff;\"><a style=\"color: #0000ff;\" href=\"https:\/\/ulpmat.com\/es\/servicio\/analisis-quimico\/\">Certificado de an\u00e1lisis (COA)<\/a><\/span><br \/>\n<span style=\"color: #0000ff;\"><a style=\"color: #0000ff;\" href=\"https:\/\/ulpmat.com\/es\/documentos\/ficha-tecnica\/\">Ficha t\u00e9cnica (TDS)<\/a><\/span><br \/>\n<span style=\"color: #0000ff;\"><a style=\"color: #0000ff;\" href=\"https:\/\/ulpmat.com\/es\/documentos\/ficha-de-datos-de-seguridad\/\">Ficha de datos de seguridad (FDS)<\/a><\/span><br \/>\nInformes de pruebas de terceros disponibles previa solicitud<\/p>\n<h2><span style=\"font-size: 14pt;\">Por qu\u00e9 elegirnos\uff1f<\/span><\/h2>\n<p>Estamos especializados en la investigaci\u00f3n y el suministro de l\u00e1minas de plata de gran pureza, controlando estrictamente el grosor, la suavidad de la superficie y la consistencia de los lotes para garantizar que satisfacemos las necesidades de la fabricaci\u00f3n electr\u00f3nica, los experimentos qu\u00edmicos y el procesamiento industrial de alta gama. Elegirnos significa recibir productos de papel de plata personalizables de alta calidad y un servicio posventa profesional, lo que nos convierte en el socio ideal para laboratorios de investigaci\u00f3n, la industria electr\u00f3nica y procesos de gama alta.<\/p>\n","protected":false},"excerpt":{"rendered":"<p>L\u00e1minas de plata El papel de plata es un material met\u00e1lico de gran pureza y ductilidad, con una excelente conductividad el\u00e9ctrica y t\u00e9rmica y estabilidad qu\u00edmica. Se utiliza ampliamente en la fabricaci\u00f3n de dispositivos electr\u00f3nicos, bater\u00edas y pel\u00edculas conductoras, experimentos qu\u00edmicos, artesan\u00eda decorativa y procesamiento industrial de alta gama, por lo que es un material [&hellip;]<\/p>\n","protected":false},"featured_media":23880,"template":"","meta":{"_acf_changed":false},"product_brand":[132],"product_cat":[408],"product_tag":[1980],"class_list":{"0":"post-23878","1":"product","2":"type-product","3":"status-publish","4":"has-post-thumbnail","6":"product_brand-ulpmat","7":"product_cat-otros-materiales","8":"product_tag-folio-metalico-plateado","10":"first","11":"instock","12":"shipping-taxable","13":"product-type-variable"},"acf":[],"_links":{"self":[{"href":"https:\/\/ulpmat.com\/es\/wp-json\/wp\/v2\/product\/23878","targetHints":{"allow":["GET"]}}],"collection":[{"href":"https:\/\/ulpmat.com\/es\/wp-json\/wp\/v2\/product"}],"about":[{"href":"https:\/\/ulpmat.com\/es\/wp-json\/wp\/v2\/types\/product"}],"wp:featuredmedia":[{"embeddable":true,"href":"https:\/\/ulpmat.com\/es\/wp-json\/wp\/v2\/media\/23880"}],"wp:attachment":[{"href":"https:\/\/ulpmat.com\/es\/wp-json\/wp\/v2\/media?parent=23878"}],"wp:term":[{"taxonomy":"product_brand","embeddable":true,"href":"https:\/\/ulpmat.com\/es\/wp-json\/wp\/v2\/product_brand?post=23878"},{"taxonomy":"product_cat","embeddable":true,"href":"https:\/\/ulpmat.com\/es\/wp-json\/wp\/v2\/product_cat?post=23878"},{"taxonomy":"product_tag","embeddable":true,"href":"https:\/\/ulpmat.com\/es\/wp-json\/wp\/v2\/product_tag?post=23878"}],"curies":[{"name":"wp","href":"https:\/\/api.w.org\/{rel}","templated":true}]}}