{"id":23848,"date":"2025-11-18T17:58:30","date_gmt":"2025-11-18T09:58:30","guid":{"rendered":"https:\/\/ulpmat.com\/product\/metal-plateado-2\/"},"modified":"2025-11-18T17:58:30","modified_gmt":"2025-11-18T09:58:30","slug":"metal-plateado-2","status":"publish","type":"product","link":"https:\/\/ulpmat.com\/es\/producto\/metal-plateado-2\/","title":{"rendered":"Metal plateado"},"content":{"rendered":"<h2><span style=\"font-size: 14pt;\">C\u00e1todos para sputtering de metal plateado Descripci\u00f3n general<\/span><\/h2>\n<p><span style=\"color: #0000ff;\"><a style=\"color: #0000ff;\" href=\"https:\/\/ulpmat.com\/es\/buscar\/?type=name&#038;keyword=Silver+metal\">Los c\u00e1todos para <\/a><\/span>son materiales met\u00e1licos de gran pureza con una excelente conductividad el\u00e9ctrica y t\u00e9rmica, y se pulverizan f\u00e1cil y uniformemente en pel\u00edculas. Se utilizan ampliamente en la fabricaci\u00f3n de componentes electr\u00f3nicos, pel\u00edculas finas \u00f3pticas, sensores, dispositivos de energ\u00eda solar y otras pel\u00edculas finas industriales de alta precisi\u00f3n.<\/p>\n<p>Ofrecemos c\u00e1todos para sputtering de metal plateado en varias especificaciones, tama\u00f1os y espesores, y <span style=\"color: #0000ff;\"><a style=\"color: #0000ff;\" href=\"https:\/\/ulpmat.com\/es\/servicio\/asistencia-tecnica\/\">soporte<\/a> <\/span>y tratamientos superficiales especiales para satisfacer las diversas necesidades de nuestros clientes en investigaci\u00f3n cient\u00edfica y producci\u00f3n industrial. Por favor, <span style=\"color: #0000ff;\"><a style=\"color: #0000ff;\" href=\"https:\/\/ulpmat.com\/es\/contactanos\/\">p\u00f3ngase en contacto con<\/a> <\/span>nuestro equipo de profesionales para obtener soluciones de alta calidad.<\/p>\n<h2><span style=\"font-size: 14pt;\">Productos destacados<\/span><\/h2>\n<p>Alta pureza garantizada (99,999%)<br \/>\nEstructura uniforme y densa para una alta eficiencia de sputtering<br \/>\nExcelente conductividad el\u00e9ctrica y t\u00e9rmica<br \/>\nPuede procesarse en varias formas y tama\u00f1os<br \/>\nSuperficie lisa, sin poros ni grietas<br \/>\n<span style=\"color: #0000ff;\"><a style=\"color: #0000ff;\" href=\"https:\/\/ulpmat.com\/es\/servicio\/vinculacion-al-objetivo\/\">Servicios de<\/a> <\/span>servicios disponibles<br \/>\nApto para sputtering DC y RF<br \/>\nProducci\u00f3n personalizada para satisfacer requisitos de proceso especiales<\/p>\n<h2><span style=\"font-size: 14pt;\">Aplicaciones de los c\u00e1todos para sputtering de plata met\u00e1lica<\/span><\/h2>\n<p>Utilizado para la fabricaci\u00f3n por sputtering de pel\u00edculas finas en dispositivos electr\u00f3nicos y semiconductores.<br \/>\nComo material conductor de pel\u00edcula fina en <span style=\"color: #0000ff;\"><a style=\"color: #0000ff;\" href=\"https:\/\/ulpmat.com\/es\/solicitud\/energia-solar-fotovoltaica\/\">c\u00e9lulas solares<\/a> <\/span>y dispositivos fotovoltaicos.<br \/>\nAdecuado para la deposici\u00f3n de capas conductoras en sensores de alto rendimiento.<br \/>\nUtilizado para la fabricaci\u00f3n de pel\u00edculas \u00f3pticas reflectantes y pel\u00edculas met\u00e1licas decorativas.<\/p>\n<h2><span style=\"color: #0000ff;\"><a style=\"color: #0000ff;\" href=\"https:\/\/ulpmat.com\/es\/empresa\/preguntas-frecuentes\/\"><span style=\"font-size: 14pt;\">Preguntas frecuentes<\/span><\/a><\/span><\/h2>\n<p>P1: \u00bfC\u00f3mo se embala y env\u00eda el c\u00e1todo para sputtering de plata?<br \/>\nR1: Se utiliza un embalaje a prueba de golpes y humedad, asegurado con espuma o cajas de madera para garantizar que el c\u00e1todo no se da\u00f1e durante el transporte.<\/p>\n<p>P2: \u00bfPueden personalizarse la pureza y las especificaciones del c\u00e1todo de plata?<br \/>\nA2: S\u00ed, la pureza oscila entre el 99,99% y el 99,999%, y el tama\u00f1o y el grosor pueden personalizarse seg\u00fan los requisitos del cliente.<\/p>\n<p>P3: \u00bfC\u00f3mo debe almacenarse el c\u00e1todo para sputtering para mantener su rendimiento?<br \/>\nA3: Por favor, almac\u00e9nelo en un ambiente seco, fresco y oscuro, evitando el contacto con productos qu\u00edmicos corrosivos y aire de alta humedad.<\/p>\n<p>P4: \u00bfQu\u00e9 <span style=\"color: #0000ff;\"><a style=\"color: #0000ff;\" href=\"https:\/\/ulpmat.com\/es\/servicio\/servicio-posventa\/\">servicios posventa<\/a><\/span> ofrece su empresa?<br \/>\nA4: Ofrecemos <span style=\"color: #0000ff;\"><a style=\"color: #0000ff;\" href=\"https:\/\/ulpmat.com\/es\/servicio\/asistencia-tecnica\/\">asistencia t\u00e9cnica,<\/a> <\/span>procesamiento personalizado, suministro a granel, seguimiento del rendimiento objetivo y servicios de respuesta r\u00e1pida a problemas.<\/p>\n<h2><span style=\"font-size: 14pt;\">Informes<\/span><\/h2>\n<p>Cada lote se suministra con:<br \/>\n<span style=\"color: #0000ff;\"><a style=\"color: #0000ff;\" href=\"https:\/\/ulpmat.com\/es\/servicio\/analisis-quimico\/\">Certificado de an\u00e1lisis (COA)<\/a><\/span><br \/>\n<span style=\"color: #0000ff;\"><a style=\"color: #0000ff;\" href=\"https:\/\/ulpmat.com\/es\/documentos\/ficha-tecnica\/\">Ficha t\u00e9cnica (TDS)<\/a><\/span><br \/>\n<span style=\"color: #0000ff;\"><a style=\"color: #0000ff;\" href=\"https:\/\/ulpmat.com\/es\/documentos\/ficha-de-datos-de-seguridad\/\">Ficha de datos de seguridad (FDS)<\/a><\/span><br \/>\nInformes de pruebas de terceros disponibles previa solicitud<\/p>\n<h2><span style=\"font-size: 14pt;\">\u00bfPor qu\u00e9 elegirnos?<\/span><\/h2>\n<p>Estamos especializados en la investigaci\u00f3n y el suministro de c\u00e1todos para sputtering de metal plateado de gran pureza, controlando estrictamente la pureza, la densidad y la suavidad de la superficie de los c\u00e1todos para garantizar pel\u00edculas para sputtering uniformes y estables. Elegirnos significa recibir productos fiables, servicios personalizados y asistencia t\u00e9cnica profesional, lo que nos convierte en un socio de primera para la fabricaci\u00f3n de productos electr\u00f3nicos, pel\u00edculas \u00f3pticas delgadas y aplicaciones industriales de alta precisi\u00f3n.<\/p>\n","protected":false},"excerpt":{"rendered":"<p>C\u00e1todos para sputtering de metal plateado Descripci\u00f3n general Los c\u00e1todos para son materiales met\u00e1licos de gran pureza con una excelente conductividad el\u00e9ctrica y t\u00e9rmica, y se pulverizan f\u00e1cil y uniformemente en pel\u00edculas. Se utilizan ampliamente en la fabricaci\u00f3n de componentes electr\u00f3nicos, pel\u00edculas finas \u00f3pticas, sensores, dispositivos de energ\u00eda solar y otras pel\u00edculas finas industriales de [&hellip;]<\/p>\n","protected":false},"featured_media":23849,"template":"","meta":{"_acf_changed":false},"product_brand":[132],"product_cat":[309],"product_tag":[1974],"class_list":{"0":"post-23848","1":"product","2":"type-product","3":"status-publish","4":"has-post-thumbnail","6":"product_brand-ulpmat","7":"product_cat-blanco-metalico-para-sputtering","8":"product_tag-blanco-para-sputtering-de-plata-metalica","10":"first","11":"instock","12":"shipping-taxable","13":"product-type-variable"},"acf":[],"_links":{"self":[{"href":"https:\/\/ulpmat.com\/es\/wp-json\/wp\/v2\/product\/23848","targetHints":{"allow":["GET"]}}],"collection":[{"href":"https:\/\/ulpmat.com\/es\/wp-json\/wp\/v2\/product"}],"about":[{"href":"https:\/\/ulpmat.com\/es\/wp-json\/wp\/v2\/types\/product"}],"wp:featuredmedia":[{"embeddable":true,"href":"https:\/\/ulpmat.com\/es\/wp-json\/wp\/v2\/media\/23849"}],"wp:attachment":[{"href":"https:\/\/ulpmat.com\/es\/wp-json\/wp\/v2\/media?parent=23848"}],"wp:term":[{"taxonomy":"product_brand","embeddable":true,"href":"https:\/\/ulpmat.com\/es\/wp-json\/wp\/v2\/product_brand?post=23848"},{"taxonomy":"product_cat","embeddable":true,"href":"https:\/\/ulpmat.com\/es\/wp-json\/wp\/v2\/product_cat?post=23848"},{"taxonomy":"product_tag","embeddable":true,"href":"https:\/\/ulpmat.com\/es\/wp-json\/wp\/v2\/product_tag?post=23848"}],"curies":[{"name":"wp","href":"https:\/\/api.w.org\/{rel}","templated":true}]}}