{"id":23785,"date":"2025-11-18T17:58:31","date_gmt":"2025-11-18T09:58:31","guid":{"rendered":"https:\/\/ulpmat.com\/product\/metal-plateado\/"},"modified":"2025-11-18T17:58:31","modified_gmt":"2025-11-18T09:58:31","slug":"metal-plateado","status":"publish","type":"product","link":"https:\/\/ulpmat.com\/es\/producto\/metal-plateado\/","title":{"rendered":"Metal plateado"},"content":{"rendered":"<h2><span style=\"font-size: 14pt;\">Objetivo rotativo de metal plateado<\/span><\/h2>\n<p><span style=\"color: #0000ff;\"><a style=\"color: #0000ff;\" href=\"https:\/\/ulpmat.com\/es\/buscar\/?type=name&#038;keyword=Silver+metal\">Plata met\u00e1lica<\/a> <\/span>Los c\u00e1todos rotativos son materiales met\u00e1licos de gran pureza dise\u00f1ados para el sputtering industrial y la fabricaci\u00f3n de pel\u00edculas finas de gran superficie. Su dise\u00f1o giratorio mejora la uniformidad del sputtering y prolonga la vida \u00fatil del c\u00e1todo, por lo que se utilizan ampliamente en dispositivos semiconductores, pel\u00edculas \u00f3pticas delgadas, pel\u00edculas decorativas y c\u00e9lulas solares <span style=\"color: #0000ff;\"><a style=\"color: #0000ff;\" href=\"https:\/\/ulpmat.com\/es\/solicitud\/energia-solar-fotovoltaica\/\">c\u00e9lulas solares.<\/a><\/span><\/p>\n<p>Ofrecemos una gran variedad de c\u00e1todos rotatorios de plata met\u00e1lica en distintos tama\u00f1os y especificaciones, incluidos di\u00e1metros, grosores y formas personalizados. Tambi\u00e9n ofrecemos tratamientos superficiales y mecanizado de precisi\u00f3n seg\u00fan los requisitos de proceso del cliente. Por favor,<span style=\"color: #0000ff;\"><a style=\"color: #0000ff;\" href=\"https:\/\/ulpmat.com\/es\/contactanos\/\"> p\u00f3ngase en contacto con nosotros.<\/a><\/span><\/p>\n<h2><span style=\"font-size: 14pt;\">Productos destacados de <\/span><span style=\"font-size: 14pt;\">Diana giratoria de metal plateado<\/span><\/h2>\n<p>Material de plata de gran pureza (99,99%)<br \/>\nPulverizaci\u00f3n cat\u00f3dica uniforme, mejorando la consistencia del espesor de la pel\u00edcula<br \/>\nExcelente conductividad el\u00e9ctrica y t\u00e9rmica<br \/>\nEstructura de alta densidad, que reduce la contaminaci\u00f3n por part\u00edculas<br \/>\nAdecuado para pel\u00edculas finas de gran superficie y producci\u00f3n industrial<br \/>\nPuede procesarse en diferentes di\u00e1metros y espesores<br \/>\nAdmite tratamientos superficiales personalizados y necesidades de mecanizado<\/p>\n<h2><span style=\"font-size: 14pt;\">Aplicaciones del c\u00e1todo rotativo de metal plateado<\/span><\/h2>\n<p>Utilizado para la deposici\u00f3n de pel\u00edculas conductoras de alta precisi\u00f3n en dispositivos semiconductores.<br \/>\nProporciona capas reflectantes uniformes en la fabricaci\u00f3n de pel\u00edculas finas \u00f3pticas.<br \/>\nAdecuado para la fabricaci\u00f3n de capas conductoras en c\u00e9lulas solares y m\u00f3dulos fotovoltaicos.<br \/>\nPuede utilizarse para la pulverizaci\u00f3n cat\u00f3dica de pel\u00edculas met\u00e1licas decorativas y revestimientos funcionales.<\/p>\n<h2><span style=\"color: #0000ff;\"><a style=\"color: #0000ff;\" href=\"https:\/\/ulpmat.com\/es\/empresa\/preguntas-frecuentes\/\"><span style=\"font-size: 14pt;\">Preguntas frecuentes<\/span><\/a><\/span><\/h2>\n<p>P1: \u00bfC\u00f3mo se embalan y transportan los c\u00e1todos rotatorios?<br \/>\nR1: Los c\u00e1todos se embalan en cajas de madera especializadas a prueba de golpes y en pel\u00edculas a prueba de humedad. Durante el transporte se utilizan estructuras de soporte para garantizar que los blancos permanezcan intactos.<\/p>\n<p>P2: \u00bfC\u00f3mo controlan la pureza y las especificaciones de sus c\u00e1todos giratorios?<br \/>\nA2: Podemos suministrar c\u00e1todos giratorios de metal plateado de gran pureza, entre el 99,9% y el 99,99%, y podemos personalizar el di\u00e1metro, el grosor y la estructura giratoria para satisfacer los requisitos de los distintos procesos.<\/p>\n<p>P3: \u00bfQu\u00e9 precauciones deben tomarse al almacenar los c\u00e1todos giratorios?<br \/>\nA3: Deben almacenarse en un entorno seco y a baja temperatura, evitando la luz solar directa y el contacto con \u00e1cidos y \u00e1lcalis corrosivos para garantizar la estabilidad a largo plazo del rendimiento de los c\u00e1todos.<\/p>\n<p>P4: \u00bfQu\u00e9 <span style=\"color: #0000ff;\"><a style=\"color: #0000ff;\" href=\"https:\/\/ulpmat.com\/es\/servicio\/servicio-posventa\/\">servicios posventa<\/a> <\/span>ofrecen?<br \/>\nA4: Ofrecemos <span style=\"color: #0000ff;\"><a style=\"color: #0000ff;\" href=\"https:\/\/ulpmat.com\/es\/servicio\/personalizacion\/\">personalizado<\/a> <\/span>personalizados, orientaci\u00f3n t\u00e9cnica, suministro a granel, seguimiento del rendimiento y servicios de respuesta r\u00e1pida a problemas.<\/p>\n<h2><span style=\"font-size: 14pt;\">Informes<\/span><\/h2>\n<p>Cada lote se suministra con:<br \/>\n<span style=\"color: #0000ff;\"><a style=\"color: #0000ff;\" href=\"https:\/\/ulpmat.com\/es\/servicio\/analisis-quimico\/\">Certificado de an\u00e1lisis (COA)<\/a><\/span><br \/>\n<span style=\"color: #0000ff;\"><a style=\"color: #0000ff;\" href=\"https:\/\/ulpmat.com\/es\/documentos\/ficha-tecnica\/\">Ficha t\u00e9cnica (TDS)<\/a><\/span><br \/>\n<span style=\"color: #0000ff;\"><a style=\"color: #0000ff;\" href=\"https:\/\/ulpmat.com\/es\/documentos\/ficha-de-datos-de-seguridad\/\">Ficha de datos de seguridad (FDS)<\/a><\/span><br \/>\nInformes de pruebas de terceros disponibles previa solicitud<\/p>\n<h2><span style=\"font-size: 14pt;\">\u00bfPor qu\u00e9 elegirnos?<\/span><\/h2>\n<p>Estamos especializados en <span style=\"color: #0000ff;\"><a style=\"color: #0000ff;\" href=\"https:\/\/ulpmat.com\/es\/empresa\/id\/\">I+D<\/a><\/span> y producci\u00f3n de c\u00e1todos de plata de alta pureza, controlando estrictamente la pureza del c\u00e1todo, la densidad y la precisi\u00f3n de la estructura de hilatura para garantizar pel\u00edculas por sputtering uniformes y estables. Elegirnos significa recibir c\u00e1todos de alto rendimiento, servicios de procesamiento personalizados y asistencia t\u00e9cnica completa, lo que nos convierte en un socio de primera clase para la producci\u00f3n industrial, de semiconductores y de pel\u00edculas \u00f3pticas delgadas.<\/p>\n","protected":false},"excerpt":{"rendered":"<p>Objetivo rotativo de metal plateado Plata met\u00e1lica Los c\u00e1todos rotativos son materiales met\u00e1licos de gran pureza dise\u00f1ados para el sputtering industrial y la fabricaci\u00f3n de pel\u00edculas finas de gran superficie. Su dise\u00f1o giratorio mejora la uniformidad del sputtering y prolonga la vida \u00fatil del c\u00e1todo, por lo que se utilizan ampliamente en dispositivos semiconductores, pel\u00edculas [&hellip;]<\/p>\n","protected":false},"featured_media":23786,"template":"","meta":{"_acf_changed":false},"product_brand":[132],"product_cat":[309,474],"product_tag":[1968],"class_list":{"0":"post-23785","1":"product","2":"type-product","3":"status-publish","4":"has-post-thumbnail","6":"product_brand-ulpmat","7":"product_cat-blanco-metalico-para-sputtering","8":"product_cat-blancos-giratorios","9":"product_tag-blanco-giratorio-de-metal-plateado","11":"first","12":"instock","13":"shipping-taxable","14":"product-type-variable"},"acf":[],"_links":{"self":[{"href":"https:\/\/ulpmat.com\/es\/wp-json\/wp\/v2\/product\/23785","targetHints":{"allow":["GET"]}}],"collection":[{"href":"https:\/\/ulpmat.com\/es\/wp-json\/wp\/v2\/product"}],"about":[{"href":"https:\/\/ulpmat.com\/es\/wp-json\/wp\/v2\/types\/product"}],"wp:featuredmedia":[{"embeddable":true,"href":"https:\/\/ulpmat.com\/es\/wp-json\/wp\/v2\/media\/23786"}],"wp:attachment":[{"href":"https:\/\/ulpmat.com\/es\/wp-json\/wp\/v2\/media?parent=23785"}],"wp:term":[{"taxonomy":"product_brand","embeddable":true,"href":"https:\/\/ulpmat.com\/es\/wp-json\/wp\/v2\/product_brand?post=23785"},{"taxonomy":"product_cat","embeddable":true,"href":"https:\/\/ulpmat.com\/es\/wp-json\/wp\/v2\/product_cat?post=23785"},{"taxonomy":"product_tag","embeddable":true,"href":"https:\/\/ulpmat.com\/es\/wp-json\/wp\/v2\/product_tag?post=23785"}],"curies":[{"name":"wp","href":"https:\/\/api.w.org\/{rel}","templated":true}]}}