{"id":23433,"date":"2025-10-31T11:38:12","date_gmt":"2025-10-31T03:38:12","guid":{"rendered":"https:\/\/ulpmat.com\/product\/hidrato-de-cloruro-de-estano-ii\/"},"modified":"2025-10-31T11:38:12","modified_gmt":"2025-10-31T03:38:12","slug":"hidrato-de-cloruro-de-estano-ii","status":"publish","type":"product","link":"https:\/\/ulpmat.com\/es\/producto\/hidrato-de-cloruro-de-estano-ii\/","title":{"rendered":"Hidrato de cloruro de esta\u00f1o (II)"},"content":{"rendered":"<h2><span style=\"font-family: georgia, palatino, serif; font-size: 14pt;\">Cloruro de esta\u00f1o(II) hidratado Polvo Descripci\u00f3n general<\/span><\/h2>\n<p><span style=\"font-family: georgia, palatino, serif;\"><span style=\"color: #0000ff;\"><a style=\"color: #0000ff;\" href=\"https:\/\/ulpmat.com\/es\/buscar\/?type=name&#038;keyword=Tin%28II%29+Chloride\">El cloruro de esta\u00f1o(II)<\/a> <\/span>es un compuesto inorg\u00e1nico de esta\u00f1o estable y de gran pureza que se utiliza ampliamente en productos qu\u00edmicos electr\u00f3nicos, catalizadores, materiales funcionales y s\u00edntesis qu\u00edmica. Su excelente reactividad y solubilidad lo convierten en una materia prima clave en qu\u00edmica fina, compuestos organoest\u00e1nnicos y aplicaciones relacionadas con la energ\u00eda.<\/span><\/p>\n<p><span style=\"font-family: georgia, palatino, serif;\">Ofrecemos polvo de SnCl2-2H2O en varios grados de pureza y tama\u00f1os de part\u00edcula, con opciones de envasado flexibles. Nuestro experimentado equipo t\u00e9cnico puede ayudar a los clientes en la selecci\u00f3n de materiales, la evaluaci\u00f3n del rendimiento y el desarrollo de aplicaciones. Para consultas t\u00e9cnicas o sobre aplicaciones <span style=\"color: #0000ff;\"><a style=\"color: #0000ff;\" href=\"https:\/\/ulpmat.com\/es\/contactanos\/\">p\u00f3ngase en contacto con nosotros.<\/a><\/span><\/span><\/p>\n<h2><span style=\"font-family: georgia, palatino, serif; font-size: 14pt;\">Caracter\u00edsticas del producto<\/span><\/h2>\n<p><span style=\"font-family: georgia, palatino, serif;\">Pureza: 99<\/span><br \/>\n<span style=\"font-family: georgia, palatino, serif;\">Alta estabilidad qu\u00edmica: Baja higroscopicidad, resistente a la descomposici\u00f3n<\/span><br \/>\n<span style=\"font-family: georgia, palatino, serif;\">Estructura de part\u00edculas finas: Facilita una dispersi\u00f3n uniforme y una reactividad controlada<\/span><br \/>\n<span style=\"font-family: georgia, palatino, serif;\">M\u00faltiples tama\u00f1os de part\u00edculas disponibles: Admite una distribuci\u00f3n de nano a microescala<\/span><br \/>\n<span style=\"font-family: georgia, palatino, serif;\">Aplicaciones vers\u00e1tiles: Adecuado para catalizadores, productos qu\u00edmicos electr\u00f3nicos y s\u00edntesis de organoest\u00e1nnicos<\/span><\/p>\n<h2><span style=\"font-family: georgia, palatino, serif; font-size: 14pt;\">Aplicaciones del cloruro de esta\u00f1o (II) hidratado Polvo <\/span><\/h2>\n<p><span style=\"font-family: georgia, palatino, serif;\">Catalizador y s\u00edntesis qu\u00edmica: Precursor de catalizadores a base de esta\u00f1o y compuestos organoest\u00e1nnicos<\/span><br \/>\n<span style=\"font-family: georgia, palatino, serif;\">Productos qu\u00edmicos electr\u00f3nicos: Fuente de esta\u00f1o en procesos de semiconductores, electrodos y galvanoplastia<\/span><br \/>\n<span style=\"font-family: georgia, palatino, serif;\">Recubrimientos y pel\u00edculas funcionales: Utilizados en recubrimientos CVD o basados en soluciones para producir pel\u00edculas finas que contienen esta\u00f1o<\/span><br \/>\n<span style=\"font-family: georgia, palatino, serif;\">Nuevos materiales energ\u00e9ticos: Aplicado en la modificaci\u00f3n de \u00e1nodos de bater\u00edas de iones de litio y en la preparaci\u00f3n de materiales para electrodos<\/span><br \/>\n<span style=\"font-family: georgia, palatino, serif;\">Producci\u00f3n de qu\u00edmica fina: Reactivo en s\u00edntesis org\u00e1nica y procesos qu\u00edmicos industriales<\/span><\/p>\n<h2><span style=\"font-family: georgia, palatino, serif; font-size: 14pt;\">Informes<\/span><\/h2>\n<p><span style=\"font-family: georgia, palatino, serif;\">Cada env\u00edo de polvo de SnCl\u2082-2H\u2082O va acompa\u00f1ado de:<\/span><br \/>\n<span style=\"color: #0000ff;\"><a style=\"color: #0000ff;\" href=\"https:\/\/ulpmat.com\/es\/servicio\/analisis-quimico\/\"><span style=\"font-family: georgia, palatino, serif;\">Certificado de an\u00e1lisis (COA)<\/span><\/a><\/span><br \/>\n<span style=\"font-family: georgia, palatino, serif;\">Hoja de datos de seguridad del material (MSDS)<\/span><br \/>\n<span style=\"font-family: georgia, palatino, serif;\">Pruebas opcionales de terceros para una mayor garant\u00eda de calidad<\/span><\/p>\n<h2><span style=\"font-family: georgia, palatino, serif; font-size: 14pt;\">PREGUNTAS FRECUENTES<\/span><\/h2>\n<p><span style=\"font-family: georgia, palatino, serif;\">P1: \u00bfQu\u00e9 grados de pureza hay disponibles para el SnCl\u2082-2H\u2082O?<\/span><br \/>\n<span style=\"font-family: georgia, palatino, serif;\">R1: Ofrecemos polvo de alta pureza del 99,9% adecuado para aplicaciones industriales y de investigaci\u00f3n. Tambi\u00e9n disponemos de grados personalizados bajo pedido.<\/span><\/p>\n<p><span style=\"font-family: georgia, palatino, serif;\">P2: \u00bfSe puede utilizar SnCl\u2082-2H\u2082O en la deposici\u00f3n de pel\u00edculas finas?<\/span><br \/>\n<span style=\"font-family: georgia, palatino, serif;\">A2: S\u00ed, se utiliza habitualmente como precursor de esta\u00f1o en procesos CVD o basados en soluciones para producir pel\u00edculas funcionales de esta\u00f1o.<\/span><\/p>\n<p><span style=\"font-family: georgia, palatino, serif;\">P3: \u00bfC\u00f3mo se debe almacenar el polvo de SnCl\u2082-2H\u2082O?<\/span><br \/>\n<span style=\"font-family: georgia, palatino, serif;\">A3: Almac\u00e9nelo en un recipiente herm\u00e9ticamente cerrado, en un lugar fresco y seco, alejado de la humedad y de la luz solar directa para mantener la estabilidad.<\/span><\/p>\n<p><span style=\"font-family: georgia, palatino, serif;\">P4: \u00bfOfrecen asistencia t\u00e9cnica para las aplicaciones?<\/span><br \/>\n<span style=\"font-family: georgia, palatino, serif;\">A4: S\u00ed, nuestro equipo t\u00e9cnico ofrece asistencia para la selecci\u00f3n de materiales, la evaluaci\u00f3n del rendimiento y el desarrollo de aplicaciones.<\/span><\/p>\n","protected":false},"excerpt":{"rendered":"<p>Cloruro de esta\u00f1o(II) hidratado Polvo Descripci\u00f3n general El cloruro de esta\u00f1o(II) es un compuesto inorg\u00e1nico de esta\u00f1o estable y de gran pureza que se utiliza ampliamente en productos qu\u00edmicos electr\u00f3nicos, catalizadores, materiales funcionales y s\u00edntesis qu\u00edmica. Su excelente reactividad y solubilidad lo convierten en una materia prima clave en qu\u00edmica fina, compuestos organoest\u00e1nnicos y aplicaciones [&hellip;]<\/p>\n","protected":false},"featured_media":23434,"template":"","meta":{"_acf_changed":false},"product_brand":[132],"product_cat":[330],"product_tag":[],"class_list":{"0":"post-23433","1":"product","2":"type-product","3":"status-publish","4":"has-post-thumbnail","6":"product_brand-ulpmat","7":"product_cat-materiales-halogenados","9":"first","10":"instock","11":"shipping-taxable","12":"product-type-variable"},"acf":[],"_links":{"self":[{"href":"https:\/\/ulpmat.com\/es\/wp-json\/wp\/v2\/product\/23433","targetHints":{"allow":["GET"]}}],"collection":[{"href":"https:\/\/ulpmat.com\/es\/wp-json\/wp\/v2\/product"}],"about":[{"href":"https:\/\/ulpmat.com\/es\/wp-json\/wp\/v2\/types\/product"}],"wp:featuredmedia":[{"embeddable":true,"href":"https:\/\/ulpmat.com\/es\/wp-json\/wp\/v2\/media\/23434"}],"wp:attachment":[{"href":"https:\/\/ulpmat.com\/es\/wp-json\/wp\/v2\/media?parent=23433"}],"wp:term":[{"taxonomy":"product_brand","embeddable":true,"href":"https:\/\/ulpmat.com\/es\/wp-json\/wp\/v2\/product_brand?post=23433"},{"taxonomy":"product_cat","embeddable":true,"href":"https:\/\/ulpmat.com\/es\/wp-json\/wp\/v2\/product_cat?post=23433"},{"taxonomy":"product_tag","embeddable":true,"href":"https:\/\/ulpmat.com\/es\/wp-json\/wp\/v2\/product_tag?post=23433"}],"curies":[{"name":"wp","href":"https:\/\/api.w.org\/{rel}","templated":true}]}}