{"id":23397,"date":"2025-10-31T11:38:13","date_gmt":"2025-10-31T03:38:13","guid":{"rendered":"https:\/\/ulpmat.com\/product\/fluoruro-de-estano-ii\/"},"modified":"2025-10-31T11:38:13","modified_gmt":"2025-10-31T03:38:13","slug":"fluoruro-de-estano-ii","status":"publish","type":"product","link":"https:\/\/ulpmat.com\/es\/producto\/fluoruro-de-estano-ii\/","title":{"rendered":"Fluoruro de esta\u00f1o (II)"},"content":{"rendered":"<h2><span style=\"font-family: georgia, palatino, serif; font-size: 14pt;\">Fluoruro de esta\u00f1o(II) en polvo Overview<\/span><\/h2>\n<p><span style=\"font-family: georgia, palatino, serif;\"><span style=\"color: #0000ff;\"><a style=\"color: #0000ff;\" href=\"https:\/\/ulpmat.com\/es\/buscar\/?type=name&#038;keyword=Tin%28II%29+Fluoride\"> Fluoruro de esta\u00f1o(II)<\/a><\/span> en polvo es un material de fluoruro inorg\u00e1nico estable y de gran pureza ampliamente utilizado en materiales electr\u00f3nicos, cer\u00e1mica funcional, soportes de catalizadores y s\u00edntesis qu\u00edmica. Sus excelentes propiedades electroqu\u00edmicas y su reactividad lo convierten en una materia prima clave en las nuevas energ\u00edas y la qu\u00edmica fina.<\/span><\/p>\n<p><span style=\"font-family: georgia, palatino, serif;\">Ofrecemos polvo de fluoruro de esta\u00f1o (II) en varios tama\u00f1os de part\u00edcula y grados de pureza, y admitimos envases personalizados. Nuestro equipo t\u00e9cnico puede ayudar a los clientes en la selecci\u00f3n de materiales, la evaluaci\u00f3n del rendimiento y el desarrollo de aplicaciones. Si tiene alguna pregunta t\u00e9cnica o de aplicaci\u00f3n, no dude en<span style=\"color: #0000ff;\"><a style=\"color: #0000ff;\" href=\"https:\/\/ulpmat.com\/es\/contactanos\/\"> ponerse en contacto con nosotros.<\/a><\/span><\/span><\/p>\n<h2><span style=\"font-family: georgia, palatino, serif; font-size: 14pt;\">Caracter\u00edsticas del producto<\/span><\/h2>\n<p><span style=\"font-family: georgia, palatino, serif;\">Pureza: 99,9<\/span><br \/>\n<span style=\"font-family: georgia, palatino, serif;\">Alta estabilidad qu\u00edmica: Resistente a la descomposici\u00f3n, baja higroscopicidad<\/span><br \/>\n<span style=\"font-family: georgia, palatino, serif;\">Estructura de part\u00edculas finas: Facilita el control de la reacci\u00f3n y la dispersi\u00f3n uniforme<\/span><br \/>\n<span style=\"font-family: georgia, palatino, serif;\">Varios tama\u00f1os de part\u00edculas disponibles: Admite una distribuci\u00f3n de nanom\u00e9trica a microm\u00e9trica<\/span><br \/>\n<span style=\"font-family: georgia, palatino, serif;\">Adecuado para materiales de bater\u00edas, vidrio funcional, deposici\u00f3n qu\u00edmica de vapor y otras aplicaciones<\/span><\/p>\n<h2><span style=\"font-family: georgia, palatino, serif; font-size: 14pt;\">Aplicaciones del polvo de fluoruro de esta\u00f1o (II)<\/span><\/h2>\n<p><span style=\"font-family: georgia, palatino, serif;\">Materiales para bater\u00edas de litio: Utilizado como agente de pretratamiento de \u00e1nodos y estabilizador de interfaces<\/span><br \/>\n<span style=\"font-family: georgia, palatino, serif;\">Pasta de dientes\/productos qu\u00edmicos de uso diario: Utilizado como aditivo fluorado para mejorar las propiedades anticaries<\/span><br \/>\n<span style=\"font-family: georgia, palatino, serif;\">Cer\u00e1mica funcional\/vidrio: Mejora las caracter\u00edsticas de fusi\u00f3n y las propiedades \u00f3pticas<\/span><br \/>\n<span style=\"font-family: georgia, palatino, serif;\">Productos qu\u00edmicos electr\u00f3nicos: Se utiliza como reactivo fluorado o aditivo galv\u00e1nico<\/span><br \/>\n<span style=\"font-family: georgia, palatino, serif;\">Deposici\u00f3n de pel\u00edculas finas: Utilizado como precursor de pel\u00edculas fluoradas en procesos de CVD o sputtering<\/span><\/p>\n<h2><span style=\"font-family: georgia, palatino, serif; font-size: 14pt;\">Informes<\/span><\/h2>\n<p><span style=\"font-family: georgia, palatino, serif;\">Proporcionamos un <span style=\"color: #0000ff;\"><a style=\"color: #0000ff;\" href=\"https:\/\/ulpmat.com\/es\/servicio\/analisis-quimico\/\">Certificado de an\u00e1lisis (COA)<\/a><\/span>hoja de datos de seguridad del material (MSDS) y otros informes relevantes con cada env\u00edo. Tambi\u00e9n realizamos pruebas a terceros para mejorar la garant\u00eda de calidad.<\/span><\/p>\n","protected":false},"excerpt":{"rendered":"<p>Fluoruro de esta\u00f1o(II) en polvo Overview Fluoruro de esta\u00f1o(II) en polvo es un material de fluoruro inorg\u00e1nico estable y de gran pureza ampliamente utilizado en materiales electr\u00f3nicos, cer\u00e1mica funcional, soportes de catalizadores y s\u00edntesis qu\u00edmica. Sus excelentes propiedades electroqu\u00edmicas y su reactividad lo convierten en una materia prima clave en las nuevas energ\u00edas y la [&hellip;]<\/p>\n","protected":false},"featured_media":23398,"template":"","meta":{"_acf_changed":false},"product_brand":[132],"product_cat":[330],"product_tag":[],"class_list":{"0":"post-23397","1":"product","2":"type-product","3":"status-publish","4":"has-post-thumbnail","6":"product_brand-ulpmat","7":"product_cat-materiales-halogenados","9":"first","10":"instock","11":"shipping-taxable","12":"product-type-variable"},"acf":[],"_links":{"self":[{"href":"https:\/\/ulpmat.com\/es\/wp-json\/wp\/v2\/product\/23397","targetHints":{"allow":["GET"]}}],"collection":[{"href":"https:\/\/ulpmat.com\/es\/wp-json\/wp\/v2\/product"}],"about":[{"href":"https:\/\/ulpmat.com\/es\/wp-json\/wp\/v2\/types\/product"}],"wp:featuredmedia":[{"embeddable":true,"href":"https:\/\/ulpmat.com\/es\/wp-json\/wp\/v2\/media\/23398"}],"wp:attachment":[{"href":"https:\/\/ulpmat.com\/es\/wp-json\/wp\/v2\/media?parent=23397"}],"wp:term":[{"taxonomy":"product_brand","embeddable":true,"href":"https:\/\/ulpmat.com\/es\/wp-json\/wp\/v2\/product_brand?post=23397"},{"taxonomy":"product_cat","embeddable":true,"href":"https:\/\/ulpmat.com\/es\/wp-json\/wp\/v2\/product_cat?post=23397"},{"taxonomy":"product_tag","embeddable":true,"href":"https:\/\/ulpmat.com\/es\/wp-json\/wp\/v2\/product_tag?post=23397"}],"curies":[{"name":"wp","href":"https:\/\/api.w.org\/{rel}","templated":true}]}}