{"id":23337,"date":"2025-10-31T11:38:13","date_gmt":"2025-10-31T03:38:13","guid":{"rendered":"https:\/\/ulpmat.com\/product\/oxido-de-estano-ii-2\/"},"modified":"2025-10-31T11:38:13","modified_gmt":"2025-10-31T03:38:13","slug":"oxido-de-estano-ii-2","status":"publish","type":"product","link":"https:\/\/ulpmat.com\/es\/producto\/oxido-de-estano-ii-2\/","title":{"rendered":"\u00d3xido de esta\u00f1o (II)"},"content":{"rendered":"<h2><span style=\"font-family: georgia, palatino, serif; font-size: 14pt;\">\u00d3xido de esta\u00f1o (II) en polvo Descripci\u00f3n general<\/span><\/h2>\n<p><span style=\"font-family: georgia, palatino, serif;\"><span style=\"color: #0000ff;\"><a style=\"color: #0000ff;\" href=\"https:\/\/ulpmat.com\/es\/buscar\/?type=name&#038;keyword=Tin%28II%29+Oxide\">\u00d3xido de esta\u00f1o (II)<\/a> <\/span>En polvo es un material compuesto de esta\u00f1o inorg\u00e1nico con propiedades semiconductoras y buena estabilidad qu\u00edmica. Se utiliza principalmente en electr\u00f3nica y semiconductores, cat\u00e1lisis, cer\u00e1mica y revestimientos, vidrio, metalurgia y otros campos.<\/span><\/p>\n<p><span style=\"font-family: georgia, palatino, serif;\">Ofrecemos polvo de \u00f3xido de esta\u00f1o (II) en una gran variedad de formas y tama\u00f1os, incluidas formas redondas y rectangulares, y puede personalizarse para satisfacer sus necesidades espec\u00edficas. Tambi\u00e9n ofrecemos<span style=\"color: #0000ff;\"><a style=\"color: #0000ff;\" href=\"https:\/\/ulpmat.com\/es\/servicio\/asistencia-tecnica\/\"> asistencia t\u00e9cnica<\/a><\/span> y <span style=\"color: #0000ff;\"><a style=\"color: #0000ff;\" href=\"https:\/\/ulpmat.com\/es\/servicio\/servicio-posventa\/\">servicio postventa.<\/a><\/span> No dude en ponerse en contacto con nosotros si tiene alg\u00fan problema durante el uso.<\/span><\/p>\n<h2><span style=\"font-family: georgia, palatino, serif; font-size: 14pt;\">Caracter\u00edsticas del producto<\/span><\/h2>\n<p><span style=\"font-family: georgia, palatino, serif;\">Pureza: 99,9<\/span><br \/>\n<span style=\"font-family: georgia, palatino, serif;\">La alta densidad garantiza la uniformidad y adherencia de la pel\u00edcula<\/span><br \/>\n<span style=\"font-family: georgia, palatino, serif;\"><span style=\"color: #0000ff;\"><a style=\"color: #0000ff;\" href=\"https:\/\/ulpmat.com\/es\/servicio\/personalizacion\/\">Personalizable<\/a><\/span> tama\u00f1o, forma y tama\u00f1o de poro<\/span><\/p>\n<h2><span style=\"font-family: georgia, palatino, serif; font-size: 14pt;\">Aplicaciones del \u00f3xido de esta\u00f1o (II) en polvo<\/span><\/h2>\n<div class=\"n4sEPd\">\n<div class=\"UdTY9 qhIQqf leDWne\" aria-hidden=\"true\" data-location=\"1\"><span style=\"font-family: georgia, palatino, serif;\">En los campos de la electr\u00f3nica y los semiconductores: El polvo de alta pureza puede utilizarse como precursor de pel\u00edculas conductoras transparentes (para pantallas t\u00e1ctiles y electrodos de c\u00e9lulas solares), as\u00ed como en sensores de gas (que detectan gases como CO y H\u2082S), y puede participar en revestimientos de vidrio Low-E (que reducen la radiaci\u00f3n t\u00e9rmica infrarroja).<\/span><br \/>\n<span style=\"font-family: georgia, palatino, serif;\">En el campo de la cat\u00e1lisis Puede utilizarse como catalizador (por ejemplo, en la reacci\u00f3n de transesterificaci\u00f3n para la producci\u00f3n de biodi\u00e9sel) o como soporte, y tambi\u00e9n puede combinarse con TiO\u2082 para mejorar la eficiencia fotocatal\u00edtica (degradaci\u00f3n de contaminantes org\u00e1nicos).<\/span><br \/>\n<span style=\"font-family: georgia, palatino, serif;\">En el campo de la cer\u00e1mica y los revestimientos: A\u00f1adido a esmaltes cer\u00e1micos para conseguir un color gris azulado, y a\u00f1adido a recubrimientos met\u00e1licos para mejorar la resistencia a la corrosi\u00f3n y la adherencia (adecuado para entornos de alta humedad).<\/span><br \/>\n<span style=\"font-family: georgia, palatino, serif;\">Otros campos: Utilizado en la industria del vidrio para reducir la radiaci\u00f3n t\u00e9rmica, o como agente reductor metal\u00fargico y aditivo de aleaci\u00f3n para mejorar las propiedades de los metales.<\/span><\/div>\n<\/div>\n<h2><span style=\"font-family: georgia, palatino, serif; font-size: 14pt;\">Informes<\/span><\/h2>\n<p><span style=\"font-family: georgia, palatino, serif;\">Proporcionamos un completo <span style=\"color: #0000ff;\"><a style=\"color: #0000ff;\" href=\"https:\/\/ulpmat.com\/es\/servicio\/analisis-quimico\/\">Certificado de an\u00e1lisis (COA),<\/a><\/span> Hoja de datos de seguridad del material (MSDS) e informes de conformidad pertinentes para cada lote de productos. Tambi\u00e9n apoyamos las pruebas y certificaciones de terceros para garantizar a\u00fan m\u00e1s la calidad estable y fiable de los productos.<\/span><\/p>\n","protected":false},"excerpt":{"rendered":"<p>\u00d3xido de esta\u00f1o (II) en polvo Descripci\u00f3n general \u00d3xido de esta\u00f1o (II) En polvo es un material compuesto de esta\u00f1o inorg\u00e1nico con propiedades semiconductoras y buena estabilidad qu\u00edmica. Se utiliza principalmente en electr\u00f3nica y semiconductores, cat\u00e1lisis, cer\u00e1mica y revestimientos, vidrio, metalurgia y otros campos. Ofrecemos polvo de \u00f3xido de esta\u00f1o (II) en una gran variedad [&hellip;]<\/p>\n","protected":false},"featured_media":23338,"template":"","meta":{"_acf_changed":false},"product_brand":[132],"product_cat":[438],"product_tag":[],"class_list":{"0":"post-23337","1":"product","2":"type-product","3":"status-publish","4":"has-post-thumbnail","6":"product_brand-ulpmat","7":"product_cat-oxidos","9":"first","10":"instock","11":"shipping-taxable","12":"product-type-variable"},"acf":[],"_links":{"self":[{"href":"https:\/\/ulpmat.com\/es\/wp-json\/wp\/v2\/product\/23337","targetHints":{"allow":["GET"]}}],"collection":[{"href":"https:\/\/ulpmat.com\/es\/wp-json\/wp\/v2\/product"}],"about":[{"href":"https:\/\/ulpmat.com\/es\/wp-json\/wp\/v2\/types\/product"}],"wp:featuredmedia":[{"embeddable":true,"href":"https:\/\/ulpmat.com\/es\/wp-json\/wp\/v2\/media\/23338"}],"wp:attachment":[{"href":"https:\/\/ulpmat.com\/es\/wp-json\/wp\/v2\/media?parent=23337"}],"wp:term":[{"taxonomy":"product_brand","embeddable":true,"href":"https:\/\/ulpmat.com\/es\/wp-json\/wp\/v2\/product_brand?post=23337"},{"taxonomy":"product_cat","embeddable":true,"href":"https:\/\/ulpmat.com\/es\/wp-json\/wp\/v2\/product_cat?post=23337"},{"taxonomy":"product_tag","embeddable":true,"href":"https:\/\/ulpmat.com\/es\/wp-json\/wp\/v2\/product_tag?post=23337"}],"curies":[{"name":"wp","href":"https:\/\/api.w.org\/{rel}","templated":true}]}}