{"id":23244,"date":"2025-10-31T11:38:14","date_gmt":"2025-10-31T03:38:14","guid":{"rendered":"https:\/\/ulpmat.com\/product\/oxido-de-estano-iv-2\/"},"modified":"2025-10-31T11:38:14","modified_gmt":"2025-10-31T03:38:14","slug":"oxido-de-estano-iv-2","status":"publish","type":"product","link":"https:\/\/ulpmat.com\/es\/producto\/oxido-de-estano-iv-2\/","title":{"rendered":"\u00d3xido de esta\u00f1o (IV)"},"content":{"rendered":"<h2><span style=\"font-family: georgia, palatino, serif; font-size: 14pt;\">\u00d3xido de esta\u00f1o (IV) en polvo Descripci\u00f3n general<\/span><\/h2>\n<p><span style=\"font-family: georgia, palatino, serif;\"><span style=\"color: #0000ff;\"><a style=\"color: #0000ff;\" href=\"https:\/\/ulpmat.com\/es\/buscar\/?type=name&#038;keyword=Tin%28IV%29+oxide\">El \u00f3xido de esta\u00f1o (IV)<\/a><\/span> en polvo es un material de \u00f3xido funcional de gran pureza y superficie ampliamente utilizado en cer\u00e1mica, sensores de gas, pel\u00edculas conductoras transparentes, electrocat\u00e1lisis, bater\u00edas de litio y otros campos. Ofrecemos una gran variedad de especificaciones de polvo de \u00f3xido de esta\u00f1o (IV), desde grado de laboratorio hasta grado industrial, con part\u00edculas de tama\u00f1o uniforme, excelente dispersabilidad y bajo contenido de impurezas.<\/span><\/p>\n<p><span style=\"font-family: georgia, palatino, serif;\">Respaldamos la fabricaci\u00f3n a medida de polvos de \u00f3xido de esta\u00f1o (IV) de distintos tama\u00f1os de part\u00edcula y purezas, a la vez que ofrecemos un control de lotes estable y un servicio integral de <span style=\"color: #0000ff;\"><a style=\"color: #0000ff;\" href=\"https:\/\/ulpmat.com\/es\/servicio\/servicio-posventa\/\">asistencia posventa<\/a><\/span> para ayudarle a conseguir una investigaci\u00f3n eficaz y una producci\u00f3n a gran escala.<\/span><\/p>\n<h2><span style=\"font-family: georgia, palatino, serif; font-size: 14pt;\">Caracter\u00edsticas del producto<\/span><\/h2>\n<p><span style=\"font-family: georgia, palatino, serif;\">Pureza: 99% a 99,999<\/span><br \/>\n<span style=\"font-family: georgia, palatino, serif;\">Tama\u00f1o de part\u00edcula ajustable: Personalizable<\/span><br \/>\n<span style=\"font-family: georgia, palatino, serif;\">Excelente dispersabilidad y rendimiento de sinterizaci\u00f3n<\/span><br \/>\n<span style=\"font-family: georgia, palatino, serif;\">Varios tama\u00f1os de envase disponibles<\/span><br \/>\n<span style=\"font-family: georgia, palatino, serif;\">Adecuado para diversos procesos de sinterizaci\u00f3n a alta temperatura y fabricaci\u00f3n de c\u00e1todos para sputtering<\/span><\/p>\n<h2><span style=\"font-family: georgia, palatino, serif; font-size: 14pt;\">Aplicaciones del polvo de \u00f3xido de esta\u00f1o (IV)<\/span><\/h2>\n<p><span style=\"font-family: georgia, palatino, serif;\">Materiales conductores transparentes: Utilizado en la preparaci\u00f3n de c\u00e1todos FTO o revestimientos conductores transparentes<\/span><br \/>\n<span style=\"font-family: georgia, palatino, serif;\">Sensores de gas: Utilizados en elementos sensores de NO\u2082, H\u2082, CO y otros gases<\/span><br \/>\n<span style=\"font-family: georgia, palatino, serif;\">Bater\u00edas de iones de litio: Utilizados como materiales an\u00f3dicos o aditivos para mejorar la capacidad y el rendimiento de los ciclos<\/span><br \/>\n<span style=\"font-family: georgia, palatino, serif;\">Aditivos para cer\u00e1mica y vidrio: Mejoran la dureza, la resistencia a la corrosi\u00f3n y la reflectividad infrarroja<\/span><br \/>\n<span style=\"font-family: georgia, palatino, serif;\">Soporte de catalizadores: Su elevada superficie lo hace adecuado para reacciones catal\u00edticas en los sectores medioambiental y energ\u00e9tico<\/span><\/p>\n<h2><span style=\"font-family: georgia, palatino, serif; font-size: 14pt;\">Informes<\/span><\/h2>\n<p><span style=\"font-family: georgia, palatino, serif;\">Proporcionamos un <span style=\"color: #0000ff;\"><a style=\"color: #0000ff;\" href=\"https:\/\/ulpmat.com\/es\/servicio\/analisis-quimico\/\">Certificado de an\u00e1lisis (COA)<\/a><\/span>hoja de datos de seguridad del material (MSDS) y otros informes relevantes con cada lote de polvo de SnO\u2082. Tambi\u00e9n podemos ayudarle a obtener informes de pruebas de terceros o certificaciones especiales para satisfacer sus necesidades de calidad y conformidad.<\/span><\/p>\n","protected":false},"excerpt":{"rendered":"<p>\u00d3xido de esta\u00f1o (IV) en polvo Descripci\u00f3n general El \u00f3xido de esta\u00f1o (IV) en polvo es un material de \u00f3xido funcional de gran pureza y superficie ampliamente utilizado en cer\u00e1mica, sensores de gas, pel\u00edculas conductoras transparentes, electrocat\u00e1lisis, bater\u00edas de litio y otros campos. Ofrecemos una gran variedad de especificaciones de polvo de \u00f3xido de esta\u00f1o [&hellip;]<\/p>\n","protected":false},"featured_media":23245,"template":"","meta":{"_acf_changed":false},"product_brand":[132],"product_cat":[438,1196],"product_tag":[],"class_list":{"0":"post-23244","1":"product","2":"type-product","3":"status-publish","4":"has-post-thumbnail","6":"product_brand-ulpmat","7":"product_cat-oxidos","8":"product_cat-oxidos-conductores-transparentes-tco","10":"first","11":"instock","12":"shipping-taxable","13":"product-type-variable"},"acf":[],"_links":{"self":[{"href":"https:\/\/ulpmat.com\/es\/wp-json\/wp\/v2\/product\/23244","targetHints":{"allow":["GET"]}}],"collection":[{"href":"https:\/\/ulpmat.com\/es\/wp-json\/wp\/v2\/product"}],"about":[{"href":"https:\/\/ulpmat.com\/es\/wp-json\/wp\/v2\/types\/product"}],"wp:featuredmedia":[{"embeddable":true,"href":"https:\/\/ulpmat.com\/es\/wp-json\/wp\/v2\/media\/23245"}],"wp:attachment":[{"href":"https:\/\/ulpmat.com\/es\/wp-json\/wp\/v2\/media?parent=23244"}],"wp:term":[{"taxonomy":"product_brand","embeddable":true,"href":"https:\/\/ulpmat.com\/es\/wp-json\/wp\/v2\/product_brand?post=23244"},{"taxonomy":"product_cat","embeddable":true,"href":"https:\/\/ulpmat.com\/es\/wp-json\/wp\/v2\/product_cat?post=23244"},{"taxonomy":"product_tag","embeddable":true,"href":"https:\/\/ulpmat.com\/es\/wp-json\/wp\/v2\/product_tag?post=23244"}],"curies":[{"name":"wp","href":"https:\/\/api.w.org\/{rel}","templated":true}]}}