{"id":22963,"date":"2025-10-31T11:38:17","date_gmt":"2025-10-31T03:38:17","guid":{"rendered":"https:\/\/ulpmat.com\/product\/sulfuro-de-estano\/"},"modified":"2025-10-31T11:38:17","modified_gmt":"2025-10-31T03:38:17","slug":"sulfuro-de-estano","status":"publish","type":"product","link":"https:\/\/ulpmat.com\/es\/producto\/sulfuro-de-estano\/","title":{"rendered":"Sulfuro de esta\u00f1o"},"content":{"rendered":"<h2><span style=\"font-family: georgia, palatino, serif; font-size: 14pt;\">C\u00e1todos para sputtering de sulfuro de esta\u00f1o<\/span><\/h2>\n<p><span style=\"font-family: georgia, palatino, serif;\"><span style=\"color: #0000ff;\"><a style=\"color: #0000ff;\" href=\"https:\/\/ulpmat.com\/es\/buscar\/?type=name&#038;keyword=Tin+Sulfide\">Los c\u00e1todos para sputtering<\/a><\/span> son c\u00e1todos compuestos de alto rendimiento desarrollados espec\u00edficamente para la deposici\u00f3n de pel\u00edculas finas y la preparaci\u00f3n de materiales funcionales. Con una pureza que alcanza el 99,999%, ofrecen una excelente uniformidad qu\u00edmica y densidad, permitiendo una deposici\u00f3n de pel\u00edcula fina estable y de alta calidad.<\/span><\/p>\n<p><span style=\"font-family: georgia, palatino, serif;\">Ofrecemos c\u00e1todos para sputtering de sulfuro de esta\u00f1o en una variedad de tama\u00f1os y formas, incluyendo redondos, rectangulares y personalizados. Si tiene alguna pregunta durante su uso, no dude en <span style=\"color: #0000ff;\"><a style=\"color: #0000ff;\" href=\"https:\/\/ulpmat.com\/es\/contactanos\/\">ponerse en contacto con nosotros<\/a><\/span> para <span style=\"color: #0000ff;\"><a style=\"color: #0000ff;\" href=\"https:\/\/ulpmat.com\/es\/servicio\/asistencia-tecnica\/\">asistencia t\u00e9cnica.<\/a><\/span><\/span><\/p>\n<h2><span style=\"font-family: georgia, palatino, serif; font-size: 14pt;\">Caracter\u00edsticas del producto<\/span><\/h2>\n<p><span style=\"font-family: georgia, palatino, serif;\">Pureza: 99,99% a 99,999<\/span><br \/>\n<span style=\"font-family: georgia, palatino, serif;\">Estructura densa para un sputtering uniforme<\/span><br \/>\n<span style=\"font-family: georgia, palatino, serif;\">Tama\u00f1os y formas personalizables<\/span><br \/>\n<span style=\"font-family: georgia, palatino, serif;\"><span style=\"color: #0000ff;\"><a style=\"color: #0000ff;\" href=\"https:\/\/ulpmat.com\/es\/servicio\/vinculacion-al-objetivo\/\">Adhesi\u00f3n al blanco<\/a> <\/span>disponible en<\/span><br \/>\n<span style=\"font-family: georgia, palatino, serif;\">Adecuado para aplicaciones avanzadas como dispositivos optoelectr\u00f3nicos, sensores de gas y materiales de almacenamiento de energ\u00eda<\/span><\/p>\n<h2><span style=\"font-size: 14pt;\"><span style=\"font-family: georgia, palatino, serif;\">Aplicaciones <\/span><span style=\"font-family: georgia, palatino, serif;\">C\u00e1todos para sputtering de sulfuro de esta\u00f1o<\/span><\/span><\/h2>\n<p><span style=\"font-family: georgia, palatino, serif;\"><span style=\"color: #0000ff;\"><a style=\"color: #0000ff;\" href=\"https:\/\/ulpmat.com\/es\/solicitud\/materiales-semiconductores\/\">Dispositivos semiconductores:<\/a><\/span> Se utiliza para fabricar pel\u00edculas finas semiconductoras bidimensionales en capas con excelentes propiedades el\u00e9ctricas y \u00f3pticas.<\/span><br \/>\n<span style=\"font-family: georgia, palatino, serif;\"><span style=\"color: #0000ff;\"><a style=\"color: #0000ff;\" href=\"https:\/\/ulpmat.com\/es\/solicitud\/materiales-opticos\/\">Aplicaciones optoelectr\u00f3nicas<\/a> <\/span>optoelectr\u00f3nicas: Adecuado para la investigaci\u00f3n y fabricaci\u00f3n de diversos materiales optoelectr\u00f3nicos, como detectores de infrarrojos, dispositivos fotocatal\u00edticos e interruptores fotoel\u00e9ctricos.<\/span><br \/>\n<span style=\"font-family: georgia, palatino, serif;\">Materiales de almacenamiento de energ\u00eda: Puede utilizarse como fuente de pulverizaci\u00f3n cat\u00f3dica para materiales de electrodos de bater\u00edas, mejorando la duraci\u00f3n del ciclo y la densidad energ\u00e9tica. Sensores de gas: Aprovechando su excelente reactividad superficial, puede utilizarse para fabricar pel\u00edculas finas de alta sensibilidad para sensores de gases.<\/span><br \/>\n<span style=\"font-family: georgia, palatino, serif;\"><span style=\"color: #0000ff;\"><a style=\"color: #0000ff;\" href=\"https:\/\/ulpmat.com\/es\/solicitud\/materiales-opticos\/\">Recubrimientos \u00f3pticos<\/a><\/span>: Se utiliza para crear pel\u00edculas funcionales con propiedades de absorci\u00f3n o reflexi\u00f3n selectivas.<\/span><\/p>\n<h2><span style=\"font-family: georgia, palatino, serif; font-size: 14pt;\">Informes<\/span><\/h2>\n<p><span style=\"font-family: georgia, palatino, serif;\">Proporcionamos un <span style=\"color: #0000ff;\"><a style=\"color: #0000ff;\" href=\"https:\/\/ulpmat.com\/es\/servicio\/analisis-quimico\/\">Certificado de an\u00e1lisis (COA),<\/a> <\/span>Hoja de datos de seguridad del material (MSDS) e informes de pruebas de propiedades f\u00edsicas relevantes para cada lote de c\u00e1todos de SnS\u2082. Tambi\u00e9n podemos colaborar con usted para realizar pruebas de terceros que garanticen que la calidad del producto cumple los requisitos espec\u00edficos de la aplicaci\u00f3n.<\/span><\/p>\n","protected":false},"excerpt":{"rendered":"<p>C\u00e1todos para sputtering de sulfuro de esta\u00f1o Los c\u00e1todos para sputtering son c\u00e1todos compuestos de alto rendimiento desarrollados espec\u00edficamente para la deposici\u00f3n de pel\u00edculas finas y la preparaci\u00f3n de materiales funcionales. Con una pureza que alcanza el 99,999%, ofrecen una excelente uniformidad qu\u00edmica y densidad, permitiendo una deposici\u00f3n de pel\u00edcula fina estable y de alta [&hellip;]<\/p>\n","protected":false},"featured_media":22964,"template":"","meta":{"_acf_changed":false},"product_brand":[132],"product_cat":[457],"product_tag":[],"class_list":{"0":"post-22963","1":"product","2":"type-product","3":"status-publish","4":"has-post-thumbnail","6":"product_brand-ulpmat","7":"product_cat-blanco-ceramico-para-sputtering","9":"first","10":"instock","11":"shipping-taxable","12":"product-type-variable"},"acf":[],"_links":{"self":[{"href":"https:\/\/ulpmat.com\/es\/wp-json\/wp\/v2\/product\/22963","targetHints":{"allow":["GET"]}}],"collection":[{"href":"https:\/\/ulpmat.com\/es\/wp-json\/wp\/v2\/product"}],"about":[{"href":"https:\/\/ulpmat.com\/es\/wp-json\/wp\/v2\/types\/product"}],"wp:featuredmedia":[{"embeddable":true,"href":"https:\/\/ulpmat.com\/es\/wp-json\/wp\/v2\/media\/22964"}],"wp:attachment":[{"href":"https:\/\/ulpmat.com\/es\/wp-json\/wp\/v2\/media?parent=22963"}],"wp:term":[{"taxonomy":"product_brand","embeddable":true,"href":"https:\/\/ulpmat.com\/es\/wp-json\/wp\/v2\/product_brand?post=22963"},{"taxonomy":"product_cat","embeddable":true,"href":"https:\/\/ulpmat.com\/es\/wp-json\/wp\/v2\/product_cat?post=22963"},{"taxonomy":"product_tag","embeddable":true,"href":"https:\/\/ulpmat.com\/es\/wp-json\/wp\/v2\/product_tag?post=22963"}],"curies":[{"name":"wp","href":"https:\/\/api.w.org\/{rel}","templated":true}]}}