{"id":22770,"date":"2025-10-31T11:38:18","date_gmt":"2025-10-31T03:38:18","guid":{"rendered":"https:\/\/ulpmat.com\/product\/estano-telluride\/"},"modified":"2025-10-31T11:38:18","modified_gmt":"2025-10-31T03:38:18","slug":"estano-telluride","status":"publish","type":"product","link":"https:\/\/ulpmat.com\/es\/producto\/estano-telluride\/","title":{"rendered":"Esta\u00f1o Telluride"},"content":{"rendered":"<h2><span style=\"font-family: georgia, palatino, serif; font-size: 14pt;\">C\u00e1todos para sputtering de esta\u00f1o telururo<\/span><\/h2>\n<p><span style=\"font-family: georgia, palatino, serif;\"><span style=\"color: #0000ff;\"><a style=\"color: #0000ff;\" href=\"https:\/\/ulpmat.com\/es\/buscar\/?type=name&#038;keyword=Tin+Telluride\">Los c\u00e1todos para sputtering<\/a><\/span> son materiales de alto rendimiento dise\u00f1ados espec\u00edficamente para los procesos de deposici\u00f3n de pel\u00edculas finas. Est\u00e1n fabricados a partir de una aleaci\u00f3n de esta\u00f1o (Sn) y telurio (Te). Su excelente conductividad, estabilidad t\u00e9rmica y fiabilidad los hacen ideales para aplicaciones electr\u00f3nicas, \u00f3pticas y energ\u00e9ticas.<\/span><\/p>\n<p><span style=\"font-family: georgia, palatino, serif;\">Ofrecemos c\u00e1todos de telururo de esta\u00f1o para sputtering en una variedad de formas y tama\u00f1os, incluidas formas redondas y rectangulares, y pueden personalizarse para satisfacer sus requisitos espec\u00edficos. Tambi\u00e9n proporcionamos <span style=\"color: #0000ff;\"><a style=\"color: #0000ff;\" href=\"https:\/\/ulpmat.com\/es\/servicio\/servicio-posventa\/\">asistencia postventa<\/a><\/span>no dude en<span style=\"color: #0000ff;\"><a style=\"color: #0000ff;\" href=\"https:\/\/ulpmat.com\/es\/contactanos\/\"> ponerse en contacto con nosotros<\/a><\/span> si tiene alguna pregunta.<\/span><\/p>\n<h2><span style=\"font-family: georgia, palatino, serif; font-size: 14pt;\">Caracter\u00edsticas del producto<\/span><\/h2>\n<p><span style=\"font-family: georgia, palatino, serif;\">Pureza: 99,99<\/span><br \/>\n<span style=\"font-family: georgia, palatino, serif;\">La alta densidad garantiza una deposici\u00f3n uniforme de la pel\u00edcula fina<\/span><br \/>\n<span style=\"font-family: georgia, palatino, serif;\">Tama\u00f1os y formas personalizables<\/span><br \/>\n<span style=\"font-family: georgia, palatino, serif;\"><span style=\"color: #0000ff;\"><a style=\"color: #0000ff;\" href=\"https:\/\/ulpmat.com\/es\/servicio\/vinculacion-al-objetivo\/\">Adhesi\u00f3n al objetivo<\/a><\/span> servicios disponibles<\/span><br \/>\n<span style=\"font-family: georgia, palatino, serif;\">Adecuados para semiconductores, revestimientos \u00f3pticos, c\u00e9lulas solares y otras aplicaciones de alta precisi\u00f3n<\/span><\/p>\n<h2><span style=\"font-family: georgia, palatino, serif; font-size: 14pt;\">Aplicaciones de los c\u00e1todos para sputtering de esta\u00f1o telururo<\/span><\/h2>\n<p><span style=\"font-family: georgia, palatino, serif;\"><span style=\"color: #0000ff;\"><a style=\"color: #0000ff;\" href=\"https:\/\/ulpmat.com\/es\/solicitud\/materiales-semiconductores\/\">Semiconductores<\/a><\/span>: En la fabricaci\u00f3n de dispositivos semiconductores, los c\u00e1todos de SnTe se utilizan como materiales de deposici\u00f3n de pel\u00edcula fina para capas de interconexi\u00f3n y contacto.<\/span><br \/>\n<span style=\"font-family: georgia, palatino, serif;\">Fotovoltaica: En las c\u00e9lulas solares, se utilizan como pel\u00edculas conductoras transparentes (TCF) para mejorar la eficacia de la conversi\u00f3n fotoel\u00e9ctrica.<\/span><br \/>\n<span style=\"font-family: georgia, palatino, serif;\"><span style=\"color: #0000ff;\"><a style=\"color: #0000ff;\" href=\"https:\/\/ulpmat.com\/es\/solicitud\/materiales-opticos\/\">Recubrimientos \u00f3pticos:<\/a> <\/span>Pueden utilizarse para revestimientos de espejos, capas reflectantes y revestimientos de componentes \u00f3pticos, proporcionando un excelente rendimiento \u00f3ptico y estabilidad. Embalaje electr\u00f3nico: Como material conductor y disipador del calor, desempe\u00f1a un papel vital en el embalaje electr\u00f3nico de alta precisi\u00f3n.<\/span><\/p>\n<h2><span style=\"font-family: georgia, palatino, serif; font-size: 14pt;\">Informes<\/span><\/h2>\n<p><span style=\"font-family: georgia, palatino, serif;\">Proporcionamos un <span style=\"color: #0000ff;\"><a style=\"color: #0000ff;\" href=\"https:\/\/ulpmat.com\/es\/servicio\/analisis-quimico\/\">Certificado de an\u00e1lisis (COA),<\/a><\/span> Hoja de datos de seguridad del material (MSDS) y otros informes relevantes con cada env\u00edo. Tambi\u00e9n realizamos pruebas a terceros para mejorar la garant\u00eda de calidad.<\/span><\/p>\n","protected":false},"excerpt":{"rendered":"<p>C\u00e1todos para sputtering de esta\u00f1o telururo Los c\u00e1todos para sputtering son materiales de alto rendimiento dise\u00f1ados espec\u00edficamente para los procesos de deposici\u00f3n de pel\u00edculas finas. Est\u00e1n fabricados a partir de una aleaci\u00f3n de esta\u00f1o (Sn) y telurio (Te). Su excelente conductividad, estabilidad t\u00e9rmica y fiabilidad los hacen ideales para aplicaciones electr\u00f3nicas, \u00f3pticas y energ\u00e9ticas. Ofrecemos [&hellip;]<\/p>\n","protected":false},"featured_media":22771,"template":"","meta":{"_acf_changed":false},"product_brand":[132],"product_cat":[457],"product_tag":[],"class_list":{"0":"post-22770","1":"product","2":"type-product","3":"status-publish","4":"has-post-thumbnail","6":"product_brand-ulpmat","7":"product_cat-blanco-ceramico-para-sputtering","9":"first","10":"instock","11":"shipping-taxable","12":"product-type-variable"},"acf":[],"_links":{"self":[{"href":"https:\/\/ulpmat.com\/es\/wp-json\/wp\/v2\/product\/22770","targetHints":{"allow":["GET"]}}],"collection":[{"href":"https:\/\/ulpmat.com\/es\/wp-json\/wp\/v2\/product"}],"about":[{"href":"https:\/\/ulpmat.com\/es\/wp-json\/wp\/v2\/types\/product"}],"wp:featuredmedia":[{"embeddable":true,"href":"https:\/\/ulpmat.com\/es\/wp-json\/wp\/v2\/media\/22771"}],"wp:attachment":[{"href":"https:\/\/ulpmat.com\/es\/wp-json\/wp\/v2\/media?parent=22770"}],"wp:term":[{"taxonomy":"product_brand","embeddable":true,"href":"https:\/\/ulpmat.com\/es\/wp-json\/wp\/v2\/product_brand?post=22770"},{"taxonomy":"product_cat","embeddable":true,"href":"https:\/\/ulpmat.com\/es\/wp-json\/wp\/v2\/product_cat?post=22770"},{"taxonomy":"product_tag","embeddable":true,"href":"https:\/\/ulpmat.com\/es\/wp-json\/wp\/v2\/product_tag?post=22770"}],"curies":[{"name":"wp","href":"https:\/\/api.w.org\/{rel}","templated":true}]}}