{"id":22234,"date":"2025-11-10T14:59:13","date_gmt":"2025-11-10T06:59:13","guid":{"rendered":"https:\/\/ulpmat.com\/product\/oxido-de-indio-y-estano-ito-5\/"},"modified":"2025-11-10T14:59:13","modified_gmt":"2025-11-10T06:59:13","slug":"oxido-de-indio-y-estano-ito-5","status":"publish","type":"product","link":"https:\/\/ulpmat.com\/es\/producto\/oxido-de-indio-y-estano-ito-5\/","title":{"rendered":"\u00d3xido de indio y esta\u00f1o (ITO)"},"content":{"rendered":"<h2><span style=\"font-family: georgia, palatino, serif; font-size: 14pt;\">Visi\u00f3n general de los gr\u00e1nulos de \u00f3xido de indio y esta\u00f1o<\/span><\/h2>\n<p><span style=\"font-family: georgia, palatino, serif;\"><span style=\"color: #0000ff;\"><a style=\"color: #0000ff;\" href=\"https:\/\/ulpmat.com\/es\/buscar\/?type=name&#038;keyword=Indium+Tin+Oxide\">\u00d3xido de indio y esta\u00f1o<\/a> <\/span>(In2O3-SnO2) son materiales de \u00f3xido conductor transparente (TCO) de gran pureza ampliamente utilizados en electr\u00f3nica de capa fina, dispositivos optoelectr\u00f3nicos y aplicaciones de semiconductores. Con una excelente conductividad el\u00e9ctrica, transparencia \u00f3ptica y calidad uniforme de las part\u00edculas, los gr\u00e1nulos de ITO son ideales para la deposici\u00f3n de pel\u00edculas finas, la fabricaci\u00f3n de objetivos y las aplicaciones de investigaci\u00f3n. Nuestro producto garantiza una pureza del 99,99% (4N), un tama\u00f1o de part\u00edcula uniforme y un rendimiento estable tanto para uso industrial como de laboratorio.<\/span><\/p>\n<p><span style=\"font-family: georgia, palatino, serif;\">Suministramos gr\u00e1nulos de \u00f3xido de indio y esta\u00f1o de alta calidad para instituciones de investigaci\u00f3n y fabricantes. <span style=\"color: #0000ff;\"><a style=\"color: #0000ff;\" href=\"https:\/\/ulpmat.com\/es\/contactanos\/\">P\u00f3ngase en contacto con nosotros<\/a><\/span> para obtener el mejor precio y <span style=\"color: #0000ff;\"><a style=\"color: #0000ff;\" href=\"https:\/\/ulpmat.com\/es\/servicio\/asistencia-tecnica\/\">asistencia t\u00e9cnica.<\/a><\/span><\/span><\/p>\n<h2><span style=\"font-family: georgia, palatino, serif; font-size: 14pt;\">Caracter\u00edsticas principales de los gr\u00e1nulos de In2O3-SnO2<\/span><\/h2>\n<p><span style=\"font-family: georgia, palatino, serif;\">Pureza superior: la pureza del 99,99% (4N) cumple los estrictos requisitos de las aplicaciones de TCO y pel\u00edculas finas.<\/span><br \/>\n<span style=\"font-family: georgia, palatino, serif;\">Tama\u00f1o uniforme de los gr\u00e1nulos: Optimizado para facilitar la manipulaci\u00f3n, la fabricaci\u00f3n de objetivos y la deposici\u00f3n uniforme.<\/span><br \/>\n<span style=\"font-family: georgia, palatino, serif;\">Alto rendimiento: Excelente conductividad el\u00e9ctrica y transparencia \u00f3ptica para dispositivos optoelectr\u00f3nicos.<\/span><br \/>\n<span style=\"font-family: georgia, palatino, serif;\">Material estable: Qu\u00edmicamente estable y seguro en condiciones de almacenamiento adecuadas.<\/span><\/p>\n<h2><span style=\"font-family: georgia, palatino, serif; font-size: 14pt;\">Aplicaciones de los gr\u00e1nulos de In2O3-SnO2 de alta calidad<\/span><\/h2>\n<p><span style=\"font-family: georgia, palatino, serif;\">Electr\u00f3nica de capa fina: Aplicado en electrodos transparentes, transistores de pel\u00edcula fina (TFT) y pantallas OLED.<\/span><br \/>\n<span style=\"font-family: georgia, palatino, serif;\">Dispositivos optoelectr\u00f3nicos: Utilizados en paneles t\u00e1ctiles, fotodetectores, sensores de infrarrojos y electr\u00f3nica flexible.<\/span><br \/>\n<span style=\"font-family: georgia, palatino, serif;\">C\u00e9lulas solares: Adecuado para capas tamp\u00f3n y de electrodos transparentes en c\u00e9lulas solares CIGS y de perovskita.<\/span><br \/>\n<span style=\"font-family: georgia, palatino, serif;\">Investigaci\u00f3n y desarrollo: Ampliamente utilizado en laboratorios para la ciencia de materiales y la investigaci\u00f3n de dispositivos.<\/span><br \/>\n<span style=\"font-family: georgia, palatino, serif;\">Fabricaci\u00f3n de objetivos: Pueden prensarse o sinterizarse para producir c\u00e1todos para sputtering de alta calidad.<\/span><\/p>\n<h2><span style=\"font-size: 14pt;\"><span style=\"font-family: georgia, palatino, serif;\">Por qu\u00e9 elegirnos<\/span><span style=\"font-family: georgia, palatino, serif;\">?<\/span><\/span><\/h2>\n<p><span style=\"font-family: georgia, palatino, serif;\">Experiencia en la industria: Especializados en gr\u00e1nulos de \u00f3xido de alta pureza para tecnolog\u00edas TCO y de capa fina.<\/span><br \/>\n<span style=\"font-family: georgia, palatino, serif;\"><span style=\"color: #0000ff;\"><a style=\"color: #0000ff;\" href=\"https:\/\/ulpmat.com\/es\/servicio\/personalizacion\/\">Personalizado<\/a><\/span> Personalizadas: Flexibilidad en el tama\u00f1o, la composici\u00f3n y el envasado de los gr\u00e1nulos.<\/span><br \/>\n<span style=\"font-family: georgia, palatino, serif;\">Calidad fiable: El estricto control de impurezas y la distribuci\u00f3n uniforme de los gr\u00e1nulos garantizan un rendimiento estable.<\/span><br \/>\n<span style=\"font-family: georgia, palatino, serif;\">Entrega mundial: Env\u00edo r\u00e1pido y seguro a todo el mundo con embalaje protector.<\/span><br \/>\n<span style=\"font-family: georgia, palatino, serif;\"><span style=\"color: #0000ff;\"><a style=\"color: #0000ff;\" href=\"https:\/\/ulpmat.com\/es\/servicio\/asistencia-tecnica\/\">Asistencia t\u00e9cnica:<\/a><\/span> Un equipo profesional proporciona documentaci\u00f3n t\u00e9cnica completa y asesoramiento.<\/span><\/p>\n<h2><span style=\"color: #0000ff;\"><a style=\"color: #0000ff;\" href=\"https:\/\/ulpmat.com\/es\/empresa\/preguntas-frecuentes\/\"><span style=\"font-family: georgia, palatino, serif; font-size: 14pt;\">Preguntas frecuentes<\/span><\/a><\/span><\/h2>\n<p><span style=\"font-family: georgia, palatino, serif;\">F1. \u00bfCu\u00e1l es la pureza de los gr\u00e1nulos de \u00f3xido de indio y esta\u00f1o?<\/span><br \/>\n<span style=\"font-family: georgia, palatino, serif;\">A1. Nuestros gr\u00e1nulos tienen una pureza est\u00e1ndar del 99,99% (4N), lo que garantiza resultados fiables para aplicaciones de pel\u00edcula fina y optoelectr\u00f3nicas.<\/span><\/p>\n<p><span style=\"font-family: georgia, palatino, serif;\">F2. \u00bfSe puede personalizar el tama\u00f1o de los gr\u00e1nulos?<\/span><br \/>\n<span style=\"font-family: georgia, palatino, serif;\">A2. S\u00ed, proporcionamos tama\u00f1os de gr\u00e1nulo ajustables seg\u00fan los requisitos de deposici\u00f3n, sinterizaci\u00f3n o preparaci\u00f3n de objetivos.<\/span><\/p>\n<p><span style=\"font-family: georgia, palatino, serif;\">F3. \u00bfC\u00f3mo deben almacenarse y manipularse los gr\u00e1nulos de In2O3-SnO2?<\/span><br \/>\n<span style=\"font-family: georgia, palatino, serif;\">A3. Almacenar en un ambiente fresco y seco en recipientes sellados. Evite la humedad, el polvo y la contaminaci\u00f3n durante la manipulaci\u00f3n.<\/span><\/p>\n<p><span style=\"font-family: georgia, palatino, serif;\">F4. \u00bfSon adecuados estos gr\u00e1nulos para la fabricaci\u00f3n de objetivos?<\/span><br \/>\n<span style=\"font-family: georgia, palatino, serif;\">A4. S\u00ed, pueden prensarse o sinterizarse para producir c\u00e1todos para sputtering de alta calidad.<\/span><\/p>\n<p><span style=\"font-family: georgia, palatino, serif;\">F5. \u00bfHay informes t\u00e9cnicos disponibles para uso industrial o de investigaci\u00f3n?<\/span><br \/>\n<span style=\"font-family: georgia, palatino, serif;\">A5. S\u00ed, cada lote se suministra con informes de impurezas COA, TDS, MSDS e ICP-MS. Los informes de pruebas de terceros est\u00e1n disponibles previa solicitud.<\/span><\/p>\n<h2><span style=\"font-family: georgia, palatino, serif; font-size: 14pt;\">Informes<\/span><\/h2>\n<p><span style=\"font-family: georgia, palatino, serif;\">Cada lote de productos se suministra con<\/span><br \/>\n<span style=\"color: #0000ff;\"><a style=\"color: #0000ff;\" href=\"https:\/\/ulpmat.com\/es\/documentos\/certificado-de-analisis\/\"><span style=\"font-family: georgia, palatino, serif;\">Certificado de an\u00e1lisis (COA)<\/span><\/a><\/span><br \/>\n<span style=\"color: #0000ff;\"><a style=\"color: #0000ff;\" href=\"https:\/\/ulpmat.com\/es\/documentos\/ficha-tecnica\/\"><span style=\"font-family: georgia, palatino, serif;\">Hoja de datos t\u00e9cnicos (TDS)<\/span><\/a><\/span><br \/>\n<span style=\"color: #0000ff;\"><a style=\"color: #0000ff;\" href=\"https:\/\/ulpmat.com\/es\/documentos\/ficha-de-datos-de-seguridad\/\"><span style=\"font-family: georgia, palatino, serif;\">Hoja de datos de seguridad del material (MSDS)<\/span><\/a><\/span><br \/>\n<span style=\"font-family: georgia, palatino, serif;\">Los informes de pruebas de terceros est\u00e1n disponibles previa solicitud para cumplir las normas industriales y de investigaci\u00f3n.<\/span><\/p>\n","protected":false},"excerpt":{"rendered":"<p>Visi\u00f3n general de los gr\u00e1nulos de \u00f3xido de indio y esta\u00f1o \u00d3xido de indio y esta\u00f1o (In2O3-SnO2) son materiales de \u00f3xido conductor transparente (TCO) de gran pureza ampliamente utilizados en electr\u00f3nica de capa fina, dispositivos optoelectr\u00f3nicos y aplicaciones de semiconductores. Con una excelente conductividad el\u00e9ctrica, transparencia \u00f3ptica y calidad uniforme de las part\u00edculas, los gr\u00e1nulos [&hellip;]<\/p>\n","protected":false},"featured_media":22235,"template":"","meta":{"_acf_changed":false},"product_brand":[132],"product_cat":[340],"product_tag":[],"class_list":{"0":"post-22234","1":"product","2":"type-product","3":"status-publish","4":"has-post-thumbnail","6":"product_brand-ulpmat","7":"product_cat-materiales-de-evaporacion","9":"first","10":"instock","11":"shipping-taxable","12":"product-type-variable"},"acf":[],"_links":{"self":[{"href":"https:\/\/ulpmat.com\/es\/wp-json\/wp\/v2\/product\/22234","targetHints":{"allow":["GET"]}}],"collection":[{"href":"https:\/\/ulpmat.com\/es\/wp-json\/wp\/v2\/product"}],"about":[{"href":"https:\/\/ulpmat.com\/es\/wp-json\/wp\/v2\/types\/product"}],"wp:featuredmedia":[{"embeddable":true,"href":"https:\/\/ulpmat.com\/es\/wp-json\/wp\/v2\/media\/22235"}],"wp:attachment":[{"href":"https:\/\/ulpmat.com\/es\/wp-json\/wp\/v2\/media?parent=22234"}],"wp:term":[{"taxonomy":"product_brand","embeddable":true,"href":"https:\/\/ulpmat.com\/es\/wp-json\/wp\/v2\/product_brand?post=22234"},{"taxonomy":"product_cat","embeddable":true,"href":"https:\/\/ulpmat.com\/es\/wp-json\/wp\/v2\/product_cat?post=22234"},{"taxonomy":"product_tag","embeddable":true,"href":"https:\/\/ulpmat.com\/es\/wp-json\/wp\/v2\/product_tag?post=22234"}],"curies":[{"name":"wp","href":"https:\/\/api.w.org\/{rel}","templated":true}]}}