{"id":21962,"date":"2025-10-31T10:22:18","date_gmt":"2025-10-31T02:22:18","guid":{"rendered":"https:\/\/ulpmat.com\/product\/telurio-metalico-3\/"},"modified":"2025-10-31T10:22:18","modified_gmt":"2025-10-31T02:22:18","slug":"telurio-metalico-3","status":"publish","type":"product","link":"https:\/\/ulpmat.com\/es\/producto\/telurio-metalico-3\/","title":{"rendered":"Telurio met\u00e1lico"},"content":{"rendered":"<h2><span style=\"font-family: georgia, palatino, serif; font-size: 14pt;\">Telurio met\u00e1lico en gr\u00e1nulos Visi\u00f3n general<\/span><\/h2>\n<p><span style=\"font-family: georgia, palatino, serif;\"><span style=\"color: #0000ff;\"><a style=\"color: #0000ff;\" href=\"https:\/\/ulpmat.com\/es\/buscar\/?type=name&#038;keyword=Tellurium+metal\">El telurio met\u00e1lico<\/a><\/span> son materiales de alto rendimiento dise\u00f1ados para aplicaciones de materiales avanzados y desarrollo de pel\u00edculas finas funcionales. Con una pureza que alcanza el 99,9999%, ofrecen una excelente estabilidad met\u00e1lica y controlabilidad, lo que los hace adecuados para diversas aplicaciones, como la evaporaci\u00f3n, la sinterizaci\u00f3n y la preparaci\u00f3n de aleaciones y materiales funcionales compuestos.<\/span><\/p>\n<p><span style=\"font-family: georgia, palatino, serif;\">Ofrecemos gr\u00e1nulos de telurio met\u00e1lico en varios tama\u00f1os y admitimos embalajes personalizados y formas de gr\u00e1nulos especiales. Nuestro equipo t\u00e9cnico est\u00e1 a su disposici\u00f3n para cualquier consulta<span style=\"color: #0000ff;\"><a style=\"color: #0000ff;\" href=\"https:\/\/ulpmat.com\/es\/servicio\/asistencia-tecnica\/\"> t\u00e9cnica<\/a> <\/span>o de rendimiento durante el uso.<\/span><\/p>\n<h2><span style=\"font-family: georgia, palatino, serif; font-size: 14pt;\">Caracter\u00edsticas del producto<\/span><\/h2>\n<p><span style=\"font-family: georgia, palatino, serif;\">Pureza: 99,999% a 99,9999%<\/span><br \/>\n<span style=\"font-family: georgia, palatino, serif;\">Rango de tama\u00f1o de part\u00edcula seleccionable<\/span><br \/>\n<span style=\"font-family: georgia, palatino, serif;\">Excelente estabilidad qu\u00edmica, apto para alto vac\u00edo o atm\u00f3sferas reductoras<\/span><br \/>\n<span style=\"font-family: georgia, palatino, serif;\"><span style=\"color: #0000ff;\"><a style=\"color: #0000ff;\" href=\"https:\/\/ulpmat.com\/es\/servicio\/personalizacion\/\">Personalizable<\/a><\/span> opciones de envasado y tama\u00f1o de part\u00edcula disponibles<\/span><br \/>\n<span style=\"font-family: georgia, palatino, serif;\">Adecuado para recubrimiento por evaporaci\u00f3n, tratamiento t\u00e9rmico de aleaciones, sinterizaci\u00f3n de pastillas y s\u00edntesis de materiales compuestos.<\/span><\/p>\n<h2><span style=\"font-family: georgia, palatino, serif; font-size: 14pt;\">Aplicaciones de los gr\u00e1nulos met\u00e1licos de telurio<\/span><\/h2>\n<p><span style=\"font-family: georgia, palatino, serif;\"><span style=\"color: #0000ff;\"><a style=\"color: #0000ff;\" href=\"https:\/\/ulpmat.com\/es\/solicitud\/materiales-semiconductores\/\">Materiales semiconductores:<\/a><\/span> Utilizados en la producci\u00f3n de compuestos semiconductores como telururos (como TeO\u2082, CdTe y Bi\u2082Te\u2083).<\/span><br \/>\n<span style=\"font-family: georgia, palatino, serif;\">Materiales infrarrojos y termoel\u00e9ctricos: Se utiliza como componente clave en la conversi\u00f3n termoel\u00e9ctrica y en los materiales sensores de infrarrojos. Recubrimiento por evaporaci\u00f3n al vac\u00edo: Utilizado como fuente de evaporaci\u00f3n para materiales funcionales de pel\u00edcula fina.<\/span><br \/>\n<span style=\"font-family: georgia, palatino, serif;\">Aditivos de aleaci\u00f3n: Mejoran el rendimiento de corte del acero o sirven como elementos de aleaci\u00f3n especiales.<\/span><br \/>\n<span style=\"font-family: georgia, palatino, serif;\">Investigaci\u00f3n y s\u00edntesis personalizada: Las materias primas de gran pureza pueden utilizarse para s\u00edntesis de laboratorio, nanomateriales, dispositivos \u00f3pticos y otras aplicaciones.<\/span><\/p>\n<h2><span style=\"font-family: georgia, palatino, serif; font-size: 14pt;\">Informes<\/span><\/h2>\n<p><span style=\"font-family: georgia, palatino, serif;\">Proporcionamos un <span style=\"color: #0000ff;\"><a style=\"color: #0000ff;\" href=\"https:\/\/ulpmat.com\/es\/servicio\/analisis-quimico\/\">Certificado de an\u00e1lisis (COA)<\/a><\/span>hoja de datos de seguridad del material (MSDS) y otros informes relevantes con cada env\u00edo. Tambi\u00e9n realizamos pruebas a terceros para mejorar la garant\u00eda de calidad.<\/span><\/p>\n","protected":false},"excerpt":{"rendered":"<p>Telurio met\u00e1lico en gr\u00e1nulos Visi\u00f3n general El telurio met\u00e1lico son materiales de alto rendimiento dise\u00f1ados para aplicaciones de materiales avanzados y desarrollo de pel\u00edculas finas funcionales. Con una pureza que alcanza el 99,9999%, ofrecen una excelente estabilidad met\u00e1lica y controlabilidad, lo que los hace adecuados para diversas aplicaciones, como la evaporaci\u00f3n, la sinterizaci\u00f3n y la [&hellip;]<\/p>\n","protected":false},"featured_media":21963,"template":"","meta":{"_acf_changed":false},"product_brand":[132],"product_cat":[340],"product_tag":[],"class_list":{"0":"post-21962","1":"product","2":"type-product","3":"status-publish","4":"has-post-thumbnail","6":"product_brand-ulpmat","7":"product_cat-materiales-de-evaporacion","9":"first","10":"instock","11":"shipping-taxable","12":"product-type-variable"},"acf":[],"_links":{"self":[{"href":"https:\/\/ulpmat.com\/es\/wp-json\/wp\/v2\/product\/21962","targetHints":{"allow":["GET"]}}],"collection":[{"href":"https:\/\/ulpmat.com\/es\/wp-json\/wp\/v2\/product"}],"about":[{"href":"https:\/\/ulpmat.com\/es\/wp-json\/wp\/v2\/types\/product"}],"wp:featuredmedia":[{"embeddable":true,"href":"https:\/\/ulpmat.com\/es\/wp-json\/wp\/v2\/media\/21963"}],"wp:attachment":[{"href":"https:\/\/ulpmat.com\/es\/wp-json\/wp\/v2\/media?parent=21962"}],"wp:term":[{"taxonomy":"product_brand","embeddable":true,"href":"https:\/\/ulpmat.com\/es\/wp-json\/wp\/v2\/product_brand?post=21962"},{"taxonomy":"product_cat","embeddable":true,"href":"https:\/\/ulpmat.com\/es\/wp-json\/wp\/v2\/product_cat?post=21962"},{"taxonomy":"product_tag","embeddable":true,"href":"https:\/\/ulpmat.com\/es\/wp-json\/wp\/v2\/product_tag?post=21962"}],"curies":[{"name":"wp","href":"https:\/\/api.w.org\/{rel}","templated":true}]}}