{"id":21859,"date":"2025-10-31T10:22:24","date_gmt":"2025-10-31T02:22:24","guid":{"rendered":"https:\/\/ulpmat.com\/product\/oxido-de-telurio-iv-3\/"},"modified":"2025-10-31T10:22:24","modified_gmt":"2025-10-31T02:22:24","slug":"oxido-de-telurio-iv-3","status":"publish","type":"product","link":"https:\/\/ulpmat.com\/es\/producto\/oxido-de-telurio-iv-3\/","title":{"rendered":"\u00d3xido de telurio (IV)"},"content":{"rendered":"<h2><span style=\"font-family: georgia, palatino, serif; font-size: 14pt;\">Visi\u00f3n general de los gr\u00e1nulos de \u00f3xido de telurio<\/span><\/h2>\n<p><span style=\"font-family: georgia, palatino, serif;\"><span style=\"color: #0000ff;\"><a style=\"color: #0000ff;\" href=\"https:\/\/ulpmat.com\/es\/solicitud\/materiales-opticos\/\">Los gr\u00e1nulos de \u00f3xido de telurio<\/a><\/span> son materiales inorg\u00e1nicos de alto rendimiento dise\u00f1ados para aplicaciones en \u00f3ptica, electr\u00f3nica y cer\u00e1mica funcional. Con una pureza de hasta el 99,99%, presentan excelentes propiedades \u00f3pticas, aislamiento el\u00e9ctrico y estabilidad t\u00e9rmica, lo que los hace especialmente adecuados para aplicaciones de alta precisi\u00f3n como dispositivos de infrarrojos, moduladores ac\u00fastico-\u00f3pticos y sistemas de vidrio dopado.<\/span><\/p>\n<p><span style=\"font-family: georgia, palatino, serif;\">Ofrecemos gr\u00e1nulos de \u00f3xido de telurio en diversos tama\u00f1os, adaptables a sus necesidades espec\u00edficas. Tambi\u00e9n proporcionamos <span style=\"color: #0000ff;\"><a style=\"color: #0000ff;\" href=\"https:\/\/ulpmat.com\/es\/servicio\/asistencia-tecnica\/\">asistencia t\u00e9cnica<\/a><\/span> y <span style=\"color: #0000ff;\"><a style=\"color: #0000ff;\" href=\"https:\/\/ulpmat.com\/es\/servicio\/servicio-posventa\/\">servicio posventa<\/a><\/span> para garantizar su tranquilidad en todo momento.<\/span><\/p>\n<h2><span style=\"font-family: georgia, palatino, serif; font-size: 14pt;\">Caracter\u00edsticas del producto<\/span><\/h2>\n<p><span style=\"font-family: georgia, palatino, serif;\">Pureza: del 99,9% al 99,99<\/span><br \/>\n<span style=\"font-family: georgia, palatino, serif;\">Tama\u00f1os y especificaciones personalizables<\/span><br \/>\n<span style=\"font-family: georgia, palatino, serif;\">Embalaje personalizable<\/span><br \/>\n<span style=\"font-family: georgia, palatino, serif;\">Alto \u00edndice de refracci\u00f3n, baja p\u00e9rdida de absorci\u00f3n<\/span><br \/>\n<span style=\"font-family: georgia, palatino, serif;\">Excelente estabilidad t\u00e9rmica e inercia qu\u00edmica<\/span><\/p>\n<h2><span style=\"font-family: georgia, palatino, serif; font-size: 14pt;\">Aplicaciones de los gr\u00e1nulos de \u00f3xido de telurio<\/span><\/h2>\n<p><span style=\"font-family: georgia, palatino, serif;\"><span style=\"color: #0000ff;\"><a style=\"color: #0000ff;\" href=\"https:\/\/ulpmat.com\/es\/solicitud\/materiales-opticos\/\">Dispositivos \u00f3pticos:<\/a><\/span> Adecuados para moduladores acusto-\u00f3pticos, l\u00edneas de retardo, polarizadores y otros dispositivos debido a sus excelentes propiedades acusto-\u00f3pticas.<\/span><br \/>\n<span style=\"font-family: georgia, palatino, serif;\">Materiales para ventanas de infrarrojos: Con una excelente transmitancia en la gama de transmisi\u00f3n infrarroja, son adecuados para sistemas \u00f3pticos de infrarrojo medio y lejano. Dopado funcional del vidrio: Como material de matriz v\u00edtrea, las part\u00edculas de TeO\u2082 presentan excelentes propiedades \u00f3pticas no lineales cuando se dopan con iones de tierras raras o metales de transici\u00f3n.<\/span><br \/>\n<span style=\"font-family: georgia, palatino, serif;\">Cer\u00e1mica y materiales de revestimiento: Se utiliza en cer\u00e1micas de alto aislamiento y pel\u00edculas finas funcionales.<\/span><\/p>\n<h2><span style=\"font-family: georgia, palatino, serif; font-size: 14pt;\">Informes<\/span><\/h2>\n<p><span style=\"font-family: georgia, palatino, serif;\">Proporcionamos un<span style=\"color: #0000ff;\"><a style=\"color: #0000ff;\" href=\"https:\/\/ulpmat.com\/es\/servicio\/analisis-quimico\/\"> Certificado de an\u00e1lisis (COA)<\/a><\/span>hoja de datos de seguridad del material (MSDS) y las especificaciones t\u00e9cnicas pertinentes (como XRD, SEM e ICP) para cada lote de producto. Tambi\u00e9n ofrecemos servicios de pruebas de terceros para garantizar la credibilidad de los datos y una calidad fiable.<\/span><\/p>\n","protected":false},"excerpt":{"rendered":"<p>Visi\u00f3n general de los gr\u00e1nulos de \u00f3xido de telurio Los gr\u00e1nulos de \u00f3xido de telurio son materiales inorg\u00e1nicos de alto rendimiento dise\u00f1ados para aplicaciones en \u00f3ptica, electr\u00f3nica y cer\u00e1mica funcional. Con una pureza de hasta el 99,99%, presentan excelentes propiedades \u00f3pticas, aislamiento el\u00e9ctrico y estabilidad t\u00e9rmica, lo que los hace especialmente adecuados para aplicaciones de [&hellip;]<\/p>\n","protected":false},"featured_media":21860,"template":"","meta":{"_acf_changed":false},"product_brand":[132],"product_cat":[340],"product_tag":[],"class_list":{"0":"post-21859","1":"product","2":"type-product","3":"status-publish","4":"has-post-thumbnail","6":"product_brand-ulpmat","7":"product_cat-materiales-de-evaporacion","9":"first","10":"instock","11":"shipping-taxable","12":"product-type-variable"},"acf":[],"_links":{"self":[{"href":"https:\/\/ulpmat.com\/es\/wp-json\/wp\/v2\/product\/21859","targetHints":{"allow":["GET"]}}],"collection":[{"href":"https:\/\/ulpmat.com\/es\/wp-json\/wp\/v2\/product"}],"about":[{"href":"https:\/\/ulpmat.com\/es\/wp-json\/wp\/v2\/types\/product"}],"wp:featuredmedia":[{"embeddable":true,"href":"https:\/\/ulpmat.com\/es\/wp-json\/wp\/v2\/media\/21860"}],"wp:attachment":[{"href":"https:\/\/ulpmat.com\/es\/wp-json\/wp\/v2\/media?parent=21859"}],"wp:term":[{"taxonomy":"product_brand","embeddable":true,"href":"https:\/\/ulpmat.com\/es\/wp-json\/wp\/v2\/product_brand?post=21859"},{"taxonomy":"product_cat","embeddable":true,"href":"https:\/\/ulpmat.com\/es\/wp-json\/wp\/v2\/product_cat?post=21859"},{"taxonomy":"product_tag","embeddable":true,"href":"https:\/\/ulpmat.com\/es\/wp-json\/wp\/v2\/product_tag?post=21859"}],"curies":[{"name":"wp","href":"https:\/\/api.w.org\/{rel}","templated":true}]}}