{"id":20899,"date":"2025-09-30T16:33:15","date_gmt":"2025-09-30T08:33:15","guid":{"rendered":"https:\/\/ulpmat.com\/product\/bismuto-metalico-4\/"},"modified":"2025-09-30T16:33:15","modified_gmt":"2025-09-30T08:33:15","slug":"bismuto-metalico-4","status":"publish","type":"product","link":"https:\/\/ulpmat.com\/es\/producto\/bismuto-metalico-4\/","title":{"rendered":"Bismuto met\u00e1lico"},"content":{"rendered":"<h2><span style=\"font-size: 14pt;\">Visi\u00f3n general de los gr\u00e1nulos de bismuto met\u00e1lico<\/span><\/h2>\n<p><span style=\"color: #0000ff;\"><a style=\"color: #0000ff;\" href=\"https:\/\/ulpmat.com\/es\/buscar\/?type=formula&#038;keyword=Bi\">El bismuto met\u00e1lico<\/a> <\/span>son un material met\u00e1lico de gran pureza dise\u00f1ado para la fabricaci\u00f3n de precisi\u00f3n, aditivos de aleaciones y aplicaciones de alto rendimiento. Con una excelente conductividad el\u00e9ctrica, conductividad t\u00e9rmica y buena estabilidad qu\u00edmica, se utilizan ampliamente en electr\u00f3nica, metalurgia, qu\u00edmica y protecci\u00f3n contra las radiaciones.<\/p>\n<p>Suministramos gr\u00e1nulos de bismuto met\u00e1lico de diferentes especificaciones y tama\u00f1os de part\u00edcula para satisfacer diversas necesidades industriales, y podemos personalizarlos seg\u00fan sus requisitos especiales. Tambi\u00e9n ofrecemos un completo servicio posventa. Si tiene alguna pregunta sobre el uso, no dude en <span style=\"color: #0000ff;\"><a style=\"color: #0000ff;\" href=\"https:\/\/ulpmat.com\/es\/contactanos\/\">ponerse en contacto con nosotros.<\/a><\/span><\/p>\n<h2><span style=\"font-size: 14pt;\"><strong>Caracter\u00edsticas del producto<\/strong><\/span><\/h2>\n<p>Pureza: 99,99% a 99,9999%<br \/>\nExcelente conductividad el\u00e9ctrica y t\u00e9rmica, adecuado para aplicaciones eficientes de disipaci\u00f3n de calor<br \/>\nDistribuci\u00f3n uniforme de las part\u00edculas, f\u00e1cil de procesar y moldear<br \/>\nTama\u00f1o y forma de part\u00edcula personalizables para satisfacer diversas necesidades industriales<br \/>\nFijaci\u00f3n de objetivos personalizable<\/p>\n<h2><span style=\"font-size: 14pt;\">Aplicaciones de los gr\u00e1nulos de bismuto met\u00e1lico<\/span><\/h2>\n<p>Industria electr\u00f3nica: utilizado para materiales de disipaci\u00f3n t\u00e9rmica, fabricaci\u00f3n de bater\u00edas y capas conductoras de componentes electr\u00f3nicos.<br \/>\nFabricaci\u00f3n de aleaciones: Como aditivo de aleaci\u00f3n, mejora la resistencia a la corrosi\u00f3n y el rendimiento de procesamiento de los metales.<br \/>\nIndustria qu\u00edmica: se utiliza en la producci\u00f3n de catalizadores y procesos de reacci\u00f3n qu\u00edmica, con propiedades qu\u00edmicas estables.<br \/>\nProtecci\u00f3n contra la radiaci\u00f3n: El bismuto tiene buenas propiedades antirradiaci\u00f3n y se utiliza ampliamente en la protecci\u00f3n contra los rayos X y la medicina nuclear.<\/p>\n<h2><span style=\"font-size: 14pt;\">Informes<\/span><\/h2>\n<p>Proporcionamos certificados de an\u00e1lisis (COA), hojas de datos de seguridad de materiales (MSDS) y otros informes relevantes para cada lote de part\u00edculas met\u00e1licas de bismuto para garantizar que la calidad del producto cumple las normas del sector. Adem\u00e1s, tambi\u00e9n apoyamos las pruebas de terceros para mejorar a\u00fan m\u00e1s la garant\u00eda de calidad.<\/p>\n","protected":false},"excerpt":{"rendered":"<p>Visi\u00f3n general de los gr\u00e1nulos de bismuto met\u00e1lico El bismuto met\u00e1lico son un material met\u00e1lico de gran pureza dise\u00f1ado para la fabricaci\u00f3n de precisi\u00f3n, aditivos de aleaciones y aplicaciones de alto rendimiento. Con una excelente conductividad el\u00e9ctrica, conductividad t\u00e9rmica y buena estabilidad qu\u00edmica, se utilizan ampliamente en electr\u00f3nica, metalurgia, qu\u00edmica y protecci\u00f3n contra las radiaciones. [&hellip;]<\/p>\n","protected":false},"featured_media":13737,"template":"","meta":{"_acf_changed":false},"product_brand":[132],"product_cat":[340],"product_tag":[],"class_list":{"0":"post-20899","1":"product","2":"type-product","3":"status-publish","4":"has-post-thumbnail","6":"product_brand-ulpmat","7":"product_cat-materiales-de-evaporacion","9":"first","10":"instock","11":"shipping-taxable","12":"product-type-variable"},"acf":[],"_links":{"self":[{"href":"https:\/\/ulpmat.com\/es\/wp-json\/wp\/v2\/product\/20899","targetHints":{"allow":["GET"]}}],"collection":[{"href":"https:\/\/ulpmat.com\/es\/wp-json\/wp\/v2\/product"}],"about":[{"href":"https:\/\/ulpmat.com\/es\/wp-json\/wp\/v2\/types\/product"}],"wp:featuredmedia":[{"embeddable":true,"href":"https:\/\/ulpmat.com\/es\/wp-json\/wp\/v2\/media\/13737"}],"wp:attachment":[{"href":"https:\/\/ulpmat.com\/es\/wp-json\/wp\/v2\/media?parent=20899"}],"wp:term":[{"taxonomy":"product_brand","embeddable":true,"href":"https:\/\/ulpmat.com\/es\/wp-json\/wp\/v2\/product_brand?post=20899"},{"taxonomy":"product_cat","embeddable":true,"href":"https:\/\/ulpmat.com\/es\/wp-json\/wp\/v2\/product_cat?post=20899"},{"taxonomy":"product_tag","embeddable":true,"href":"https:\/\/ulpmat.com\/es\/wp-json\/wp\/v2\/product_tag?post=20899"}],"curies":[{"name":"wp","href":"https:\/\/api.w.org\/{rel}","templated":true}]}}