{"id":20680,"date":"2025-09-30T16:33:18","date_gmt":"2025-09-30T08:33:18","guid":{"rendered":"https:\/\/ulpmat.com\/product\/oxido-de-bismuto\/"},"modified":"2025-09-30T16:33:18","modified_gmt":"2025-09-30T08:33:18","slug":"oxido-de-bismuto","status":"publish","type":"product","link":"https:\/\/ulpmat.com\/es\/producto\/oxido-de-bismuto\/","title":{"rendered":"\u00d3xido de bismuto"},"content":{"rendered":"<h2><span style=\"font-size: 14pt;\">Visi\u00f3n general de los c\u00e1todos para sputtering de \u00f3xido de bismuto<\/span><\/h2>\n<p><span style=\"color: #0000ff;\"><a style=\"color: #0000ff;\" href=\"https:\/\/ulpmat.com\/es\/buscar\/?type=name&#038;keyword=Bismuth+Oxide\">\u00d3xido de bismuto<\/a> <\/span>Los c\u00e1todos para sputtering son materiales de alto rendimiento dise\u00f1ados para procesos de deposici\u00f3n de pel\u00edculas finas. Tienen una excelente estabilidad qu\u00edmica y una alta conductividad y se utilizan ampliamente en optoelectr\u00f3nica, termoel\u00e9ctrica y cat\u00e1lisis. Su gran pureza y estabilidad los hacen ideales para la preparaci\u00f3n de pel\u00edculas finas de alta calidad.<\/p>\n<p>Ofrecemos c\u00e1todos de \u00f3xido de bismuto en una gran variedad de formas y tama\u00f1os, incluidos redondos, rectangulares y otras formas personalizadas. Tambi\u00e9n ofrecemos un completo servicio <span style=\"color: #0000ff;\"><a style=\"color: #0000ff;\" href=\"https:\/\/ulpmat.com\/es\/servicio\/servicio-posventa\/\">asistencia posventa<\/a><\/span> postventa &#8211; si tiene alguna pregunta sobre su uso, no dude en <span style=\"color: #0000ff;\"><a style=\"color: #0000ff;\" href=\"https:\/\/ulpmat.com\/es\/contactanos\/\">ponerse en contacto con nosotros<\/a><\/span>.<\/p>\n<h2><span style=\"font-size: 14pt;\">Caracter\u00edsticas del producto<\/span><\/h2>\n<p>Pureza: 99,99<br \/>\nExcelente conductividad: Adecuado para la fabricaci\u00f3n de dispositivos electr\u00f3nicos y optoelectr\u00f3nicos<br \/>\nGran estabilidad: Estable a altas temperaturas y en entornos altamente corrosivos<br \/>\nEnvases personalizables<br \/>\nTama\u00f1o y forma personalizables: Cumplen los requisitos de procesos espec\u00edficos<\/p>\n<h2><span style=\"font-size: 14pt;\">Aplicaciones del c\u00e1todo para sputtering de \u00f3xido de bismuto <\/span><\/h2>\n<p>Semiconductores: El \u00f3xido de bismuto se utiliza ampliamente en dispositivos semiconductores como componentes clave, tales como materiales de electrodos y capas diel\u00e9ctricas.<br \/>\nMateriales optoelectr\u00f3nicos: Utilizado en fotodetectores, c\u00e9lulas fotovoltaicas y otras aplicaciones optoelectr\u00f3nicas, con excelentes caracter\u00edsticas de absorci\u00f3n de la luz.<br \/>\nAplicaciones termoel\u00e9ctricas: Como material termoel\u00e9ctrico, puede utilizarse en equipos de generaci\u00f3n de energ\u00eda termoel\u00e9ctrica y refrigeraci\u00f3n para proporcionar un excelente rendimiento de conversi\u00f3n termoel\u00e9ctrica.<br \/>\nCatalizador: Se utiliza como catalizador en la protecci\u00f3n del medio ambiente y el desarrollo de energ\u00edas verdes, especialmente en las tecnolog\u00edas de purificaci\u00f3n de gases y tratamiento de aguas.<\/p>\n<h2><span style=\"font-size: 14pt;\">Informes<\/span><\/h2>\n<p>Proporcionamos certificados de an\u00e1lisis (COA), hojas de datos de seguridad de materiales (MSDS) y otros informes relevantes para cada env\u00edo. Adem\u00e1s, tambi\u00e9n apoyamos las pruebas de terceros para mejorar la garant\u00eda de calidad.<\/p>\n","protected":false},"excerpt":{"rendered":"<p>Visi\u00f3n general de los c\u00e1todos para sputtering de \u00f3xido de bismuto \u00d3xido de bismuto Los c\u00e1todos para sputtering son materiales de alto rendimiento dise\u00f1ados para procesos de deposici\u00f3n de pel\u00edculas finas. Tienen una excelente estabilidad qu\u00edmica y una alta conductividad y se utilizan ampliamente en optoelectr\u00f3nica, termoel\u00e9ctrica y cat\u00e1lisis. Su gran pureza y estabilidad los [&hellip;]<\/p>\n","protected":false},"featured_media":13772,"template":"","meta":{"_acf_changed":false},"product_brand":[132],"product_cat":[457],"product_tag":[],"class_list":{"0":"post-20680","1":"product","2":"type-product","3":"status-publish","4":"has-post-thumbnail","6":"product_brand-ulpmat","7":"product_cat-blanco-ceramico-para-sputtering","9":"first","10":"instock","11":"shipping-taxable","12":"product-type-variable"},"acf":[],"_links":{"self":[{"href":"https:\/\/ulpmat.com\/es\/wp-json\/wp\/v2\/product\/20680","targetHints":{"allow":["GET"]}}],"collection":[{"href":"https:\/\/ulpmat.com\/es\/wp-json\/wp\/v2\/product"}],"about":[{"href":"https:\/\/ulpmat.com\/es\/wp-json\/wp\/v2\/types\/product"}],"wp:featuredmedia":[{"embeddable":true,"href":"https:\/\/ulpmat.com\/es\/wp-json\/wp\/v2\/media\/13772"}],"wp:attachment":[{"href":"https:\/\/ulpmat.com\/es\/wp-json\/wp\/v2\/media?parent=20680"}],"wp:term":[{"taxonomy":"product_brand","embeddable":true,"href":"https:\/\/ulpmat.com\/es\/wp-json\/wp\/v2\/product_brand?post=20680"},{"taxonomy":"product_cat","embeddable":true,"href":"https:\/\/ulpmat.com\/es\/wp-json\/wp\/v2\/product_cat?post=20680"},{"taxonomy":"product_tag","embeddable":true,"href":"https:\/\/ulpmat.com\/es\/wp-json\/wp\/v2\/product_tag?post=20680"}],"curies":[{"name":"wp","href":"https:\/\/api.w.org\/{rel}","templated":true}]}}