{"id":20637,"date":"2025-09-30T16:33:19","date_gmt":"2025-09-30T08:33:19","guid":{"rendered":"https:\/\/ulpmat.com\/product\/sulfuro-de-bismuto\/"},"modified":"2025-09-30T16:33:19","modified_gmt":"2025-09-30T08:33:19","slug":"sulfuro-de-bismuto","status":"publish","type":"product","link":"https:\/\/ulpmat.com\/es\/producto\/sulfuro-de-bismuto\/","title":{"rendered":"Sulfuro de bismuto"},"content":{"rendered":"<h2><span style=\"font-size: 14pt;\">Sulfuro de bismuto en polvo <\/span><\/h2>\n<p><span style=\"color: #0000ff;\"><a style=\"color: #0000ff;\" href=\"https:\/\/ulpmat.com\/es\/buscar\/?type=name&#038;keyword=Bismuth+Sulfide\">El polvo de sulfuro de bismuto<\/a><\/span> en polvo es un material dise\u00f1ado para procesos de deposici\u00f3n de pel\u00edculas finas de alto rendimiento y se utiliza ampliamente en optoelectr\u00f3nica, termoel\u00e9ctrica y cat\u00e1lisis. Su gran pureza y estructura estable lo convierten en una opci\u00f3n ideal para la fabricaci\u00f3n de materiales de alta calidad.<\/p>\n<p>Ofrecemos polvo de sulfuro de bismuto en varias formas y tama\u00f1os, y puede personalizarse seg\u00fan sus requisitos espec\u00edficos. Tambi\u00e9n ofrecemos un completo servicio<span style=\"color: #0000ff;\"><a style=\"color: #0000ff;\" href=\"https:\/\/ulpmat.com\/es\/servicio\/servicio-posventa\/\"> postventa<\/a><\/span> postventa. Si tiene alguna pregunta sobre el uso, no dude en<span style=\"color: #0000ff;\"><a style=\"color: #0000ff;\" href=\"https:\/\/ulpmat.com\/es\/contactanos\/\"> ponerse en contacto con nosotros<\/a><\/span>.<\/p>\n<h2><span style=\"font-size: 14pt;\">Caracter\u00edsticas del producto<\/span><\/h2>\n<p>Pureza: 99,95% a 99,999<br \/>\nAlta estabilidad: Puede funcionar de forma estable durante mucho tiempo en entornos dif\u00edciles<br \/>\nM\u00faltiples especificaciones: Se suministran polvos de diferentes tama\u00f1os de part\u00edcula para satisfacer diversos requisitos de aplicaci\u00f3n<br \/>\nEnvasado: <span style=\"color: #0000ff;\"><a style=\"color: #0000ff;\" href=\"https:\/\/ulpmat.com\/es\/servicio\/personalizacion\/\">Personalizable<\/a><\/span><br \/>\nAlta conductividad: Con propiedades semiconductoras, es adecuado para aplicaciones optoelectr\u00f3nicas y termoel\u00e9ctricas<\/p>\n<h2><span style=\"font-size: 14pt;\">Aplicaciones del polvo de sulfuro de bismuto<\/span><\/h2>\n<p>Materiales optoelectr\u00f3nicos: Debido a sus excelentes caracter\u00edsticas de absorci\u00f3n de infrarrojos, el polvo de sulfuro de bismuto se utiliza ampliamente en dispositivos optoelectr\u00f3nicos de infrarrojos, fotodetectores, tecnolog\u00eda fotovoltaica y otros campos.<br \/>\nMateriales termoel\u00e9ctricos: En los equipos de generaci\u00f3n de energ\u00eda termoel\u00e9ctrica y de refrigeraci\u00f3n, el Bi\u2082S\u2083 se utiliza como material de conversi\u00f3n termoel\u00e9ctrica con un buen efecto termoel\u00e9ctrico.<br \/>\nCatalizadores: Se utilizan para reacciones catal\u00edticas en la protecci\u00f3n del medio ambiente y el desarrollo de energ\u00edas verdes, especialmente en los campos de la purificaci\u00f3n del aire y el tratamiento del agua.<br \/>\nSensores: Muy utilizados en la vigilancia medioambiental y la detecci\u00f3n industrial como sensores de gas y humedad.<\/p>\n<h2><span style=\"font-size: 14pt;\">Informes<\/span><\/h2>\n<p>Proporcionamos certificados de an\u00e1lisis (COA), hojas de datos de seguridad de materiales (MSDS) y otros informes relevantes para cada env\u00edo. Adem\u00e1s, tambi\u00e9n apoyamos las pruebas de terceros para mejorar la garant\u00eda de calidad.<\/p>\n","protected":false},"excerpt":{"rendered":"<p>Sulfuro de bismuto en polvo El polvo de sulfuro de bismuto en polvo es un material dise\u00f1ado para procesos de deposici\u00f3n de pel\u00edculas finas de alto rendimiento y se utiliza ampliamente en optoelectr\u00f3nica, termoel\u00e9ctrica y cat\u00e1lisis. Su gran pureza y estructura estable lo convierten en una opci\u00f3n ideal para la fabricaci\u00f3n de materiales de alta [&hellip;]<\/p>\n","protected":false},"featured_media":13779,"template":"","meta":{"_acf_changed":false},"product_brand":[132],"product_cat":[678,1102],"product_tag":[],"class_list":{"0":"post-20637","1":"product","2":"type-product","3":"status-publish","4":"has-post-thumbnail","6":"product_brand-ulpmat","7":"product_cat-materiales-calcogenuros","8":"product_cat-materiales-calcogenuros-es","10":"first","11":"instock","12":"shipping-taxable","13":"product-type-variable"},"acf":[],"_links":{"self":[{"href":"https:\/\/ulpmat.com\/es\/wp-json\/wp\/v2\/product\/20637","targetHints":{"allow":["GET"]}}],"collection":[{"href":"https:\/\/ulpmat.com\/es\/wp-json\/wp\/v2\/product"}],"about":[{"href":"https:\/\/ulpmat.com\/es\/wp-json\/wp\/v2\/types\/product"}],"wp:featuredmedia":[{"embeddable":true,"href":"https:\/\/ulpmat.com\/es\/wp-json\/wp\/v2\/media\/13779"}],"wp:attachment":[{"href":"https:\/\/ulpmat.com\/es\/wp-json\/wp\/v2\/media?parent=20637"}],"wp:term":[{"taxonomy":"product_brand","embeddable":true,"href":"https:\/\/ulpmat.com\/es\/wp-json\/wp\/v2\/product_brand?post=20637"},{"taxonomy":"product_cat","embeddable":true,"href":"https:\/\/ulpmat.com\/es\/wp-json\/wp\/v2\/product_cat?post=20637"},{"taxonomy":"product_tag","embeddable":true,"href":"https:\/\/ulpmat.com\/es\/wp-json\/wp\/v2\/product_tag?post=20637"}],"curies":[{"name":"wp","href":"https:\/\/api.w.org\/{rel}","templated":true}]}}