{"id":20527,"date":"2025-09-30T16:33:20","date_gmt":"2025-09-30T08:33:20","guid":{"rendered":"https:\/\/ulpmat.com\/product\/telururo-de-bismuto-iii\/"},"modified":"2025-09-30T16:33:20","modified_gmt":"2025-09-30T08:33:20","slug":"telururo-de-bismuto-iii","status":"publish","type":"product","link":"https:\/\/ulpmat.com\/es\/producto\/telururo-de-bismuto-iii\/","title":{"rendered":"Telururo de bismuto (III)"},"content":{"rendered":"<h2><span style=\"font-size: 14pt;\">Visi\u00f3n general de los c\u00e1todos para sputtering de telururo de bismuto<\/span><\/h2>\n<p><span style=\"color: #0000ff;\"><a style=\"color: #0000ff;\" href=\"https:\/\/ulpmat.com\/es\/buscar\/?type=name&#038;keyword=Bismuth+%28III%29+Telluride\">Los c\u00e1todos para sputtering de telururo de bismuto<\/a> <\/span>son materiales de alto rendimiento dise\u00f1ados para procesos de deposici\u00f3n de pel\u00edculas finas y se utilizan ampliamente en el campo termoel\u00e9ctrico. Sus excelentes propiedades termoel\u00e9ctricas y su moderada resistencia mec\u00e1nica los hacen ideales para la generaci\u00f3n de energ\u00eda termoel\u00e9ctrica y los equipos de refrigeraci\u00f3n. Los c\u00e1todos para sputtering de telururo de bismuto (III) garantizan una deposici\u00f3n uniforme de la pel\u00edcula, una fuerte adherencia y un contenido de impurezas extremadamente bajo en condiciones de alta pureza.<\/p>\n<h2><span style=\"font-size: 14pt;\">Productos destacados<\/span><\/h2>\n<p>Pureza: 99,9% a 99,999<br \/>\nRendimiento termoel\u00e9ctrico: Excelente conductividad t\u00e9rmica para equipos termoel\u00e9ctricos de generaci\u00f3n de energ\u00eda y refrigeraci\u00f3n<br \/>\nAlta densidad: Garantiza la uniformidad de la pel\u00edcula y un rendimiento el\u00e9ctrico fiable<br \/>\n<span style=\"color: #0000ff;\"><a style=\"color: #0000ff;\" href=\"https:\/\/ulpmat.com\/es\/servicio\/personalizacion\/\">Personalizable<\/a> <\/span>Tama\u00f1o y forma: Proporciona una variedad de especificaciones para satisfacer los diferentes requisitos del proceso<br \/>\nServicio de encuadernaci\u00f3n de objetivos disponible<\/p>\n<h2><span style=\"font-size: 14pt;\">Aplicaciones de los c\u00e1todos de telururo de bismuto para sputtering <\/span><\/h2>\n<p>Materiales termoel\u00e9ctricos: Bi2Te3 es uno de los materiales semiconductores m\u00e1s utilizados para la generaci\u00f3n de energ\u00eda termoel\u00e9ctrica y la refrigeraci\u00f3n.<br \/>\n<span style=\"color: #0000ff;\"><a style=\"color: #0000ff;\" href=\"https:\/\/ulpmat.com\/es\/solicitud\/materiales-semiconductores\/\">Semiconductores<\/a><\/span> Semiconductores: Muy utilizados en sensores de temperatura, fotodetectores y detectores de infrarrojos.<br \/>\n<span style=\"color: #0000ff;\"><a style=\"color: #0000ff;\" href=\"https:\/\/ulpmat.com\/es\/solicitud\/materiales-opticos\/\">\u00d3ptica<\/a> <\/span>Recubrimientos: Pueden utilizarse para preparar materiales eficientes de pel\u00edcula fina y mejorar el rendimiento en dispositivos \u00f3pticos.<br \/>\nSistemas de refrigeraci\u00f3n termoel\u00e9ctrica: Para refrigeradores termoel\u00e9ctricos y equipos de refrigeraci\u00f3n de alto rendimiento, que proporcionan un control estable de la temperatura.<\/p>\n<h2><span style=\"font-size: 14pt;\">Informes<\/span><\/h2>\n<p>Proporcionamos Certificados de An\u00e1lisis (COA), Hojas de Datos de Seguridad de Materiales (MSDS) y otros informes relevantes para cada lote de c\u00e1todos de telururo de bismuto para sputtering con el fin de garantizar que los productos cumplen las normas de calidad internacionales. Al mismo tiempo, tambi\u00e9n apoyamos las pruebas de terceros para mejorar a\u00fan m\u00e1s la garant\u00eda de calidad.<\/p>\n","protected":false},"excerpt":{"rendered":"<p>Visi\u00f3n general de los c\u00e1todos para sputtering de telururo de bismuto Los c\u00e1todos para sputtering de telururo de bismuto son materiales de alto rendimiento dise\u00f1ados para procesos de deposici\u00f3n de pel\u00edculas finas y se utilizan ampliamente en el campo termoel\u00e9ctrico. Sus excelentes propiedades termoel\u00e9ctricas y su moderada resistencia mec\u00e1nica los hacen ideales para la generaci\u00f3n [&hellip;]<\/p>\n","protected":false},"featured_media":13807,"template":"","meta":{"_acf_changed":false},"product_brand":[132],"product_cat":[457],"product_tag":[],"class_list":{"0":"post-20527","1":"product","2":"type-product","3":"status-publish","4":"has-post-thumbnail","6":"product_brand-ulpmat","7":"product_cat-blanco-ceramico-para-sputtering","9":"first","10":"instock","11":"shipping-taxable","12":"product-type-variable"},"acf":[],"_links":{"self":[{"href":"https:\/\/ulpmat.com\/es\/wp-json\/wp\/v2\/product\/20527","targetHints":{"allow":["GET"]}}],"collection":[{"href":"https:\/\/ulpmat.com\/es\/wp-json\/wp\/v2\/product"}],"about":[{"href":"https:\/\/ulpmat.com\/es\/wp-json\/wp\/v2\/types\/product"}],"wp:featuredmedia":[{"embeddable":true,"href":"https:\/\/ulpmat.com\/es\/wp-json\/wp\/v2\/media\/13807"}],"wp:attachment":[{"href":"https:\/\/ulpmat.com\/es\/wp-json\/wp\/v2\/media?parent=20527"}],"wp:term":[{"taxonomy":"product_brand","embeddable":true,"href":"https:\/\/ulpmat.com\/es\/wp-json\/wp\/v2\/product_brand?post=20527"},{"taxonomy":"product_cat","embeddable":true,"href":"https:\/\/ulpmat.com\/es\/wp-json\/wp\/v2\/product_cat?post=20527"},{"taxonomy":"product_tag","embeddable":true,"href":"https:\/\/ulpmat.com\/es\/wp-json\/wp\/v2\/product_tag?post=20527"}],"curies":[{"name":"wp","href":"https:\/\/api.w.org\/{rel}","templated":true}]}}