{"id":20470,"date":"2025-09-30T16:33:21","date_gmt":"2025-09-30T08:33:21","guid":{"rendered":"https:\/\/ulpmat.com\/product\/oxido-de-bismuto-y-germanio-bgo\/"},"modified":"2025-09-30T16:33:21","modified_gmt":"2025-09-30T08:33:21","slug":"oxido-de-bismuto-y-germanio-bgo","status":"publish","type":"product","link":"https:\/\/ulpmat.com\/es\/producto\/oxido-de-bismuto-y-germanio-bgo\/","title":{"rendered":"\u00d3xido de bismuto y germanio (BGO)"},"content":{"rendered":"<h2><span style=\"font-size: 14pt;\">Visi\u00f3n general de los c\u00e1todos para sputtering de \u00f3xido de bismuto y germanio<\/span><\/h2>\n<p><span style=\"color: #0000ff;\"><a style=\"color: #0000ff;\" href=\"https:\/\/ulpmat.com\/es\/buscar\/?type=name&#038;keyword=Bismuth+Germanium+Oxide\">\u00d3xido de bismuto y germanio<\/a><\/span> son materiales de alto rendimiento dise\u00f1ados para procesos de deposici\u00f3n de pel\u00edculas finas ferroel\u00e9ctricas, optoelectr\u00f3nicas y funcionales. El material es estructuralmente estable, qu\u00edmicamente uniforme y tiene una densidad y pureza excelentes, lo que garantiza una composici\u00f3n de pel\u00edcula consistente, una fuerte adherencia y una alta calidad de pel\u00edcula.<\/p>\n<p>Ofrecemos c\u00e1todos para sputtering de \u00f3xido de bismuto y germanio en varias formas y tama\u00f1os, incluyendo redondos y rectangulares, y pueden personalizarse seg\u00fan sus requisitos espec\u00edficos. Tambi\u00e9n ofrecemos un completo servicio postventa. Si tiene alguna pregunta sobre el uso, no dude en <span style=\"color: #0000ff;\"><a style=\"color: #0000ff;\" href=\"https:\/\/ulpmat.com\/es\/contactanos\/\">ponerse en contacto con nosotros<\/a><\/span>.<\/p>\n<h2><span style=\"font-size: 14pt;\">Caracter\u00edsticas del producto<\/span><\/h2>\n<p>Pureza: 99,99<br \/>\nEstructura cer\u00e1mica de alta densidad para una deposici\u00f3n estable<br \/>\n<span style=\"color: #0000ff;\"><a style=\"color: #0000ff;\" href=\"https:\/\/ulpmat.com\/es\/servicio\/personalizacion\/\">Personalizable<\/a><\/span> tama\u00f1o y forma<br \/>\nServicio de fijaci\u00f3n de objetivos disponible<br \/>\nExcelente uniformidad y adherencia de la pel\u00edcula<br \/>\nAplicable a una gran variedad de campos de preparaci\u00f3n de pel\u00edculas finas funcionales<\/p>\n<h2><span style=\"font-size: 14pt;\">Aplicaciones del c\u00e1todo para sputtering de \u00f3xido de bismuto y germanio<\/span><\/h2>\n<p>Memoria ferroel\u00e9ctrica: El Bi\u2084Ti\u2083O\u2081\u2082 es un material ferroel\u00e9ctrico cl\u00e1sico que puede utilizarse para la deposici\u00f3n de capas ferroel\u00e9ctricas en memorias no vol\u00e1tiles (FeRAM).<br \/>\nDispositivos optoelectr\u00f3nicos: Se utiliza para preparar pel\u00edculas de \u00f3xido multifuncionales con caracter\u00edsticas fotorresponsivas para conversi\u00f3n fotoel\u00e9ctrica y sensores.<br \/>\nMateriales piezoel\u00e9ctricos y diel\u00e9ctricos: pueden utilizarse como materiales de capas funcionales en condensadores cer\u00e1micos y componentes de chips multicapa, con buenas propiedades diel\u00e9ctricas.<br \/>\nPel\u00edculas para dispositivos integrados: pel\u00edculas funcionales utilizadas en circuitos integrados, como condensadores ferroel\u00e9ctricos autopolarizados.<\/p>\n<h2><span style=\"font-size: 14pt;\">Informes<\/span><\/h2>\n<p>Para cada lote de c\u00e1todos para sputtering de \u00f3xido de bismuto y germanio, proporcionamos un certificado de an\u00e1lisis (COA) completo, una hoja de datos de seguridad del material (MSDS) e informes de pruebas de componentes relevantes. Tambi\u00e9n podemos proporcionar informes de pruebas de terceros a petici\u00f3n del cliente para aumentar la confianza en la calidad del material.<\/p>\n","protected":false},"excerpt":{"rendered":"<p>Visi\u00f3n general de los c\u00e1todos para sputtering de \u00f3xido de bismuto y germanio \u00d3xido de bismuto y germanio son materiales de alto rendimiento dise\u00f1ados para procesos de deposici\u00f3n de pel\u00edculas finas ferroel\u00e9ctricas, optoelectr\u00f3nicas y funcionales. El material es estructuralmente estable, qu\u00edmicamente uniforme y tiene una densidad y pureza excelentes, lo que garantiza una composici\u00f3n de [&hellip;]<\/p>\n","protected":false},"featured_media":13927,"template":"","meta":{"_acf_changed":false},"product_brand":[132],"product_cat":[457],"product_tag":[],"class_list":{"0":"post-20470","1":"product","2":"type-product","3":"status-publish","4":"has-post-thumbnail","6":"product_brand-ulpmat","7":"product_cat-blanco-ceramico-para-sputtering","9":"first","10":"instock","11":"shipping-taxable","12":"product-type-variable"},"acf":[],"_links":{"self":[{"href":"https:\/\/ulpmat.com\/es\/wp-json\/wp\/v2\/product\/20470","targetHints":{"allow":["GET"]}}],"collection":[{"href":"https:\/\/ulpmat.com\/es\/wp-json\/wp\/v2\/product"}],"about":[{"href":"https:\/\/ulpmat.com\/es\/wp-json\/wp\/v2\/types\/product"}],"wp:featuredmedia":[{"embeddable":true,"href":"https:\/\/ulpmat.com\/es\/wp-json\/wp\/v2\/media\/13927"}],"wp:attachment":[{"href":"https:\/\/ulpmat.com\/es\/wp-json\/wp\/v2\/media?parent=20470"}],"wp:term":[{"taxonomy":"product_brand","embeddable":true,"href":"https:\/\/ulpmat.com\/es\/wp-json\/wp\/v2\/product_brand?post=20470"},{"taxonomy":"product_cat","embeddable":true,"href":"https:\/\/ulpmat.com\/es\/wp-json\/wp\/v2\/product_cat?post=20470"},{"taxonomy":"product_tag","embeddable":true,"href":"https:\/\/ulpmat.com\/es\/wp-json\/wp\/v2\/product_tag?post=20470"}],"curies":[{"name":"wp","href":"https:\/\/api.w.org\/{rel}","templated":true}]}}