{"id":20443,"date":"2025-09-30T16:33:21","date_gmt":"2025-09-30T08:33:21","guid":{"rendered":"https:\/\/ulpmat.com\/product\/oxido-de-bismuto-y-titanio-2\/"},"modified":"2025-09-30T16:33:21","modified_gmt":"2025-09-30T08:33:21","slug":"oxido-de-bismuto-y-titanio-2","status":"publish","type":"product","link":"https:\/\/ulpmat.com\/es\/producto\/oxido-de-bismuto-y-titanio-2\/","title":{"rendered":"\u00d3xido de bismuto y titanio"},"content":{"rendered":"<h2><span style=\"font-size: 14pt;\">\u00d3xido de bismuto y titanio en polvo Descripci\u00f3n general<\/span><\/h2>\n<p><span style=\"color: #0000ff;\"><a style=\"color: #0000ff;\" href=\"https:\/\/ulpmat.com\/es\/buscar\/?type=name&#038;keyword=Bismuth+titanium+oxide\">\u00d3xido de bismuto y titanio<\/a> <\/span>es un material funcional dise\u00f1ado para cer\u00e1mica avanzada y procesos de pel\u00edcula fina. Su composici\u00f3n precisa, alta pureza, excelente estabilidad t\u00e9rmica y propiedades diel\u00e9ctricas lo hacen adecuado para diversos campos de la electr\u00f3nica y la optoelectr\u00f3nica.<\/p>\n<p>Ofrecemos polvo de \u00f3xido de titanio y bismuto en una gran variedad de tama\u00f1os de part\u00edcula, y podemos personalizar la morfolog\u00eda de las part\u00edculas, la distribuci\u00f3n y las especificaciones de envasado seg\u00fan sus necesidades espec\u00edficas. Nuestros productos controlan estrictamente el contenido de impurezas para garantizar la uniformidad entre lotes y pueden satisfacer los distintos requisitos de la investigaci\u00f3n cient\u00edfica y la escala industrial.<\/p>\n<h2><span style=\"font-size: 14pt;\">Productos destacados<\/span><\/h2>\n<p>Alta pureza: 99,9<br \/>\nDistribuci\u00f3n uniforme del tama\u00f1o de las part\u00edculas, personalizable<br \/>\nBuena estabilidad t\u00e9rmica, apto para procesamiento a alta temperatura<br \/>\n<span style=\"color: #0000ff;\"><a style=\"color: #0000ff;\" href=\"https:\/\/ulpmat.com\/es\/servicio\/personalizacion\/\">Personalizable<\/a><\/span> tama\u00f1o de part\u00edcula y envasado seg\u00fan las necesidades del cliente<\/p>\n<h2><span style=\"font-size: 14pt;\">Aplicaciones del \u00f3xido de titanio bismuto en polvo<\/span><\/h2>\n<p>Componentes cer\u00e1micos ferroel\u00e9ctricos y piezoel\u00e9ctricos: Como tipo de material de estructura de perovskita en capas, el Bi\u2084Ti\u2083O\u2081\u2082 se utiliza ampliamente en memorias ferroel\u00e9ctricas, actuadores piezoel\u00e9ctricos y sensores.<br \/>\nCondensadores de pel\u00edcula: Se puede utilizar como material de pel\u00edcula diel\u00e9ctrica con alta constante diel\u00e9ctrica y caracter\u00edsticas de baja p\u00e9rdida, adecuado para el embalaje de circuitos integrados y aplicaciones de condensadores de alta frecuencia.<br \/>\nDispositivos fotoel\u00e9ctricos: Tiene aplicaciones potenciales en fotocat\u00e1lisis y conversi\u00f3n fotoel\u00e9ctrica, y puede utilizarse para desarrollar nuevos materiales funcionales \u00f3pticos.<br \/>\nMateriales aislantes de alta temperatura: Debido a su elevada temperatura de Curie y su buen aislamiento, es adecuado para la preparaci\u00f3n de capas aislantes en condiciones extremas.<\/p>\n<h2><span style=\"font-size: 14pt;\">Informe<\/span><\/h2>\n<p>Proporcionamos certificados de an\u00e1lisis (COA) detallados, hojas de datos de seguridad de materiales (MSDS) e informes de pruebas de distribuci\u00f3n del tama\u00f1o de las part\u00edculas para cada lote de polvo de \u00f3xido de titanio de bismuto. Si necesita pruebas de terceros, tambi\u00e9n podemos ayudarle a proporcionarlas para asegurar que se puede rastrear la calidad y garantizar el rendimiento.<\/p>\n","protected":false},"excerpt":{"rendered":"<p>\u00d3xido de bismuto y titanio en polvo Descripci\u00f3n general \u00d3xido de bismuto y titanio es un material funcional dise\u00f1ado para cer\u00e1mica avanzada y procesos de pel\u00edcula fina. Su composici\u00f3n precisa, alta pureza, excelente estabilidad t\u00e9rmica y propiedades diel\u00e9ctricas lo hacen adecuado para diversos campos de la electr\u00f3nica y la optoelectr\u00f3nica. Ofrecemos polvo de \u00f3xido de [&hellip;]<\/p>\n","protected":false},"featured_media":13814,"template":"","meta":{"_acf_changed":false},"product_brand":[132],"product_cat":[1189],"product_tag":[],"class_list":{"0":"post-20443","1":"product","2":"type-product","3":"status-publish","4":"has-post-thumbnail","6":"product_brand-ulpmat","7":"product_cat-otros-acidos","9":"first","10":"instock","11":"shipping-taxable","12":"product-type-variable"},"acf":[],"_links":{"self":[{"href":"https:\/\/ulpmat.com\/es\/wp-json\/wp\/v2\/product\/20443","targetHints":{"allow":["GET"]}}],"collection":[{"href":"https:\/\/ulpmat.com\/es\/wp-json\/wp\/v2\/product"}],"about":[{"href":"https:\/\/ulpmat.com\/es\/wp-json\/wp\/v2\/types\/product"}],"wp:featuredmedia":[{"embeddable":true,"href":"https:\/\/ulpmat.com\/es\/wp-json\/wp\/v2\/media\/13814"}],"wp:attachment":[{"href":"https:\/\/ulpmat.com\/es\/wp-json\/wp\/v2\/media?parent=20443"}],"wp:term":[{"taxonomy":"product_brand","embeddable":true,"href":"https:\/\/ulpmat.com\/es\/wp-json\/wp\/v2\/product_brand?post=20443"},{"taxonomy":"product_cat","embeddable":true,"href":"https:\/\/ulpmat.com\/es\/wp-json\/wp\/v2\/product_cat?post=20443"},{"taxonomy":"product_tag","embeddable":true,"href":"https:\/\/ulpmat.com\/es\/wp-json\/wp\/v2\/product_tag?post=20443"}],"curies":[{"name":"wp","href":"https:\/\/api.w.org\/{rel}","templated":true}]}}