{"id":20429,"date":"2025-09-30T16:33:21","date_gmt":"2025-09-30T08:33:21","guid":{"rendered":"https:\/\/ulpmat.com\/product\/oxido-de-bismuto-y-titanio\/"},"modified":"2025-09-30T16:33:21","modified_gmt":"2025-09-30T08:33:21","slug":"oxido-de-bismuto-y-titanio","status":"publish","type":"product","link":"https:\/\/ulpmat.com\/es\/producto\/oxido-de-bismuto-y-titanio\/","title":{"rendered":"\u00d3xido de bismuto y titanio"},"content":{"rendered":"<h2><span style=\"font-size: 14pt;\">Visi\u00f3n general de los c\u00e1todos para sputtering de \u00f3xido de bismuto y titanio<\/span><\/h2>\n<p><span style=\"color: #0000ff;\"><a style=\"color: #0000ff;\" href=\"https:\/\/ulpmat.com\/es\/buscar\/?type=name&#038;keyword=Bismuth+titanium+oxide\">Los c\u00e1todos para sputtering<\/a><\/span> son materiales de alto rendimiento desarrollados para aplicaciones de deposici\u00f3n de pel\u00edculas finas cer\u00e1micas funcionales. Conocido por su excelente estabilidad qu\u00edmica y propiedades ferroel\u00e9ctricas, este material es adecuado para la preparaci\u00f3n de dispositivos avanzados como pel\u00edculas finas de alta constante diel\u00e9ctrica, piezoel\u00e9ctricas, optoelectr\u00f3nicas y de memoria no vol\u00e1til.<\/p>\n<p>Suministramos c\u00e1todos para sputtering de \u00f3xido de titanio y bismuto de diversas formas y tama\u00f1os, como redondos, rectangulares, etc., y pueden personalizarse seg\u00fan los requisitos espec\u00edficos del cliente. Tambi\u00e9n ofrecemos una gama completa de <span style=\"color: #0000ff;\"><a style=\"color: #0000ff;\" href=\"https:\/\/ulpmat.com\/es\/servicio\/servicio-posventa\/\">postventa<\/a> <\/span>postventa y sugerencias de aplicaci\u00f3n<span style=\"color: #0000ff;\"><a style=\"color: #0000ff;\" href=\"https:\/\/ulpmat.com\/es\/contactanos\/\"> no dude en consultarnos<\/a><\/span>.<\/p>\n<h2><span style=\"font-size: 14pt;\">Productos destacados<\/span><\/h2>\n<p>Pureza: 99,999<br \/>\nEstructura cer\u00e1mica densa, adecuada para sputtering de alta estabilidad<br \/>\nTama\u00f1o y forma personalizables<br \/>\nAdecuado para la preparaci\u00f3n de pel\u00edculas finas de dispositivos ferroel\u00e9ctricos, piezoel\u00e9ctricos y optoelectr\u00f3nicos<\/p>\n<h2><span style=\"font-size: 14pt;\">Aplicaciones del c\u00e1todo para sputtering de \u00f3xido de titanio y bismuto <\/span><\/h2>\n<p>Memoria ferroel\u00e9ctrica (FeRAM): Bi4Ti3O12 es un material ferroel\u00e9ctrico de fase Aurivillius t\u00edpico, ampliamente utilizado en memorias no vol\u00e1tiles, con un excelente rendimiento de retenci\u00f3n de polarizaci\u00f3n.<br \/>\nDispositivos piezoel\u00e9ctricos: puede utilizarse como capa de accionamiento piezoel\u00e9ctrico en sistemas microelectromec\u00e1nicos (MEMS), con un buen coeficiente de acoplamiento electromec\u00e1nico.<br \/>\nDispositivos optoelectr\u00f3nicos de pel\u00edcula fina: se utilizan para dispositivos \u00f3pticos integrados o capas de modulaci\u00f3n multifuncionales, con efectos \u00f3pticos no lineales y electro\u00f3pticos.<br \/>\nPel\u00edculas altamente diel\u00e9ctricas: adecuadas para condensadores, capas diel\u00e9ctricas DRAM y pel\u00edculas de control de se\u00f1ales.<\/p>\n<h2><span style=\"font-size: 14pt;\">Informes<\/span><\/h2>\n<p>Proporcionamos certificados de an\u00e1lisis (COA) detallados, hojas de datos de seguridad de materiales (MSDS) e informes de ensayos de DRX, SEM o densidad relacionados con cada lote de productos. Tambi\u00e9n invitamos a los clientes a designar agencias de pruebas externas para la verificaci\u00f3n, con el fin de garantizar conjuntamente una entrega de alta calidad.<\/p>\n","protected":false},"excerpt":{"rendered":"<p>Visi\u00f3n general de los c\u00e1todos para sputtering de \u00f3xido de bismuto y titanio Los c\u00e1todos para sputtering son materiales de alto rendimiento desarrollados para aplicaciones de deposici\u00f3n de pel\u00edculas finas cer\u00e1micas funcionales. Conocido por su excelente estabilidad qu\u00edmica y propiedades ferroel\u00e9ctricas, este material es adecuado para la preparaci\u00f3n de dispositivos avanzados como pel\u00edculas finas de [&hellip;]<\/p>\n","protected":false},"featured_media":13821,"template":"","meta":{"_acf_changed":false},"product_brand":[132],"product_cat":[457,338],"product_tag":[],"class_list":{"0":"post-20429","1":"product","2":"type-product","3":"status-publish","4":"has-post-thumbnail","6":"product_brand-ulpmat","7":"product_cat-blanco-ceramico-para-sputtering","8":"product_cat-metales-puros-y-aleaciones","10":"first","11":"instock","12":"shipping-taxable","13":"product-type-variable"},"acf":[],"_links":{"self":[{"href":"https:\/\/ulpmat.com\/es\/wp-json\/wp\/v2\/product\/20429","targetHints":{"allow":["GET"]}}],"collection":[{"href":"https:\/\/ulpmat.com\/es\/wp-json\/wp\/v2\/product"}],"about":[{"href":"https:\/\/ulpmat.com\/es\/wp-json\/wp\/v2\/types\/product"}],"wp:featuredmedia":[{"embeddable":true,"href":"https:\/\/ulpmat.com\/es\/wp-json\/wp\/v2\/media\/13821"}],"wp:attachment":[{"href":"https:\/\/ulpmat.com\/es\/wp-json\/wp\/v2\/media?parent=20429"}],"wp:term":[{"taxonomy":"product_brand","embeddable":true,"href":"https:\/\/ulpmat.com\/es\/wp-json\/wp\/v2\/product_brand?post=20429"},{"taxonomy":"product_cat","embeddable":true,"href":"https:\/\/ulpmat.com\/es\/wp-json\/wp\/v2\/product_cat?post=20429"},{"taxonomy":"product_tag","embeddable":true,"href":"https:\/\/ulpmat.com\/es\/wp-json\/wp\/v2\/product_tag?post=20429"}],"curies":[{"name":"wp","href":"https:\/\/api.w.org\/{rel}","templated":true}]}}