{"id":20407,"date":"2025-09-30T16:33:22","date_gmt":"2025-09-30T08:33:22","guid":{"rendered":"https:\/\/ulpmat.com\/product\/cloruro-de-bismuto\/"},"modified":"2025-09-30T16:33:22","modified_gmt":"2025-09-30T08:33:22","slug":"cloruro-de-bismuto","status":"publish","type":"product","link":"https:\/\/ulpmat.com\/es\/producto\/cloruro-de-bismuto\/","title":{"rendered":"Cloruro de bismuto"},"content":{"rendered":"<h2><span style=\"font-size: 14pt;\">Cloruro de bismuto en polvo<\/span><\/h2>\n<p><span style=\"color: #0000ff;\"><a style=\"color: #0000ff;\" href=\"https:\/\/ulpmat.com\/es\/buscar\/?type=name&#038;keyword=Bismuth+Chloride\">Cloruro de bismuto<\/a><\/span> en polvo es un material inorg\u00e1nico funcional utilizado en aplicaciones de alta gama como cat\u00e1lisis, s\u00edntesis y desarrollo de materiales. Su pureza puede alcanzar el 99,99%, con excelente estabilidad qu\u00edmica y reactividad, especialmente adecuado para qu\u00edmica electr\u00f3nica, qu\u00edmica fina y materiales funcionales.<\/p>\n<p>Podemos suministrar cloruro de bismuto en polvo con una gran variedad de distribuciones de tama\u00f1o de part\u00edcula, y se puede personalizar y envasar seg\u00fan las necesidades del cliente. Tambi\u00e9n ofrecemos un servicio postventa profesional. Si tiene alguna pregunta durante el uso, no dude en <span style=\"color: #0000ff;\"><a style=\"color: #0000ff;\" href=\"https:\/\/ulpmat.com\/es\/contactanos\/\">ponerse en contacto con<\/a><\/span> con nuestro equipo t\u00e9cnico.<\/p>\n<h2><span style=\"font-size: 14pt;\">Caracter\u00edsticas del producto<\/span><\/h2>\n<p>Pureza: 99,99<br \/>\nAlta estabilidad, c\u00f3modo almacenamiento y transporte<br \/>\n<span style=\"color: #0000ff;\"><a style=\"color: #0000ff;\" href=\"https:\/\/ulpmat.com\/es\/servicio\/personalizacion\/\">Personalizable<\/a><\/span> tama\u00f1o de part\u00edcula y envasado<\/p>\n<h2><span style=\"font-size: 14pt;\">Aplicaci\u00f3n del cloruro de bismuto en polvo<\/span><\/h2>\n<p>Portador de catalizador: Presenta una excelente selectividad catal\u00edtica y actividad en s\u00edntesis org\u00e1nica, halogenaci\u00f3n de hidrocarburos arom\u00e1ticos, reacciones redox y otras.<br \/>\nMateriales funcionales: Se utiliza para fabricar vidrio de bajo punto de fusi\u00f3n, materiales optoelectr\u00f3nicos y materiales termosensibles para mejorar la fiabilidad del rendimiento de los productos.<br \/>\nIntermedios farmac\u00e9uticos: Como intermediario para la s\u00edntesis de ciertos f\u00e1rmacos de bismuto (como la medicina estomacal), tiene una buena biocompatibilidad.<br \/>\nQu\u00edmica electr\u00f3nica: Se utiliza para regular la formaci\u00f3n de pel\u00edculas y optimizar el rendimiento en materiales de galvanoplastia, soldadura y bater\u00edas.<\/p>\n<h2><span style=\"font-size: 14pt;\">Informe<\/span><\/h2>\n<p>Proporcionamos certificados de an\u00e1lisis (COA), hojas de datos de seguridad de materiales (MSDS) y otros documentos t\u00e9cnicos necesarios para cada lote de productos. Todos los productos se someten a una estricta inspecci\u00f3n de calidad antes de salir de f\u00e1brica y admiten informes de pruebas de terceros para garantizar la seguridad y confianza del cliente.<\/p>\n","protected":false},"excerpt":{"rendered":"<p>Cloruro de bismuto en polvo Cloruro de bismuto en polvo es un material inorg\u00e1nico funcional utilizado en aplicaciones de alta gama como cat\u00e1lisis, s\u00edntesis y desarrollo de materiales. Su pureza puede alcanzar el 99,99%, con excelente estabilidad qu\u00edmica y reactividad, especialmente adecuado para qu\u00edmica electr\u00f3nica, qu\u00edmica fina y materiales funcionales. Podemos suministrar cloruro de bismuto [&hellip;]<\/p>\n","protected":false},"featured_media":13828,"template":"","meta":{"_acf_changed":false},"product_brand":[132],"product_cat":[330],"product_tag":[],"class_list":{"0":"post-20407","1":"product","2":"type-product","3":"status-publish","4":"has-post-thumbnail","6":"product_brand-ulpmat","7":"product_cat-materiales-halogenados","9":"first","10":"instock","11":"shipping-taxable","12":"product-type-variable"},"acf":[],"_links":{"self":[{"href":"https:\/\/ulpmat.com\/es\/wp-json\/wp\/v2\/product\/20407","targetHints":{"allow":["GET"]}}],"collection":[{"href":"https:\/\/ulpmat.com\/es\/wp-json\/wp\/v2\/product"}],"about":[{"href":"https:\/\/ulpmat.com\/es\/wp-json\/wp\/v2\/types\/product"}],"wp:featuredmedia":[{"embeddable":true,"href":"https:\/\/ulpmat.com\/es\/wp-json\/wp\/v2\/media\/13828"}],"wp:attachment":[{"href":"https:\/\/ulpmat.com\/es\/wp-json\/wp\/v2\/media?parent=20407"}],"wp:term":[{"taxonomy":"product_brand","embeddable":true,"href":"https:\/\/ulpmat.com\/es\/wp-json\/wp\/v2\/product_brand?post=20407"},{"taxonomy":"product_cat","embeddable":true,"href":"https:\/\/ulpmat.com\/es\/wp-json\/wp\/v2\/product_cat?post=20407"},{"taxonomy":"product_tag","embeddable":true,"href":"https:\/\/ulpmat.com\/es\/wp-json\/wp\/v2\/product_tag?post=20407"}],"curies":[{"name":"wp","href":"https:\/\/api.w.org\/{rel}","templated":true}]}}