{"id":20390,"date":"2025-09-30T16:33:22","date_gmt":"2025-09-30T08:33:22","guid":{"rendered":"https:\/\/ulpmat.com\/product\/ferrita-de-bismuto\/"},"modified":"2025-09-30T16:33:22","modified_gmt":"2025-09-30T08:33:22","slug":"ferrita-de-bismuto","status":"publish","type":"product","link":"https:\/\/ulpmat.com\/es\/producto\/ferrita-de-bismuto\/","title":{"rendered":"Ferrita de bismuto"},"content":{"rendered":"<h2><span style=\"font-size: 14pt;\">Visi\u00f3n general de los c\u00e1todos para sputtering de ferrita de bismuto<\/span><\/h2>\n<p><span style=\"color: #0000ff;\"><a style=\"color: #0000ff;\" href=\"https:\/\/ulpmat.com\/es\/buscar\/?type=name&#038;keyword=Bismuth+Ferrite\">La ferrita de bismuto<\/a><\/span> son materiales de alto rendimiento dise\u00f1ados para procesos avanzados de deposici\u00f3n de pel\u00edculas finas funcionales. Poseen una excelente densidad y pureza de fase, garantizando uniformidad, buena adherencia y propiedades multiferroicas estables durante la formaci\u00f3n de la pel\u00edcula, y se utilizan ampliamente en el desarrollo de dispositivos ferroel\u00e9ctricos, piezoel\u00e9ctricos y magnetoel\u00e9ctricos.<\/p>\n<p>Ofrecemos c\u00e1todos para sputtering de ferrita de bismuto de varias formas y tama\u00f1os, incluidos redondos y rectangulares, y pueden personalizarse seg\u00fan sus requisitos espec\u00edficos. Tambi\u00e9n ofrecemos un completo servicio postventa. Si tiene alguna pregunta durante el uso, no dude en <span style=\"color: #0000ff;\"><a style=\"color: #0000ff;\" href=\"https:\/\/ulpmat.com\/es\/contactanos\/\">ponerse en contacto con nosotros<\/a><\/span>.<\/p>\n<h2><span style=\"font-size: 14pt;\">Caracter\u00edsticas del producto<\/span><\/h2>\n<p>Pureza: 99,95<br \/>\nAlta densidad, estructura densa adecuada para el recubrimiento de precisi\u00f3n<br \/>\n<span style=\"color: #0000ff;\"><a style=\"color: #0000ff;\" href=\"https:\/\/ulpmat.com\/es\/servicio\/personalizacion\/\">Personalizable<\/a> <\/span>tama\u00f1o y forma<br \/>\nServicio de fijaci\u00f3n de objetivos disponible<br \/>\nAdecuado para la investigaci\u00f3n de \u00f3xidos funcionales, dispositivos ferroel\u00e9ctricos\/magnetoel\u00e9ctricos y materiales multiferroicos de pel\u00edcula fina<\/p>\n<h2><span style=\"font-size: 14pt;\">Aplicaciones de los c\u00e1todos para sputtering de ferrita de bismuto<\/span><\/h2>\n<p>Investigaci\u00f3n de dispositivos funcionales: Como material multiferroico t\u00edpico, es ampliamente utilizado en investigaci\u00f3n b\u00e1sica como efectos ferroel\u00e9ctricos y magnetoel\u00e9ctricos.<br \/>\nMemoria no vol\u00e1til: Se utiliza como material de capa funcional en la memoria ferroel\u00e9ctrica de acceso aleatorio (FeRAM).<br \/>\nEspintr\u00f3nica: Sus propiedades de acoplamiento magn\u00e9tico y el\u00e9ctrico le confieren una aplicaci\u00f3n potencial en dispositivos de acoplamiento magnetoel\u00e9ctrico.<br \/>\nSensores de pel\u00edcula fina: Capas de pel\u00edcula funcionales para sensores piezoel\u00e9ctricos y fotoel\u00e9ctricos con rendimiento estable.<\/p>\n<h2><span style=\"font-size: 14pt;\">Informes<\/span><\/h2>\n<p>Proporcionamos certificados de an\u00e1lisis (COA), hojas de datos de seguridad de materiales (MSDS) y otros informes relevantes para cada env\u00edo. Adem\u00e1s, tambi\u00e9n apoyamos las pruebas de terceros para mejorar la garant\u00eda de calidad.<\/p>\n","protected":false},"excerpt":{"rendered":"<p>Visi\u00f3n general de los c\u00e1todos para sputtering de ferrita de bismuto La ferrita de bismuto son materiales de alto rendimiento dise\u00f1ados para procesos avanzados de deposici\u00f3n de pel\u00edculas finas funcionales. Poseen una excelente densidad y pureza de fase, garantizando uniformidad, buena adherencia y propiedades multiferroicas estables durante la formaci\u00f3n de la pel\u00edcula, y se utilizan [&hellip;]<\/p>\n","protected":false},"featured_media":13835,"template":"","meta":{"_acf_changed":false},"product_brand":[132],"product_cat":[457],"product_tag":[],"class_list":{"0":"post-20390","1":"product","2":"type-product","3":"status-publish","4":"has-post-thumbnail","6":"product_brand-ulpmat","7":"product_cat-blanco-ceramico-para-sputtering","9":"first","10":"instock","11":"shipping-taxable","12":"product-type-variable"},"acf":[],"_links":{"self":[{"href":"https:\/\/ulpmat.com\/es\/wp-json\/wp\/v2\/product\/20390","targetHints":{"allow":["GET"]}}],"collection":[{"href":"https:\/\/ulpmat.com\/es\/wp-json\/wp\/v2\/product"}],"about":[{"href":"https:\/\/ulpmat.com\/es\/wp-json\/wp\/v2\/types\/product"}],"wp:featuredmedia":[{"embeddable":true,"href":"https:\/\/ulpmat.com\/es\/wp-json\/wp\/v2\/media\/13835"}],"wp:attachment":[{"href":"https:\/\/ulpmat.com\/es\/wp-json\/wp\/v2\/media?parent=20390"}],"wp:term":[{"taxonomy":"product_brand","embeddable":true,"href":"https:\/\/ulpmat.com\/es\/wp-json\/wp\/v2\/product_brand?post=20390"},{"taxonomy":"product_cat","embeddable":true,"href":"https:\/\/ulpmat.com\/es\/wp-json\/wp\/v2\/product_cat?post=20390"},{"taxonomy":"product_tag","embeddable":true,"href":"https:\/\/ulpmat.com\/es\/wp-json\/wp\/v2\/product_tag?post=20390"}],"curies":[{"name":"wp","href":"https:\/\/api.w.org\/{rel}","templated":true}]}}