{"id":20341,"date":"2025-09-30T16:33:23","date_gmt":"2025-09-30T08:33:23","guid":{"rendered":"https:\/\/ulpmat.com\/product\/oxido-de-bismuto-hierro-y-titanio\/"},"modified":"2025-09-30T16:33:23","modified_gmt":"2025-09-30T08:33:23","slug":"oxido-de-bismuto-hierro-y-titanio","status":"publish","type":"product","link":"https:\/\/ulpmat.com\/es\/producto\/oxido-de-bismuto-hierro-y-titanio\/","title":{"rendered":"\u00d3xido de bismuto, hierro y titanio"},"content":{"rendered":"<h2><span style=\"font-size: 14pt;\">Visi\u00f3n general de los c\u00e1todos para sputtering de \u00f3xido de bismuto, hierro y titanio<\/span><\/h2>\n<p><span style=\"color: #0000ff;\"><a style=\"color: #0000ff;\" href=\"https:\/\/ulpmat.com\/es\/buscar\/?type=name&#038;keyword=Bismuth+Iron+Titanium+Oxide\">\u00d3xido de bismuto, hierro y titanio<\/a><\/span> es un material de \u00f3xido funcional multifuncional que combina las excelentes propiedades del titanio, el hierro y el bismuto, y es adecuado para diversas aplicaciones avanzadas de pel\u00edcula fina. Su estructura cristalina favorece el despliegue de la respuesta multiferroica, electro-\u00f3ptica y otras caracter\u00edsticas, y se utiliza ampliamente en la investigaci\u00f3n y fabricaci\u00f3n de dispositivos ferroel\u00e9ctricos, componentes optoelectr\u00f3nicos y nuevas memorias. Controlamos estrictamente la relaci\u00f3n de composici\u00f3n y la microestructura para garantizar la estabilidad de la composici\u00f3n de la fase y la uniformidad de la pel\u00edcula del blanco durante el proceso de deposici\u00f3n.<\/p>\n<p>Suministramos c\u00e1todos de BiFeTiO3 redondos, rectangulares y de otras formas especiales, y podemos personalizarlos seg\u00fan los requisitos de tama\u00f1o del cliente. Al mismo tiempo, tambi\u00e9n proporcionamos soporte t\u00e9cnico fiable y <span style=\"color: #0000ff;\"><a style=\"color: #0000ff;\" href=\"https:\/\/ulpmat.com\/es\/servicio\/servicio-posventa\/\">servicio postventa<\/a><\/span> servicio post-venta.<\/p>\n<h2><span style=\"font-size: 14pt;\">Productos destacados<\/span><\/h2>\n<p>Pureza: 99,9<br \/>\nAlta densidad, excelente uniformidad de la pel\u00edcula<br \/>\nTama\u00f1o, forma y m\u00e9todo de conexi\u00f3n personalizables<br \/>\nSe puede proporcionar servicio de uni\u00f3n al objetivo<br \/>\nAplicable a memorias ferroel\u00e9ctricas, sensores \u00f3pticos, moduladores electro\u00f3pticos y otros campos<\/p>\n<h2><span style=\"font-size: 14pt;\">Aplicaciones del c\u00e1todo para sputtering de \u00f3xido de bismuto, hierro y titanio <\/span><\/h2>\n<p>Dispositivos multiferroicos: La capa fina de BiFeTiO3 tiene propiedades duales ferroel\u00e9ctricas y ferromagn\u00e9ticas, y es un material importante para la investigaci\u00f3n de nuevas memorias no vol\u00e1tiles.<br \/>\nDispositivos ferroel\u00e9ctricos de pel\u00edcula fina: Sus excelentes propiedades ferroel\u00e9ctricas lo hacen adecuado para memorias ferroel\u00e9ctricas de acceso aleatorio (FeRAM) y estructuras de condensadores.<br \/>\nCapa de pel\u00edcula funcional optoelectr\u00f3nica: Con un amplio bandgap, polarizaci\u00f3n ajustable y propiedades \u00f3pticas no lineales, es adecuada para dispositivos de modulaci\u00f3n \u00f3ptica y fotodetecci\u00f3n.<br \/>\nMicroelectr\u00f3nica y espintr\u00f3nica: Capa funcional utilizada en nuevos dispositivos l\u00f3gicos o sistemas de almacenamiento de informaci\u00f3n.<\/p>\n<h2><span style=\"font-size: 14pt;\">Informes<\/span><\/h2>\n<p>Proporcionamos un Certificado de An\u00e1lisis (COA) detallado, una Hoja de Datos de Seguridad del Material (MSDS) e informes de pruebas relacionados para cada lote de c\u00e1todos BiFeTiO3. Si es necesario, tambi\u00e9n se pueden facilitar informes de pruebas de terceros para garantizar que la composici\u00f3n, la estructura y el rendimiento del material cumplen las normas del cliente.<\/p>\n","protected":false},"excerpt":{"rendered":"<p>Visi\u00f3n general de los c\u00e1todos para sputtering de \u00f3xido de bismuto, hierro y titanio \u00d3xido de bismuto, hierro y titanio es un material de \u00f3xido funcional multifuncional que combina las excelentes propiedades del titanio, el hierro y el bismuto, y es adecuado para diversas aplicaciones avanzadas de pel\u00edcula fina. Su estructura cristalina favorece el despliegue [&hellip;]<\/p>\n","protected":false},"featured_media":13835,"template":"","meta":{"_acf_changed":false},"product_brand":[132],"product_cat":[457],"product_tag":[],"class_list":{"0":"post-20341","1":"product","2":"type-product","3":"status-publish","4":"has-post-thumbnail","6":"product_brand-ulpmat","7":"product_cat-blanco-ceramico-para-sputtering","9":"first","10":"instock","11":"shipping-taxable","12":"product-type-variable"},"acf":[],"_links":{"self":[{"href":"https:\/\/ulpmat.com\/es\/wp-json\/wp\/v2\/product\/20341","targetHints":{"allow":["GET"]}}],"collection":[{"href":"https:\/\/ulpmat.com\/es\/wp-json\/wp\/v2\/product"}],"about":[{"href":"https:\/\/ulpmat.com\/es\/wp-json\/wp\/v2\/types\/product"}],"wp:featuredmedia":[{"embeddable":true,"href":"https:\/\/ulpmat.com\/es\/wp-json\/wp\/v2\/media\/13835"}],"wp:attachment":[{"href":"https:\/\/ulpmat.com\/es\/wp-json\/wp\/v2\/media?parent=20341"}],"wp:term":[{"taxonomy":"product_brand","embeddable":true,"href":"https:\/\/ulpmat.com\/es\/wp-json\/wp\/v2\/product_brand?post=20341"},{"taxonomy":"product_cat","embeddable":true,"href":"https:\/\/ulpmat.com\/es\/wp-json\/wp\/v2\/product_cat?post=20341"},{"taxonomy":"product_tag","embeddable":true,"href":"https:\/\/ulpmat.com\/es\/wp-json\/wp\/v2\/product_tag?post=20341"}],"curies":[{"name":"wp","href":"https:\/\/api.w.org\/{rel}","templated":true}]}}