{"id":19963,"date":"2025-10-10T15:22:57","date_gmt":"2025-10-10T07:22:57","guid":{"rendered":"https:\/\/ulpmat.com\/product\/yoduro-de-plomo-2\/"},"modified":"2025-10-10T15:22:57","modified_gmt":"2025-10-10T07:22:57","slug":"yoduro-de-plomo-2","status":"publish","type":"product","link":"https:\/\/ulpmat.com\/es\/producto\/yoduro-de-plomo-2\/","title":{"rendered":"Yoduro de plomo"},"content":{"rendered":"<h2><span style=\"font-size: 14pt;\">Yoduro de plomo en polvo Descripci\u00f3n general<\/span><\/h2>\n<p><span style=\"color: #0000ff;\"><a style=\"color: #0000ff;\" href=\"https:\/\/ulpmat.com\/es\/buscar\/?type=name&#038;keyword=Lead+Iodide\">Yoduro de plomo<\/a><\/span> en polvo es un material de \u00f3xido de plomo de alto rendimiento ampliamente utilizado en optoelectr\u00f3nica, c\u00e9lulas solares, deposici\u00f3n de pel\u00edculas finas y otras industrias qu\u00edmicas. Sus excelentes propiedades el\u00e9ctricas y optoelectr\u00f3nicas lo convierten en un material clave en m\u00faltiples industrias de alta tecnolog\u00eda.<\/p>\n<p>Suministramos polvo de yoduro de plomo con diferentes especificaciones y distribuciones de tama\u00f1o de part\u00edcula para garantizar el cumplimiento de diversos requisitos t\u00e9cnicos. Seg\u00fan sus necesidades espec\u00edficas, tambi\u00e9n podemos suministrar <span style=\"color: #0000ff;\"><a style=\"color: #0000ff;\" href=\"https:\/\/ulpmat.com\/es\/servicio\/personalizacion\/\">servicios personalizados<\/a> <\/span>personalizados para garantizar el mejor rendimiento.<\/p>\n<h2><span style=\"font-size: 14pt;\">Productos destacados<\/span><\/h2>\n<p>Pureza: 99,99<br \/>\nExcelente rendimiento optoelectr\u00f3nico, adecuado para c\u00e9lulas solares y dispositivos optoelectr\u00f3nicos<br \/>\nTama\u00f1o y distribuci\u00f3n de part\u00edculas de polvo personalizables<br \/>\nEmbalaje personalizable<br \/>\nAplicable a materiales optoelectr\u00f3nicos, dispositivos electr\u00f3nicos, deposici\u00f3n de pel\u00edculas finas y otros campos<\/p>\n<h2><span style=\"font-size: 14pt;\">Aplicaciones del polvo de yoduro de plomo <\/span><\/h2>\n<p>Materiales optoelectr\u00f3nicos: Como material para c\u00e9lulas fotovoltaicas, tiene buenas propiedades de absorci\u00f3n de la luz y se utiliza ampliamente en c\u00e9lulas solares y dispositivos optoelectr\u00f3nicos.<br \/>\nDeposici\u00f3n de pel\u00edcula fina: se utiliza para la deposici\u00f3n de materiales optoelectr\u00f3nicos de pel\u00edcula fina, proporcionando una eficiencia de conversi\u00f3n fotoel\u00e9ctrica de alta calidad.<br \/>\nDispositivos electr\u00f3nicos: se utiliza en dispositivos semiconductores, materiales \u00f3pticos y bater\u00edas, con una buena conductividad el\u00e9ctrica.<br \/>\nCatalizadores: utilizados en reacciones catal\u00edticas, especialmente en s\u00edntesis qu\u00edmica y cat\u00e1lisis medioambiental.<\/p>\n<h2><span style=\"font-size: 14pt;\">Informes<\/span><\/h2>\n<p>Proporcionamos certificados de an\u00e1lisis (COA), hojas de datos de seguridad de materiales (MSDS) y otros informes relevantes para cada lote de polvo de PbI2. Adem\u00e1s, tambi\u00e9n apoyamos las pruebas de terceros para mejorar la garant\u00eda de calidad y asegurar la estabilidad y fiabilidad del producto.<\/p>\n","protected":false},"excerpt":{"rendered":"<p>Yoduro de plomo en polvo Descripci\u00f3n general Yoduro de plomo en polvo es un material de \u00f3xido de plomo de alto rendimiento ampliamente utilizado en optoelectr\u00f3nica, c\u00e9lulas solares, deposici\u00f3n de pel\u00edculas finas y otras industrias qu\u00edmicas. Sus excelentes propiedades el\u00e9ctricas y optoelectr\u00f3nicas lo convierten en un material clave en m\u00faltiples industrias de alta tecnolog\u00eda. Suministramos [&hellip;]<\/p>\n","protected":false},"featured_media":14253,"template":"","meta":{"_acf_changed":false},"product_brand":[132],"product_cat":[330],"product_tag":[],"class_list":{"0":"post-19963","1":"product","2":"type-product","3":"status-publish","4":"has-post-thumbnail","6":"product_brand-ulpmat","7":"product_cat-materiales-halogenados","9":"first","10":"instock","11":"shipping-taxable","12":"product-type-variable"},"acf":[],"_links":{"self":[{"href":"https:\/\/ulpmat.com\/es\/wp-json\/wp\/v2\/product\/19963","targetHints":{"allow":["GET"]}}],"collection":[{"href":"https:\/\/ulpmat.com\/es\/wp-json\/wp\/v2\/product"}],"about":[{"href":"https:\/\/ulpmat.com\/es\/wp-json\/wp\/v2\/types\/product"}],"wp:featuredmedia":[{"embeddable":true,"href":"https:\/\/ulpmat.com\/es\/wp-json\/wp\/v2\/media\/14253"}],"wp:attachment":[{"href":"https:\/\/ulpmat.com\/es\/wp-json\/wp\/v2\/media?parent=19963"}],"wp:term":[{"taxonomy":"product_brand","embeddable":true,"href":"https:\/\/ulpmat.com\/es\/wp-json\/wp\/v2\/product_brand?post=19963"},{"taxonomy":"product_cat","embeddable":true,"href":"https:\/\/ulpmat.com\/es\/wp-json\/wp\/v2\/product_cat?post=19963"},{"taxonomy":"product_tag","embeddable":true,"href":"https:\/\/ulpmat.com\/es\/wp-json\/wp\/v2\/product_tag?post=19963"}],"curies":[{"name":"wp","href":"https:\/\/api.w.org\/{rel}","templated":true}]}}