{"id":19854,"date":"2025-10-10T15:22:59","date_gmt":"2025-10-10T07:22:59","guid":{"rendered":"https:\/\/ulpmat.com\/product\/plomo-telluride-2\/"},"modified":"2025-10-10T15:22:59","modified_gmt":"2025-10-10T07:22:59","slug":"plomo-telluride-2","status":"publish","type":"product","link":"https:\/\/ulpmat.com\/es\/producto\/plomo-telluride-2\/","title":{"rendered":"Plomo Telluride"},"content":{"rendered":"<h2><span style=\"font-size: 14pt;\">Visi\u00f3n general de los gr\u00e1nulos de telururo de plomo<\/span><\/h2>\n<p><span style=\"color: #0000ff;\"><a style=\"color: #0000ff;\" href=\"https:\/\/ulpmat.com\/es\/buscar\/?type=name&#038;keyword=Lead+Telluride\">El telururo de plomo<\/a><\/span> es un material termoel\u00e9ctrico de alto rendimiento ampliamente utilizado en la generaci\u00f3n de energ\u00eda termoel\u00e9ctrica y la refrigeraci\u00f3n termoel\u00e9ctrica. Tiene una excelente eficiencia de conversi\u00f3n termoel\u00e9ctrica, especialmente en la generaci\u00f3n de energ\u00eda por diferencia de temperatura y en la tecnolog\u00eda de refrigeraci\u00f3n.<\/p>\n<p>Suministramos gr\u00e1nulos de telururo de plomo con diferentes especificaciones y distribuci\u00f3n de tama\u00f1o de part\u00edcula para garantizar que se cumplen los distintos requisitos de aplicaci\u00f3n. Seg\u00fan sus requisitos espec\u00edficos, tambi\u00e9n podemos suministrar <span style=\"color: #0000ff;\"><a style=\"color: #0000ff;\" href=\"https:\/\/ulpmat.com\/es\/servicio\/personalizacion\/\">servicios personalizados<\/a> <\/span>personalizados para garantizar el mejor rendimiento.<\/p>\n<h2><span style=\"font-size: 14pt;\">Productos destacados<\/span><\/h2>\n<p>Pureza: 99,995% a 99,999%<br \/>\nExcelente rendimiento termoel\u00e9ctrico, adecuado para aplicaciones de generaci\u00f3n de energ\u00eda termoel\u00e9ctrica y refrigeraci\u00f3n<br \/>\nEnvasado personalizable<br \/>\nTama\u00f1o y distribuci\u00f3n de part\u00edculas personalizables<br \/>\nAdecuado para materiales termoel\u00e9ctricos <span style=\"color: #0000ff;\"><a style=\"color: #0000ff;\" href=\"https:\/\/ulpmat.com\/es\/solicitud\/materiales-semiconductores\/\">semiconductores<\/a><\/span> semiconductores e industrias de alta tecnolog\u00eda<\/p>\n<h2><span style=\"font-size: 14pt;\">Aplicaciones de los gr\u00e1nulos de telururo de plomo<\/span><\/h2>\n<p>Generaci\u00f3n de energ\u00eda termoel\u00e9ctrica: utilizado en sistemas de generaci\u00f3n de energ\u00eda por diferencia de temperatura, con alta eficiencia de conversi\u00f3n termoel\u00e9ctrica, adecuado para la recuperaci\u00f3n de energ\u00eda.<br \/>\nRefrigeraci\u00f3n termoel\u00e9ctrica: se utiliza en equipos de refrigeraci\u00f3n para proporcionar un efecto de enfriamiento eficaz.<br \/>\nDispositivos semiconductores: utilizados en detectores de infrarrojos, dispositivos optoelectr\u00f3nicos, etc., con buena conductividad termoel\u00e9ctrica.<br \/>\nComponentes electr\u00f3nicos: desempe\u00f1an un papel importante en los productos electr\u00f3nicos de alta precisi\u00f3n y alto rendimiento, especialmente en el campo del control de la temperatura y los sensores.<\/p>\n<h2><span style=\"font-size: 14pt;\">Informes<\/span><\/h2>\n<p>Proporcionamos <span style=\"color: #0000ff;\"><a style=\"color: #0000ff;\" href=\"https:\/\/ulpmat.com\/es\/servicio\/analisis-quimico\/\">Certificado de an\u00e1lisis (COA),<\/a><\/span> Hoja de datos de seguridad del material (MSDS) y otros informes relevantes para cada lote de gr\u00e1nulos de PbTe. Adem\u00e1s, tambi\u00e9n apoyamos las pruebas de terceros para mejorar la garant\u00eda de calidad y asegurar la estabilidad y fiabilidad de los productos.<\/p>\n","protected":false},"excerpt":{"rendered":"<p>Visi\u00f3n general de los gr\u00e1nulos de telururo de plomo El telururo de plomo es un material termoel\u00e9ctrico de alto rendimiento ampliamente utilizado en la generaci\u00f3n de energ\u00eda termoel\u00e9ctrica y la refrigeraci\u00f3n termoel\u00e9ctrica. Tiene una excelente eficiencia de conversi\u00f3n termoel\u00e9ctrica, especialmente en la generaci\u00f3n de energ\u00eda por diferencia de temperatura y en la tecnolog\u00eda de refrigeraci\u00f3n. [&hellip;]<\/p>\n","protected":false},"featured_media":14183,"template":"","meta":{"_acf_changed":false},"product_brand":[132],"product_cat":[340],"product_tag":[],"class_list":{"0":"post-19854","1":"product","2":"type-product","3":"status-publish","4":"has-post-thumbnail","6":"product_brand-ulpmat","7":"product_cat-materiales-de-evaporacion","9":"first","10":"instock","11":"shipping-taxable","12":"product-type-variable"},"acf":[],"_links":{"self":[{"href":"https:\/\/ulpmat.com\/es\/wp-json\/wp\/v2\/product\/19854","targetHints":{"allow":["GET"]}}],"collection":[{"href":"https:\/\/ulpmat.com\/es\/wp-json\/wp\/v2\/product"}],"about":[{"href":"https:\/\/ulpmat.com\/es\/wp-json\/wp\/v2\/types\/product"}],"wp:featuredmedia":[{"embeddable":true,"href":"https:\/\/ulpmat.com\/es\/wp-json\/wp\/v2\/media\/14183"}],"wp:attachment":[{"href":"https:\/\/ulpmat.com\/es\/wp-json\/wp\/v2\/media?parent=19854"}],"wp:term":[{"taxonomy":"product_brand","embeddable":true,"href":"https:\/\/ulpmat.com\/es\/wp-json\/wp\/v2\/product_brand?post=19854"},{"taxonomy":"product_cat","embeddable":true,"href":"https:\/\/ulpmat.com\/es\/wp-json\/wp\/v2\/product_cat?post=19854"},{"taxonomy":"product_tag","embeddable":true,"href":"https:\/\/ulpmat.com\/es\/wp-json\/wp\/v2\/product_tag?post=19854"}],"curies":[{"name":"wp","href":"https:\/\/api.w.org\/{rel}","templated":true}]}}