{"id":19765,"date":"2025-10-10T15:23:00","date_gmt":"2025-10-10T07:23:00","guid":{"rendered":"https:\/\/ulpmat.com\/product\/oxido-de-plomo-circonio-y-titanio-titanato-de-circonato-de-plomo-pzt-3\/"},"modified":"2025-10-10T15:23:00","modified_gmt":"2025-10-10T07:23:00","slug":"oxido-de-plomo-circonio-y-titanio-titanato-de-circonato-de-plomo-pzt-3","status":"publish","type":"product","link":"https:\/\/ulpmat.com\/es\/producto\/oxido-de-plomo-circonio-y-titanio-titanato-de-circonato-de-plomo-pzt-3\/","title":{"rendered":"\u00d3xido de plomo, circonio y titanio (titanato de circonato de plomo) (PZT)"},"content":{"rendered":"<h2><span style=\"font-size: 14pt;\">Visi\u00f3n general de los gr\u00e1nulos de \u00f3xido de plomo, circonio y titanio<\/span><\/h2>\n<p><span style=\"color: #0000ff;\"><a style=\"color: #0000ff;\" href=\"https:\/\/ulpmat.com\/es\/buscar\/?type=name&#038;keyword=Lead+Zirconium+Titanium+Oxide\">Los gr\u00e1nulos de \u00f3xido de plomo, circonio y titanio<\/a><\/span> son materiales de alto rendimiento dise\u00f1ados para aplicaciones electr\u00f3nicas, piezoel\u00e9ctricas, optoelectr\u00f3nicas y ferroel\u00e9ctricas, con una excelente estabilidad f\u00edsica y qu\u00edmica. Su gran pureza y tama\u00f1o de part\u00edcula uniforme hacen que tenga un buen rendimiento en procesos de deposici\u00f3n de pel\u00edculas finas.<\/p>\n<p>Ofrecemos gr\u00e1nulos de \u00f3xido de plomo, circonio y titanio en varias especificaciones de tama\u00f1o de part\u00edcula y se pueden personalizar seg\u00fan sus necesidades espec\u00edficas. Tambi\u00e9n ofrecemos un servicio<span style=\"color: #0000ff;\"><a style=\"color: #0000ff;\" href=\"https:\/\/ulpmat.com\/es\/buscar\/?type=name&#038;keyword=Lead+Zirconium+Titanium+Oxide\"> asistencia posventa<\/a><\/span> postventa. Si tiene alguna pregunta sobre el uso, no dude en <span style=\"color: #0000ff;\"><a style=\"color: #0000ff;\" href=\"https:\/\/ulpmat.com\/es\/contactanos\/\">ponerse en contacto con nosotros<\/a><\/span>.<\/p>\n<h2><span style=\"font-size: 14pt;\">Caracter\u00edsticas del producto<\/span><\/h2>\n<p>Pureza: 99,9<br \/>\nTama\u00f1o de part\u00edcula uniforme, adecuado para procesamiento fino y deposici\u00f3n de pel\u00edcula fina<br \/>\nAlta densidad, que garantiza una deposici\u00f3n de pel\u00edcula fina de alta calidad<br \/>\nTama\u00f1o de part\u00edcula y especificaciones personalizables para satisfacer los distintos requisitos de aplicaci\u00f3n<br \/>\nEmbalaje personalizable<\/p>\n<h2><span style=\"font-size: 14pt;\">Aplicaciones de los gr\u00e1nulos de \u00f3xido de plomo, circonio y titanio<\/span><\/h2>\n<p>Industria electr\u00f3nica: ampliamente utilizado en componentes electr\u00f3nicos de alto rendimiento como materiales ferroel\u00e9ctricos, condensadores y memorias, con excelentes propiedades el\u00e9ctricas.<br \/>\nMateriales piezoel\u00e9ctricos: utilizados en sensores, accionamientos, equipos de ultrasonidos y otros campos, con buen efecto piezoel\u00e9ctrico.<br \/>\nDispositivos optoelectr\u00f3nicos: utilizados en pel\u00edculas \u00f3pticas, pantallas y otros componentes optoelectr\u00f3nicos, con una deposici\u00f3n funcional eficiente de pel\u00edculas finas.<br \/>\nMateriales ferroel\u00e9ctricos: Como materiales ferroel\u00e9ctricos de capa fina, se utilizan ampliamente en memorias no vol\u00e1tiles, dispositivos l\u00f3gicos, etc.<\/p>\n<h2><span style=\"font-size: 14pt;\">Informes<\/span><\/h2>\n<p>Proporcionamos <span style=\"color: #0000ff;\"><a style=\"color: #0000ff;\" href=\"https:\/\/ulpmat.com\/es\/servicio\/analisis-quimico\/\">Certificado de an\u00e1lisis (COA)<\/a><\/span>hoja de datos de seguridad del material (MSDS) y otros informes relevantes para cada lote de part\u00edculas de PbTiZrO\u2083 para garantizar que los productos cumplen las normas del sector. Adem\u00e1s, tambi\u00e9n apoyamos las pruebas de terceros para mejorar la garant\u00eda de calidad.<\/p>\n","protected":false},"excerpt":{"rendered":"<p>Visi\u00f3n general de los gr\u00e1nulos de \u00f3xido de plomo, circonio y titanio Los gr\u00e1nulos de \u00f3xido de plomo, circonio y titanio son materiales de alto rendimiento dise\u00f1ados para aplicaciones electr\u00f3nicas, piezoel\u00e9ctricas, optoelectr\u00f3nicas y ferroel\u00e9ctricas, con una excelente estabilidad f\u00edsica y qu\u00edmica. Su gran pureza y tama\u00f1o de part\u00edcula uniforme hacen que tenga un buen rendimiento [&hellip;]<\/p>\n","protected":false},"featured_media":14155,"template":"","meta":{"_acf_changed":false},"product_brand":[132],"product_cat":[340],"product_tag":[],"class_list":{"0":"post-19765","1":"product","2":"type-product","3":"status-publish","4":"has-post-thumbnail","6":"product_brand-ulpmat","7":"product_cat-materiales-de-evaporacion","9":"first","10":"instock","11":"shipping-taxable","12":"product-type-variable"},"acf":[],"_links":{"self":[{"href":"https:\/\/ulpmat.com\/es\/wp-json\/wp\/v2\/product\/19765","targetHints":{"allow":["GET"]}}],"collection":[{"href":"https:\/\/ulpmat.com\/es\/wp-json\/wp\/v2\/product"}],"about":[{"href":"https:\/\/ulpmat.com\/es\/wp-json\/wp\/v2\/types\/product"}],"wp:featuredmedia":[{"embeddable":true,"href":"https:\/\/ulpmat.com\/es\/wp-json\/wp\/v2\/media\/14155"}],"wp:attachment":[{"href":"https:\/\/ulpmat.com\/es\/wp-json\/wp\/v2\/media?parent=19765"}],"wp:term":[{"taxonomy":"product_brand","embeddable":true,"href":"https:\/\/ulpmat.com\/es\/wp-json\/wp\/v2\/product_brand?post=19765"},{"taxonomy":"product_cat","embeddable":true,"href":"https:\/\/ulpmat.com\/es\/wp-json\/wp\/v2\/product_cat?post=19765"},{"taxonomy":"product_tag","embeddable":true,"href":"https:\/\/ulpmat.com\/es\/wp-json\/wp\/v2\/product_tag?post=19765"}],"curies":[{"name":"wp","href":"https:\/\/api.w.org\/{rel}","templated":true}]}}