{"id":19333,"date":"2025-10-15T14:49:42","date_gmt":"2025-10-15T06:49:42","guid":{"rendered":"https:\/\/ulpmat.com\/product\/renio-metalico-4\/"},"modified":"2025-10-15T14:49:42","modified_gmt":"2025-10-15T06:49:42","slug":"renio-metalico-4","status":"publish","type":"product","link":"https:\/\/ulpmat.com\/es\/producto\/renio-metalico-4\/","title":{"rendered":"Renio met\u00e1lico"},"content":{"rendered":"<h2><span style=\"font-size: 14pt;\">Visi\u00f3n general de los gr\u00e1nulos de renio met\u00e1lico<\/span><\/h2>\n<p><span style=\"color: #0000ff;\"><a style=\"color: #0000ff;\" href=\"https:\/\/ulpmat.com\/es\/buscar\/?type=name&#038;keyword=Rhenium+metal\"> El renio met\u00e1lico<\/a> <\/span>son materias primas met\u00e1licas de gran pureza dise\u00f1adas para el desarrollo de materiales avanzados y aplicaciones de gama alta. Su elevado punto de fusi\u00f3n, su excelente resistencia a altas temperaturas y su resistencia a la corrosi\u00f3n lo convierten en un material clave indispensable en la industria aeroespacial, la electr\u00f3nica, el revestimiento al vac\u00edo y otros campos.<\/p>\n<p>Proporcionamos gr\u00e1nulos de renio met\u00e1lico en una gran variedad de tama\u00f1os de part\u00edcula para satisfacer los distintos requisitos de los procesos. Al mismo tiempo, ofrecemos envases y embalajes bajo demanda para adaptarnos a las necesidades de los distintos laboratorios o aplicaciones industriales.<\/p>\n<h2><span style=\"font-size: 14pt;\">Productos destacados<\/span><\/h2>\n<p>Pureza: 99,9<br \/>\nAlto punto de fusi\u00f3n (3186\u00b0C), adecuado para aplicaciones a temperaturas extremadamente altas<br \/>\nExcelente resistencia a la oxidaci\u00f3n y a la corrosi\u00f3n<br \/>\nPart\u00edculas uniformes, buena fluidez, f\u00e1cil de alimentar<br \/>\n<span style=\"color: #0000ff;\"><a style=\"color: #0000ff;\" href=\"https:\/\/ulpmat.com\/es\/servicio\/personalizacion\/\">Personalizable<\/a> <\/span>tama\u00f1o de part\u00edcula y envasado<\/p>\n<h2><span style=\"font-size: 14pt;\">Aplicaciones de los gr\u00e1nulos de renio met\u00e1lico<\/span><\/h2>\n<p>Motores aeroespaciales y aeron\u00e1uticos: se utilizan para el refuerzo de aleaciones a alta temperatura, mejorando la durabilidad y la estabilidad t\u00e9rmica.<br \/>\nDispositivos electr\u00f3nicos: excelente rendimiento en tubos de vac\u00edo, termopares y envases microelectr\u00f3nicos.<br \/>\nRecubrimientos y revestimientos: como aditivo especial para revestimientos, mejora la resistencia a la corrosi\u00f3n y la adherencia del revestimiento.<br \/>\nCatalizador: en las reacciones de hidrocraqueo del petr\u00f3leo, el renio se utiliza ampliamente como componente catalizador de alta eficacia.<\/p>\n<h2><span style=\"font-size: 14pt;\">Informes<\/span><\/h2>\n<p>Proporcionamos <span style=\"color: #0000ff;\"><a style=\"color: #0000ff;\" href=\"https:\/\/ulpmat.com\/es\/servicio\/analisis-quimico\/\">Certificado de an\u00e1lisis (COA)<\/a><\/span>hoja de datos de seguridad del material (MSDS) e informes de inspecci\u00f3n relacionados para cada lote de part\u00edculas de renio. Tambi\u00e9n podemos proporcionar resultados de pruebas de terceros a petici\u00f3n del cliente para garantizar una calidad fiable.<\/p>\n","protected":false},"excerpt":{"rendered":"<p>Visi\u00f3n general de los gr\u00e1nulos de renio met\u00e1lico El renio met\u00e1lico son materias primas met\u00e1licas de gran pureza dise\u00f1adas para el desarrollo de materiales avanzados y aplicaciones de gama alta. Su elevado punto de fusi\u00f3n, su excelente resistencia a altas temperaturas y su resistencia a la corrosi\u00f3n lo convierten en un material clave indispensable en [&hellip;]<\/p>\n","protected":false},"featured_media":19334,"template":"","meta":{"_acf_changed":false},"product_brand":[132],"product_cat":[340],"product_tag":[],"class_list":{"0":"post-19333","1":"product","2":"type-product","3":"status-publish","4":"has-post-thumbnail","6":"product_brand-ulpmat","7":"product_cat-materiales-de-evaporacion","9":"first","10":"instock","11":"shipping-taxable","12":"product-type-variable"},"acf":[],"_links":{"self":[{"href":"https:\/\/ulpmat.com\/es\/wp-json\/wp\/v2\/product\/19333","targetHints":{"allow":["GET"]}}],"collection":[{"href":"https:\/\/ulpmat.com\/es\/wp-json\/wp\/v2\/product"}],"about":[{"href":"https:\/\/ulpmat.com\/es\/wp-json\/wp\/v2\/types\/product"}],"wp:featuredmedia":[{"embeddable":true,"href":"https:\/\/ulpmat.com\/es\/wp-json\/wp\/v2\/media\/19334"}],"wp:attachment":[{"href":"https:\/\/ulpmat.com\/es\/wp-json\/wp\/v2\/media?parent=19333"}],"wp:term":[{"taxonomy":"product_brand","embeddable":true,"href":"https:\/\/ulpmat.com\/es\/wp-json\/wp\/v2\/product_brand?post=19333"},{"taxonomy":"product_cat","embeddable":true,"href":"https:\/\/ulpmat.com\/es\/wp-json\/wp\/v2\/product_cat?post=19333"},{"taxonomy":"product_tag","embeddable":true,"href":"https:\/\/ulpmat.com\/es\/wp-json\/wp\/v2\/product_tag?post=19333"}],"curies":[{"name":"wp","href":"https:\/\/api.w.org\/{rel}","templated":true}]}}