{"id":17996,"date":"2025-10-20T17:39:51","date_gmt":"2025-10-20T09:39:51","guid":{"rendered":"https:\/\/ulpmat.com\/product\/tantalo-metalico-9\/"},"modified":"2025-10-20T17:39:51","modified_gmt":"2025-10-20T09:39:51","slug":"tantalo-metalico-9","status":"publish","type":"product","link":"https:\/\/ulpmat.com\/es\/producto\/tantalo-metalico-9\/","title":{"rendered":"T\u00e1ntalo met\u00e1lico"},"content":{"rendered":"<h2><span style=\"font-size: 14pt;\">Gr\u00e1nulos de metal de t\u00e1ntalo Descripci\u00f3n general<\/span><\/h2>\n<p><span style=\"color: #0000ff;\"><a style=\"color: #0000ff;\" href=\"https:\/\/ulpmat.com\/es\/buscar\/?type=name&#038;keyword=Tantalum+metal\">El tantalio met\u00e1lico<\/a> <\/span>son un material de alta calidad dise\u00f1ado para altas temperaturas, entornos altamente corrosivos y procesos de vac\u00edo. Con una pureza del 99,9%, presentan un punto de fusi\u00f3n extremadamente alto, una excelente resistencia a la corrosi\u00f3n y una buena conductividad el\u00e9ctrica y t\u00e9rmica, lo que los hace ideales para una amplia gama de aplicaciones industriales y cient\u00edficas de alta gama.<\/p>\n<p>Ofrecemos gr\u00e1nulos de metal de t\u00e1ntalo en una gran variedad de tama\u00f1os de part\u00edcula, adaptables a los requisitos espec\u00edficos de su proceso. Tambi\u00e9n ofrecemos asistencia t\u00e9cnica profesional y <span style=\"color: #0000ff;\"><a style=\"color: #0000ff;\" href=\"https:\/\/ulpmat.com\/es\/servicio\/servicio-posventa\/\">servicio posventa<\/a><\/span> para garantizar un uso eficaz y sin problemas.<\/p>\n<h2><span style=\"font-size: 14pt;\">Productos destacados<\/span><\/h2>\n<p>Pureza: 99,9<br \/>\nPunto de fusi\u00f3n de hasta 3017\u00b0C, adecuado para su uso en condiciones de temperatura extremas<br \/>\nExcelente resistencia a la corrosi\u00f3n, especialmente adecuado para su uso en \u00e1cidos fuertes, vac\u00edo o atm\u00f3sferas inertes<br \/>\nTama\u00f1o de part\u00edcula controlable, adaptable a especificaciones concretas<\/p>\n<h2><span style=\"font-size: 14pt;\">Aplicaciones de los gr\u00e1nulos met\u00e1licos de t\u00e1ntalo<\/span><\/h2>\n<p>Recubrimiento al vac\u00edo: Utilizado como material fuente de evaporaci\u00f3n para la deposici\u00f3n de pel\u00edculas finas de alta pureza.<br \/>\nElectr\u00f3nica: Ampliamente utilizado en la fabricaci\u00f3n de condensadores y circuitos integrados, y en la fusi\u00f3n por haz de electrones.<br \/>\nAeroespacial y defensa: Desempe\u00f1a un papel clave en sistemas de propulsi\u00f3n y componentes de alta temperatura.<br \/>\nPulvimetalurgia: Se utiliza como aditivo para mejorar la solidez de las aleaciones y la resistencia a la corrosi\u00f3n. Equipos qu\u00edmicos: Se utiliza como material de revestimiento o componente en entornos con \u00e1cidos fuertes o fluoruros.<\/p>\n<h2><span style=\"font-size: 14pt;\">Informes<\/span><\/h2>\n<p>Proporcionamos un <span style=\"color: #0000ff;\"><a style=\"color: #0000ff;\" href=\"https:\/\/ulpmat.com\/es\/servicio\/analisis-quimico\/\">Certificado de an\u00e1lisis (COA)<\/a><\/span>(COA), la hoja de datos de seguridad del material (MSDS) y los correspondientes informes de pruebas de rendimiento f\u00edsico y qu\u00edmico de cada lote de pastillas de t\u00e1ntalo. Tambi\u00e9n ayudamos a los clientes a subcontratar pruebas a terceros para garantizar el cumplimiento de las normas de calidad del producto y del proceso.<\/p>\n","protected":false},"excerpt":{"rendered":"<p>Los gr\u00e1nulos met\u00e1licos de t\u00e1ntalo son un material de alta calidad dise\u00f1ado para entornos de alta temperatura, altamente corrosivos y procesos de vac\u00edo. Con una pureza del 99,9%, presentan un punto de fusi\u00f3n extremadamente alto, una excelente resistencia a la corrosi\u00f3n y una buena conductividad el\u00e9ctrica y t\u00e9rmica, lo que los hace ideales para una amplia gama de aplicaciones industriales y cient\u00edficas de alta gama.<\/p>\n","protected":false},"featured_media":17997,"template":"","meta":{"_acf_changed":false},"product_brand":[132],"product_cat":[340],"product_tag":[],"class_list":{"0":"post-17996","1":"product","2":"type-product","3":"status-publish","4":"has-post-thumbnail","6":"product_brand-ulpmat","7":"product_cat-materiales-de-evaporacion","9":"first","10":"instock","11":"shipping-taxable","12":"product-type-variable"},"acf":[],"_links":{"self":[{"href":"https:\/\/ulpmat.com\/es\/wp-json\/wp\/v2\/product\/17996","targetHints":{"allow":["GET"]}}],"collection":[{"href":"https:\/\/ulpmat.com\/es\/wp-json\/wp\/v2\/product"}],"about":[{"href":"https:\/\/ulpmat.com\/es\/wp-json\/wp\/v2\/types\/product"}],"wp:featuredmedia":[{"embeddable":true,"href":"https:\/\/ulpmat.com\/es\/wp-json\/wp\/v2\/media\/17997"}],"wp:attachment":[{"href":"https:\/\/ulpmat.com\/es\/wp-json\/wp\/v2\/media?parent=17996"}],"wp:term":[{"taxonomy":"product_brand","embeddable":true,"href":"https:\/\/ulpmat.com\/es\/wp-json\/wp\/v2\/product_brand?post=17996"},{"taxonomy":"product_cat","embeddable":true,"href":"https:\/\/ulpmat.com\/es\/wp-json\/wp\/v2\/product_cat?post=17996"},{"taxonomy":"product_tag","embeddable":true,"href":"https:\/\/ulpmat.com\/es\/wp-json\/wp\/v2\/product_tag?post=17996"}],"curies":[{"name":"wp","href":"https:\/\/api.w.org\/{rel}","templated":true}]}}