{"id":17609,"date":"2025-10-20T17:39:55","date_gmt":"2025-10-20T09:39:55","guid":{"rendered":"https:\/\/ulpmat.com\/product\/pentoxido-de-tantalo-3\/"},"modified":"2025-10-20T17:39:55","modified_gmt":"2025-10-20T09:39:55","slug":"pentoxido-de-tantalo-3","status":"publish","type":"product","link":"https:\/\/ulpmat.com\/es\/producto\/pentoxido-de-tantalo-3\/","title":{"rendered":"Pent\u00f3xido de t\u00e1ntalo"},"content":{"rendered":"<h2><span style=\"font-size: 14pt;\">Perspectiva general de los gr\u00e1nulos de pent\u00f3xido de t\u00e1ntalo<\/span><\/h2>\n<p><span style=\"color: #0000ff;\"><a style=\"color: #0000ff;\" href=\"https:\/\/ulpmat.com\/es\/buscar\/?type=name&#038;keyword=Tantalum+Pentoxide\">Pent\u00f3xido de t\u00e1ntalo<\/a> <\/span>Son materiales de alto rendimiento dise\u00f1ados para la fabricaci\u00f3n de cer\u00e1mica avanzada y los procesos de deposici\u00f3n de pel\u00edculas finas. Su elevada pureza y excelente uniformidad de part\u00edculas garantizan pel\u00edculas uniformes y densas con niveles de impurezas extremadamente bajos.<\/p>\n<p>Ofrecemos una gran variedad de pellets de pent\u00f3xido de t\u00e1ntalo en diversas especificaciones, personalizables para satisfacer sus necesidades espec\u00edficas. Tambi\u00e9n ofrecemos un completo <span style=\"color: #0000ff;\"><a style=\"color: #0000ff;\" href=\"https:\/\/ulpmat.com\/es\/servicio\/servicio-posventa\/\">asistencia posventa<\/a><\/span> para garantizar una experiencia de usuario sin preocupaciones.<\/p>\n<h2><span style=\"font-size: 14pt;\">Productos destacados<\/span><\/h2>\n<p>Pureza: 99,95% a 99,99<br \/>\nTama\u00f1o uniforme de las part\u00edculas y excelente dispersi\u00f3n<br \/>\nGran estabilidad t\u00e9rmica, adecuado para procesos a alta temperatura<br \/>\n<span style=\"color: #0000ff;\"><a style=\"color: #0000ff;\" href=\"https:\/\/ulpmat.com\/es\/servicio\/personalizacion\/\">Personalizable<\/a><\/span> envasado<br \/>\nAdecuado para materiales cer\u00e1micos, pel\u00edculas \u00f3pticas y dispositivos electr\u00f3nicos<\/p>\n<h2><span style=\"font-size: 14pt;\">Aplicaciones de los gr\u00e1nulos de pent\u00f3xido de t\u00e1ntalo<\/span><\/h2>\n<p>Fabricaci\u00f3n de cer\u00e1mica: Se utiliza como materia prima clave para cer\u00e1micas de alta constante diel\u00e9ctrica y cer\u00e1micas funcionales.<br \/>\n<span style=\"color: #0000ff;\"><a style=\"color: #0000ff;\" href=\"https:\/\/ulpmat.com\/es\/solicitud\/materiales-opticos\/\">\u00d3ptica<\/a><\/span> Pel\u00edculas finas: Utilizadas en la preparaci\u00f3n de revestimientos \u00f3pticos de alto \u00edndice de refracci\u00f3n y pel\u00edculas funcionales.<br \/>\nDispositivos electr\u00f3nicos: Utilizado como material de capa diel\u00e9ctrica en condensadores y dispositivos semiconductores.<br \/>\nRevestimientos funcionales: Utilizados en sensores de gas, dispositivos optoelectr\u00f3nicos y aplicaciones relacionadas.<\/p>\n<h2><span style=\"font-size: 14pt;\">Informes<\/span><\/h2>\n<p>Proporcionamos un <span style=\"color: #0000ff;\"><a style=\"color: #0000ff;\" href=\"https:\/\/ulpmat.com\/es\/servicio\/analisis-quimico\/\">Certificado de an\u00e1lisis (COA)<\/a><\/span>hoja de datos de seguridad del material (MSDS), e informes de pruebas pertinentes para cada lote de gr\u00e1nulos de Ta\u2082O\u2085. Tambi\u00e9n apoyamos los servicios de pruebas de terceros para garantizar la calidad del producto.<\/p>\n","protected":false},"excerpt":{"rendered":"<p>Perspectiva general de los gr\u00e1nulos de pent\u00f3xido de t\u00e1ntalo Pent\u00f3xido de t\u00e1ntalo Son materiales de alto rendimiento dise\u00f1ados para la fabricaci\u00f3n de cer\u00e1mica avanzada y los procesos de deposici\u00f3n de pel\u00edculas finas. Su elevada pureza y excelente uniformidad de part\u00edculas garantizan pel\u00edculas uniformes y densas con niveles de impurezas extremadamente bajos. Ofrecemos una gran variedad [&hellip;]<\/p>\n","protected":false},"featured_media":17610,"template":"","meta":{"_acf_changed":false},"product_brand":[132],"product_cat":[340],"product_tag":[],"class_list":{"0":"post-17609","1":"product","2":"type-product","3":"status-publish","4":"has-post-thumbnail","6":"product_brand-ulpmat","7":"product_cat-materiales-de-evaporacion","9":"first","10":"instock","11":"shipping-taxable","12":"product-type-variable"},"acf":[],"_links":{"self":[{"href":"https:\/\/ulpmat.com\/es\/wp-json\/wp\/v2\/product\/17609","targetHints":{"allow":["GET"]}}],"collection":[{"href":"https:\/\/ulpmat.com\/es\/wp-json\/wp\/v2\/product"}],"about":[{"href":"https:\/\/ulpmat.com\/es\/wp-json\/wp\/v2\/types\/product"}],"wp:featuredmedia":[{"embeddable":true,"href":"https:\/\/ulpmat.com\/es\/wp-json\/wp\/v2\/media\/17610"}],"wp:attachment":[{"href":"https:\/\/ulpmat.com\/es\/wp-json\/wp\/v2\/media?parent=17609"}],"wp:term":[{"taxonomy":"product_brand","embeddable":true,"href":"https:\/\/ulpmat.com\/es\/wp-json\/wp\/v2\/product_brand?post=17609"},{"taxonomy":"product_cat","embeddable":true,"href":"https:\/\/ulpmat.com\/es\/wp-json\/wp\/v2\/product_cat?post=17609"},{"taxonomy":"product_tag","embeddable":true,"href":"https:\/\/ulpmat.com\/es\/wp-json\/wp\/v2\/product_tag?post=17609"}],"curies":[{"name":"wp","href":"https:\/\/api.w.org\/{rel}","templated":true}]}}