{"id":17463,"date":"2025-10-20T17:39:56","date_gmt":"2025-10-20T09:39:56","guid":{"rendered":"https:\/\/ulpmat.com\/product\/carburo-de-tantalio-y-hafnio\/"},"modified":"2025-10-20T17:39:56","modified_gmt":"2025-10-20T09:39:56","slug":"carburo-de-tantalio-y-hafnio","status":"publish","type":"product","link":"https:\/\/ulpmat.com\/es\/producto\/carburo-de-tantalio-y-hafnio\/","title":{"rendered":"Carburo de tantalio y hafnio"},"content":{"rendered":"<h2><span style=\"font-size: 14pt;\">Polvo de carburo de tantalio y hafnio Overview<\/span><\/h2>\n<p><span style=\"color: #0000ff;\"><a style=\"color: #0000ff;\" href=\"https:\/\/ulpmat.com\/es\/buscar\/?type=name&#038;keyword=Tantalum+Hafnium+Carbide\">Polvo de carburo de tantalio y hafnio<\/a><\/span> es un material cer\u00e1mico de ultra alta temperatura (UHTC) basado en un sistema de carburo de tantalio y carburo de hafnio. Presenta una excelente estabilidad t\u00e9rmica, resistencia a la corrosi\u00f3n y resistencia mec\u00e1nica, por lo que se utiliza ampliamente en componentes estructurales de alto rendimiento y aplicaciones de deposici\u00f3n de pel\u00edcula fina en entornos extremos.<\/p>\n<p>Ofrecemos polvo de carburo de tantalio y hafnio de gran pureza y tama\u00f1o uniforme para satisfacer diversas necesidades, desde experimentos de investigaci\u00f3n hasta producci\u00f3n industrial. <span style=\"color: #0000ff;\"><a style=\"color: #0000ff;\" href=\"https:\/\/ulpmat.com\/es\/servicio\/personalizacion\/\">Se pueden personalizar las gamas y distribuciones granulom\u00e9tricas de<\/a> <\/span>de part\u00edculas y distribuciones personalizadas.<\/p>\n<h2><span style=\"font-size: 14pt;\">Productos destacados<\/span><\/h2>\n<p>Pureza: 99,9<br \/>\nDistribuci\u00f3n uniforme del tama\u00f1o de las part\u00edculas y excelente fluidez<br \/>\nEnvasado personalizable<br \/>\nExcelente estabilidad t\u00e9rmica, adecuado para entornos de alta temperatura y alta presi\u00f3n<br \/>\nAdecuado para una gran variedad de aplicaciones, incluidos los compuestos de base cer\u00e1mica y los revestimientos PVD\/CVD<\/p>\n<h2><span style=\"font-size: 14pt;\">Aplicaciones del polvo de carburo de tantalio y hafnio <\/span><\/h2>\n<p>Aeroespacial: Utilizado como recubrimientos de barrera t\u00e9rmica o sistemas de protecci\u00f3n t\u00e9rmica en entornos de flujo de calor extremo, como conos de ojiva de misiles y toberas de motores.<br \/>\nCer\u00e1mica estructural de alta temperatura: A\u00f1adidos a compuestos cer\u00e1micos para mejorar las propiedades mec\u00e1nicas generales y la resistencia al choque t\u00e9rmico.<br \/>\nDeposici\u00f3n de pel\u00edcula fina: Se utilizan como blancos de recubrimiento o blancos de polvo para depositar pel\u00edculas finas resistentes al desgaste y a altas temperaturas en sistemas CVD\/PVD. Industria nuclear: Presenta una excelente absorci\u00f3n de neutrones y resistencia a la radiaci\u00f3n, lo que lo convierte en un material potencial para el revestimiento de combustible nuclear.<\/p>\n<h2><span style=\"font-size: 14pt;\">Informe<\/span><\/h2>\n<p>Cada lote de polvo Ta4HfC5 se suministra con un <span style=\"color: #0000ff;\"><a style=\"color: #0000ff;\" href=\"https:\/\/ulpmat.com\/es\/servicio\/analisis-quimico\/\">Certificado de an\u00e1lisis (COA)<\/a><\/span>hoja de datos de seguridad del material (MSDS) y los datos de ensayo pertinentes. Respaldamos las inspecciones de terceros y proporcionamos asesoramiento t\u00e9cnico preventa y orientaci\u00f3n posventa al usuario para ayudarle a optimizar los par\u00e1metros del proceso y las soluciones de aplicaci\u00f3n.<\/p>\n","protected":false},"excerpt":{"rendered":"<p>Polvo de carburo de tantalio y hafnio Overview Polvo de carburo de tantalio y hafnio es un material cer\u00e1mico de ultra alta temperatura (UHTC) basado en un sistema de carburo de tantalio y carburo de hafnio. Presenta una excelente estabilidad t\u00e9rmica, resistencia a la corrosi\u00f3n y resistencia mec\u00e1nica, por lo que se utiliza ampliamente en [&hellip;]<\/p>\n","protected":false},"featured_media":17464,"template":"","meta":{"_acf_changed":false},"product_brand":[132],"product_cat":[720,1207],"product_tag":[],"class_list":{"0":"post-17463","1":"product","2":"type-product","3":"status-publish","4":"has-post-thumbnail","6":"product_brand-ulpmat","7":"product_cat-materiales-refractarios","8":"product_cat-precursores-de-mxeno-materiales-de-fase-max","10":"first","11":"instock","12":"shipping-taxable","13":"product-type-variable"},"acf":[],"_links":{"self":[{"href":"https:\/\/ulpmat.com\/es\/wp-json\/wp\/v2\/product\/17463","targetHints":{"allow":["GET"]}}],"collection":[{"href":"https:\/\/ulpmat.com\/es\/wp-json\/wp\/v2\/product"}],"about":[{"href":"https:\/\/ulpmat.com\/es\/wp-json\/wp\/v2\/types\/product"}],"wp:featuredmedia":[{"embeddable":true,"href":"https:\/\/ulpmat.com\/es\/wp-json\/wp\/v2\/media\/17464"}],"wp:attachment":[{"href":"https:\/\/ulpmat.com\/es\/wp-json\/wp\/v2\/media?parent=17463"}],"wp:term":[{"taxonomy":"product_brand","embeddable":true,"href":"https:\/\/ulpmat.com\/es\/wp-json\/wp\/v2\/product_brand?post=17463"},{"taxonomy":"product_cat","embeddable":true,"href":"https:\/\/ulpmat.com\/es\/wp-json\/wp\/v2\/product_cat?post=17463"},{"taxonomy":"product_tag","embeddable":true,"href":"https:\/\/ulpmat.com\/es\/wp-json\/wp\/v2\/product_tag?post=17463"}],"curies":[{"name":"wp","href":"https:\/\/api.w.org\/{rel}","templated":true}]}}