{"id":17264,"date":"2025-10-20T17:39:58","date_gmt":"2025-10-20T09:39:58","guid":{"rendered":"https:\/\/ulpmat.com\/product\/carburo-de-tantalo-y-niobio\/"},"modified":"2025-10-20T17:39:58","modified_gmt":"2025-10-20T09:39:58","slug":"carburo-de-tantalo-y-niobio","status":"publish","type":"product","link":"https:\/\/ulpmat.com\/es\/producto\/carburo-de-tantalo-y-niobio\/","title":{"rendered":"Carburo de t\u00e1ntalo y niobio"},"content":{"rendered":"<h2><span style=\"font-size: 14pt;\">Polvo de carburo de t\u00e1ntalo y niobio Overview<\/span><\/h2>\n<p><span style=\"color: #0000ff;\"><a style=\"color: #0000ff;\" href=\"https:\/\/ulpmat.com\/es\/buscar\/?type=name&#038;keyword=Tantalum+Niobium+Carbide\">Polvo de carburo de tantalio y niobio<\/a><\/span> es un material cer\u00e1mico duro de alto rendimiento con excelente dureza, resistencia al desgaste y estabilidad t\u00e9rmica. Se utiliza ampliamente en el campo de los revestimientos avanzados y los materiales compuestos resistentes al desgaste.<\/p>\n<p>Proporcionamos polvo de carburo de niobio y t\u00e1ntalo con diferentes tama\u00f1os de part\u00edculas y niveles de pureza, que se pueden personalizar de forma flexible seg\u00fan las necesidades del cliente. Tambi\u00e9n ofrecemos soporte t\u00e9cnico profesional y un perfecto servicio postventa. No dude en <span style=\"color: #0000ff;\"><a style=\"color: #0000ff;\" href=\"https:\/\/ulpmat.com\/es\/contactanos\/\">contactarnos<\/a><\/span> para resolver cualquier problema de uso.<\/p>\n<h2><span style=\"font-size: 14pt;\">Productos destacados<\/span><\/h2>\n<p>Pureza: 99,5<br \/>\nAlta dureza y alta densidad para garantizar un rendimiento estable del material<br \/>\nTama\u00f1o de part\u00edcula personalizable para satisfacer diversos requisitos de proceso<br \/>\n<span style=\"color: #0000ff;\"><a style=\"color: #0000ff;\" href=\"https:\/\/ulpmat.com\/es\/servicio\/personalizacion\/\">Personalizable<\/a><\/span> envasado<br \/>\nAdecuado para carburo cementado, revestimiento resistente al desgaste y materiales estructurales de alta temperatura<\/p>\n<h2><span style=\"font-size: 14pt;\">Aplicaci\u00f3n del polvo de carburo de t\u00e1ntalo y niobio<\/span><\/h2>\n<p>Fabricaci\u00f3n de carburo cementado: como fase de refuerzo para mejorar la dureza y la resistencia al desgaste de la aleaci\u00f3n.<br \/>\nRecubrimiento resistente al desgaste: utilizado en procesos de pulverizaci\u00f3n y deposici\u00f3n f\u00edsica de vapor (PVD) para mejorar la resistencia al desgaste y a la corrosi\u00f3n de la superficie de la pieza.<br \/>\nMateriales estructurales de alta temperatura: mantienen excelentes propiedades mec\u00e1nicas en entornos de alta temperatura, adecuados para la industria aeroespacial y otros campos.<br \/>\nMateriales compuestos: compuestos con matriz met\u00e1lica para mejorar la resistencia al desgaste y la vida \u00fatil de los materiales compuestos.<\/p>\n<h2><span style=\"font-size: 14pt;\">Informes<\/span><\/h2>\n<p>Cada lote de polvo de TaNbC se suministra con un detallado<span style=\"color: #0000ff;\"><a style=\"color: #0000ff;\" href=\"https:\/\/ulpmat.com\/es\/servicio\/analisis-quimico\/\"> Certificado de an\u00e1lisis (COA),<\/a><\/span> Hoja de datos de seguridad del material (MSDS) y otros informes de pruebas relevantes para garantizar la calidad estable y fiable del producto. Al mismo tiempo, apoyamos los servicios de pruebas de terceros para ofrecer a los clientes una mayor garant\u00eda de calidad.<\/p>\n","protected":false},"excerpt":{"rendered":"<p>Polvo de carburo de t\u00e1ntalo y niobio Overview Polvo de carburo de tantalio y niobio es un material cer\u00e1mico duro de alto rendimiento con excelente dureza, resistencia al desgaste y estabilidad t\u00e9rmica. Se utiliza ampliamente en el campo de los revestimientos avanzados y los materiales compuestos resistentes al desgaste. Proporcionamos polvo de carburo de niobio [&hellip;]<\/p>\n","protected":false},"featured_media":17265,"template":"","meta":{"_acf_changed":false},"product_brand":[132],"product_cat":[720,1207],"product_tag":[],"class_list":{"0":"post-17264","1":"product","2":"type-product","3":"status-publish","4":"has-post-thumbnail","6":"product_brand-ulpmat","7":"product_cat-materiales-refractarios","8":"product_cat-precursores-de-mxeno-materiales-de-fase-max","10":"first","11":"instock","12":"shipping-taxable","13":"product-type-variable"},"acf":[],"_links":{"self":[{"href":"https:\/\/ulpmat.com\/es\/wp-json\/wp\/v2\/product\/17264","targetHints":{"allow":["GET"]}}],"collection":[{"href":"https:\/\/ulpmat.com\/es\/wp-json\/wp\/v2\/product"}],"about":[{"href":"https:\/\/ulpmat.com\/es\/wp-json\/wp\/v2\/types\/product"}],"wp:featuredmedia":[{"embeddable":true,"href":"https:\/\/ulpmat.com\/es\/wp-json\/wp\/v2\/media\/17265"}],"wp:attachment":[{"href":"https:\/\/ulpmat.com\/es\/wp-json\/wp\/v2\/media?parent=17264"}],"wp:term":[{"taxonomy":"product_brand","embeddable":true,"href":"https:\/\/ulpmat.com\/es\/wp-json\/wp\/v2\/product_brand?post=17264"},{"taxonomy":"product_cat","embeddable":true,"href":"https:\/\/ulpmat.com\/es\/wp-json\/wp\/v2\/product_cat?post=17264"},{"taxonomy":"product_tag","embeddable":true,"href":"https:\/\/ulpmat.com\/es\/wp-json\/wp\/v2\/product_tag?post=17264"}],"curies":[{"name":"wp","href":"https:\/\/api.w.org\/{rel}","templated":true}]}}