{"id":17241,"date":"2025-10-20T17:39:58","date_gmt":"2025-10-20T09:39:58","guid":{"rendered":"https:\/\/ulpmat.com\/product\/fosfuro-de-tantalo\/"},"modified":"2025-10-20T17:39:58","modified_gmt":"2025-10-20T09:39:58","slug":"fosfuro-de-tantalo","status":"publish","type":"product","link":"https:\/\/ulpmat.com\/es\/producto\/fosfuro-de-tantalo\/","title":{"rendered":"Fosfuro de t\u00e1ntalo"},"content":{"rendered":"<h2><span style=\"font-size: 14pt;\">Polvo de fosfuro de t\u00e1ntalo Overview<\/span><\/h2>\n<p><span style=\"color: #0000ff;\"><a style=\"color: #0000ff;\" href=\"https:\/\/ulpmat.com\/es\/buscar\/?type=name&#038;keyword=Tantalum+Phosphide\">Fosfuro de t\u00e1ntalo<\/a><\/span> en polvo es un material funcional de alto rendimiento con excelentes propiedades el\u00e9ctricas y estabilidad qu\u00edmica. Tiene una gran pureza y part\u00edculas uniformes, y es adecuado para dispositivos electr\u00f3nicos, carburo cementado y materiales resistentes al desgaste a alta temperatura.<\/p>\n<p>Proporcionamos polvo de fosfuro de t\u00e1ntalo con diversos tama\u00f1os de part\u00edcula para satisfacer los diferentes requisitos de proceso, y podemos personalizar el embalaje y el soporte t\u00e9cnico seg\u00fan los requisitos del cliente. Tambi\u00e9n ofrecemos un completo servicio postventa. Si tiene alguna pregunta, no dude en c<span style=\"color: #0000ff;\"><a style=\"color: #0000ff;\" href=\"https:\/\/ulpmat.com\/es\/contactanos\/\">ontactar con nosotros.<\/a><\/span><\/p>\n<h2><span style=\"font-size: 14pt;\">Productos destacados<\/span><\/h2>\n<p>Pureza: 99,9<br \/>\nAlta densidad, part\u00edculas uniformes, f\u00e1cil de dispersar uniformemente<br \/>\n<span style=\"color: #0000ff;\"><a style=\"color: #0000ff;\" href=\"https:\/\/ulpmat.com\/es\/servicio\/personalizacion\/\">Personalizable<\/a><\/span> distribuci\u00f3n granulom\u00e9trica y especificaciones de envasado<br \/>\nAdecuado para la fabricaci\u00f3n de dispositivos electr\u00f3nicos, preparaci\u00f3n de carburo cementado y revestimientos resistentes al desgaste a alta temperatura<\/p>\n<h2><span style=\"font-size: 14pt;\">Aplicaciones del polvo de fosfuro de t\u00e1ntalo<\/span><\/h2>\n<p>Dispositivos electr\u00f3nicos: se utiliza como componente clave en semiconductores y materiales superconductores, mostrando una buena conductividad y estabilidad t\u00e9rmica.<br \/>\nCarburo cementado: Como materia prima importante para el carburo cementado a base de t\u00e1ntalo, mejora la dureza y la resistencia al desgaste del material.<br \/>\nRecubrimiento de alta temperatura: se utiliza para recubrimientos protectores en entornos de alta temperatura para mejorar la vida \u00fatil y la estabilidad de los equipos.<br \/>\nMaterial catal\u00edtico: portador de algunos catalizadores sint\u00e9ticos, presenta buena estabilidad qu\u00edmica y actividad catal\u00edtica.<\/p>\n<h2><span style=\"font-size: 14pt;\">Informes<\/span><\/h2>\n<p>Proporcionamos <span style=\"color: #0000ff;\"><a style=\"color: #0000ff;\" href=\"https:\/\/ulpmat.com\/es\/servicio\/analisis-quimico\/\">Certificado de an\u00e1lisis (COA)<\/a><\/span>(COA), hojas de datos de seguridad de materiales (MSDS) e informes de pruebas relacionados con cada lote de productos para garantizar una calidad estable y fiable del producto. Tambi\u00e9n apoyamos los servicios de pruebas de terceros para proporcionar a los clientes una mayor confianza.<\/p>\n","protected":false},"excerpt":{"rendered":"<p>Polvo de fosfuro de t\u00e1ntalo Overview Fosfuro de t\u00e1ntalo en polvo es un material funcional de alto rendimiento con excelentes propiedades el\u00e9ctricas y estabilidad qu\u00edmica. Tiene una gran pureza y part\u00edculas uniformes, y es adecuado para dispositivos electr\u00f3nicos, carburo cementado y materiales resistentes al desgaste a alta temperatura. Proporcionamos polvo de fosfuro de t\u00e1ntalo con [&hellip;]<\/p>\n","protected":false},"featured_media":17242,"template":"","meta":{"_acf_changed":false},"product_brand":[132],"product_cat":[1195],"product_tag":[],"class_list":{"0":"post-17241","1":"product","2":"type-product","3":"status-publish","4":"has-post-thumbnail","6":"product_brand-ulpmat","7":"product_cat-materiales-fosforados","9":"first","10":"instock","11":"shipping-taxable","12":"product-type-variable"},"acf":[],"_links":{"self":[{"href":"https:\/\/ulpmat.com\/es\/wp-json\/wp\/v2\/product\/17241","targetHints":{"allow":["GET"]}}],"collection":[{"href":"https:\/\/ulpmat.com\/es\/wp-json\/wp\/v2\/product"}],"about":[{"href":"https:\/\/ulpmat.com\/es\/wp-json\/wp\/v2\/types\/product"}],"wp:featuredmedia":[{"embeddable":true,"href":"https:\/\/ulpmat.com\/es\/wp-json\/wp\/v2\/media\/17242"}],"wp:attachment":[{"href":"https:\/\/ulpmat.com\/es\/wp-json\/wp\/v2\/media?parent=17241"}],"wp:term":[{"taxonomy":"product_brand","embeddable":true,"href":"https:\/\/ulpmat.com\/es\/wp-json\/wp\/v2\/product_brand?post=17241"},{"taxonomy":"product_cat","embeddable":true,"href":"https:\/\/ulpmat.com\/es\/wp-json\/wp\/v2\/product_cat?post=17241"},{"taxonomy":"product_tag","embeddable":true,"href":"https:\/\/ulpmat.com\/es\/wp-json\/wp\/v2\/product_tag?post=17241"}],"curies":[{"name":"wp","href":"https:\/\/api.w.org\/{rel}","templated":true}]}}