{"id":16743,"date":"2025-10-21T14:25:46","date_gmt":"2025-10-21T06:25:46","guid":{"rendered":"https:\/\/ulpmat.com\/product\/carburo-de-hafnio-3\/"},"modified":"2025-10-21T14:25:46","modified_gmt":"2025-10-21T06:25:46","slug":"carburo-de-hafnio-3","status":"publish","type":"product","link":"https:\/\/ulpmat.com\/es\/producto\/carburo-de-hafnio-3\/","title":{"rendered":"Carburo de hafnio"},"content":{"rendered":"<h2><span style=\"font-size: 14pt;\">Visi\u00f3n general de los gr\u00e1nulos de carburo de hafnio<\/span><\/h2>\n<p><span style=\"color: #0000ff;\"><a style=\"color: #0000ff;\" href=\"https:\/\/ulpmat.com\/es\/buscar\/?type=name&#038;keyword=Hafnium+Carbide\">Los gr\u00e1nulos de carburo de hafnio<\/a><\/span> son un material de alto rendimiento dise\u00f1ado espec\u00edficamente para procesos de deposici\u00f3n de pel\u00edculas finas y aplicaciones de alta temperatura. Ofrecen una dureza excepcional, resistencia a altas temperaturas y estabilidad qu\u00edmica, lo que los hace adecuados para su uso en entornos extremos. Sus excelentes propiedades f\u00edsicas hacen que se utilicen ampliamente en entornos de vac\u00edo de alta temperatura, pel\u00edculas finas de alto rendimiento y revestimientos cer\u00e1micos.<\/p>\n<p>Ofrecemos gr\u00e1nulos de carburo de hafnio en varios tama\u00f1os de part\u00edcula y podemos personalizarlos para satisfacer sus requisitos espec\u00edficos. Tambi\u00e9n ofrecemos un completo servicio postventa<span style=\"color: #0000ff;\"><a style=\"color: #0000ff;\" href=\"https:\/\/ulpmat.com\/es\/contactanos\/\"> ponerse en contacto con nosotros<\/a> <\/span>si tiene alguna pregunta sobre su uso.<\/p>\n<h2><span style=\"font-size: 14pt;\">Productos destacados<\/span><\/h2>\n<p>Pureza: 99,9<br \/>\nLa alta densidad garantiza una deposici\u00f3n estable de la pel\u00edcula fina<br \/>\nEspecificaciones y envases personalizables<br \/>\nAdecuado para <span style=\"color: #0000ff;\"><a style=\"color: #0000ff;\" href=\"https:\/\/ulpmat.com\/es\/solicitud\/materiales-semiconductores\/\">semiconductores<\/a><\/span>semiconductores, revestimientos \u00f3pticos y entornos de vac\u00edo a alta temperatura<\/p>\n<h2><span style=\"font-size: 14pt;\">Aplicaciones de los gr\u00e1nulos de carburo de hafnio <\/span><\/h2>\n<p>Aplicaciones de alta temperatura: Los gr\u00e1nulos de HfC tienen un punto de fusi\u00f3n extremadamente alto y son adecuados para revestimientos, pel\u00edculas finas y recubrimientos en entornos de alta temperatura.<br \/>\nRecubrimientos cer\u00e1micos: Se utiliza en revestimientos cer\u00e1micos de alta temperatura para mejorar la resistencia al desgaste y la corrosi\u00f3n.<br \/>\n<span style=\"color: #0000ff;\"><a style=\"color: #0000ff;\" href=\"https:\/\/ulpmat.com\/es\/solicitud\/materiales-opticos\/\">Recubrimientos \u00f3pticos:<\/a><\/span> Se utilizan para formar revestimientos \u00f3pticos de alta reflectividad, muy utilizados en revestimientos de espejos y componentes \u00f3pticos.<br \/>\nPel\u00edculas finas de alto rendimiento: Adecuado para depositar pel\u00edculas finas altamente conductoras y estables.<\/p>\n<h2><span style=\"font-size: 14pt;\">Informes<\/span><\/h2>\n<p>Proporcionamos un <span style=\"color: #0000ff;\"><a style=\"color: #0000ff;\" href=\"https:\/\/ulpmat.com\/es\/servicio\/analisis-quimico\/\">Certificado de an\u00e1lisis (COA)<\/a><\/span>hoja de datos de seguridad del material (MSDS) y otros informes relevantes con cada env\u00edo. Tambi\u00e9n realizamos pruebas a terceros para mejorar la garant\u00eda de calidad.<\/p>\n","protected":false},"excerpt":{"rendered":"<p>Visi\u00f3n general de los gr\u00e1nulos de carburo de hafnio Los gr\u00e1nulos de carburo de hafnio son un material de alto rendimiento dise\u00f1ado espec\u00edficamente para procesos de deposici\u00f3n de pel\u00edculas finas y aplicaciones de alta temperatura. Ofrecen una dureza excepcional, resistencia a altas temperaturas y estabilidad qu\u00edmica, lo que los hace adecuados para su uso en [&hellip;]<\/p>\n","protected":false},"featured_media":16744,"template":"","meta":{"_acf_changed":false},"product_brand":[132],"product_cat":[340],"product_tag":[],"class_list":{"0":"post-16743","1":"product","2":"type-product","3":"status-publish","4":"has-post-thumbnail","6":"product_brand-ulpmat","7":"product_cat-materiales-de-evaporacion","9":"first","10":"instock","11":"shipping-taxable","12":"product-type-variable"},"acf":[],"_links":{"self":[{"href":"https:\/\/ulpmat.com\/es\/wp-json\/wp\/v2\/product\/16743","targetHints":{"allow":["GET"]}}],"collection":[{"href":"https:\/\/ulpmat.com\/es\/wp-json\/wp\/v2\/product"}],"about":[{"href":"https:\/\/ulpmat.com\/es\/wp-json\/wp\/v2\/types\/product"}],"wp:featuredmedia":[{"embeddable":true,"href":"https:\/\/ulpmat.com\/es\/wp-json\/wp\/v2\/media\/16744"}],"wp:attachment":[{"href":"https:\/\/ulpmat.com\/es\/wp-json\/wp\/v2\/media?parent=16743"}],"wp:term":[{"taxonomy":"product_brand","embeddable":true,"href":"https:\/\/ulpmat.com\/es\/wp-json\/wp\/v2\/product_brand?post=16743"},{"taxonomy":"product_cat","embeddable":true,"href":"https:\/\/ulpmat.com\/es\/wp-json\/wp\/v2\/product_cat?post=16743"},{"taxonomy":"product_tag","embeddable":true,"href":"https:\/\/ulpmat.com\/es\/wp-json\/wp\/v2\/product_tag?post=16743"}],"curies":[{"name":"wp","href":"https:\/\/api.w.org\/{rel}","templated":true}]}}