{"id":16723,"date":"2025-10-21T14:25:46","date_gmt":"2025-10-21T06:25:46","guid":{"rendered":"https:\/\/ulpmat.com\/product\/carburo-de-hafnio-2\/"},"modified":"2025-10-21T14:25:46","modified_gmt":"2025-10-21T06:25:46","slug":"carburo-de-hafnio-2","status":"publish","type":"product","link":"https:\/\/ulpmat.com\/es\/producto\/carburo-de-hafnio-2\/","title":{"rendered":"Carburo de hafnio"},"content":{"rendered":"<h2><span style=\"font-size: 14pt;\">Polvo de carburo de hafnio Overview<\/span><\/h2>\n<p><span style=\"color: #0000ff;\"><a style=\"color: #0000ff;\" href=\"https:\/\/ulpmat.com\/es\/buscar\/?type=name&#038;keyword=Hafnium+Carbide\"> Carburo de hafnio<\/a><\/span> es un material de alto rendimiento dise\u00f1ado espec\u00edficamente para procesos de deposici\u00f3n de pel\u00edculas finas. Ofrece una excelente conductividad t\u00e9rmica, dureza y estabilidad qu\u00edmica, por lo que se utiliza ampliamente en revestimientos \u00f3pticos y de semiconductores, as\u00ed como en procesos de sputtering en entornos de alta temperatura. Su punto de fusi\u00f3n extremadamente alto y su gran resistencia a la corrosi\u00f3n lo hacen adecuado para su uso en condiciones de funcionamiento extremas.<\/p>\n<p>Ofrecemos polvo de carburo de hafnio en varios tama\u00f1os de part\u00edcula y podemos adaptarlo a sus requisitos espec\u00edficos. Tambi\u00e9n ofrecemos un completo servicio posventa; no dude en <span style=\"color: #0000ff;\"><a style=\"color: #0000ff;\" href=\"https:\/\/ulpmat.com\/es\/contactanos\/\">ponerse en contacto con nosotros<\/a> <\/span>si tiene alguna pregunta.<\/p>\n<h2><span style=\"font-size: 14pt;\">Productos destacados<\/span><\/h2>\n<p>Pureza: del 99% al 99,9<br \/>\nLa alta densidad garantiza una deposici\u00f3n estable de la pel\u00edcula fina<br \/>\nTama\u00f1o de part\u00edcula y envasado personalizables<br \/>\nAdecuado para semiconductores, revestimientos \u00f3pticos y entornos de vac\u00edo a alta temperatura<\/p>\n<h2><span style=\"font-size: 14pt;\">Aplicaciones del polvo de carburo de hafnio <\/span><\/h2>\n<p><span style=\"color: #0000ff;\"><a style=\"color: #0000ff;\" href=\"https:\/\/ulpmat.com\/es\/solicitud\/materiales-semiconductores\/\">Semiconductores:<\/a><\/span> Ampliamente utilizado en la deposici\u00f3n de pel\u00edculas finas semiconductoras debido a su alta conductividad y excelente estabilidad a altas temperaturas.<br \/>\n<span style=\"color: #0000ff;\"><a style=\"color: #0000ff;\" href=\"https:\/\/ulpmat.com\/es\/solicitud\/materiales-opticos\/\">Recubrimiento \u00f3ptico<\/a><\/span>: Se utiliza para revestimientos de alta reflectividad, revestimientos de espejos y otros componentes \u00f3pticos.<br \/>\nAplicaciones a altas temperaturas: Se utiliza para revestimientos y recubrimientos en entornos de temperaturas extremadamente altas, proporcionando una excelente resistencia al desgaste y a las altas temperaturas.<br \/>\nPulverizaci\u00f3n cat\u00f3dica por arco: Adecuado para la tecnolog\u00eda de sputtering por arco, proporcionando una deposici\u00f3n por sputtering de alta calidad.<\/p>\n<h2><span style=\"font-size: 14pt;\">Informes<\/span><\/h2>\n<p>Proporcionamos un<span style=\"color: #0000ff;\"><a style=\"color: #0000ff;\" href=\"https:\/\/ulpmat.com\/es\/servicio\/analisis-quimico\/\"> Certificado de An\u00e1lisis (COA),<\/a><\/span> Hoja de datos de seguridad del material (MSDS) y otros informes relevantes con cada env\u00edo. Tambi\u00e9n realizamos pruebas a terceros para mejorar la garant\u00eda de calidad.<\/p>\n","protected":false},"excerpt":{"rendered":"<p>Polvo de carburo de hafnio Overview Carburo de hafnio es un material de alto rendimiento dise\u00f1ado espec\u00edficamente para procesos de deposici\u00f3n de pel\u00edculas finas. Ofrece una excelente conductividad t\u00e9rmica, dureza y estabilidad qu\u00edmica, por lo que se utiliza ampliamente en revestimientos \u00f3pticos y de semiconductores, as\u00ed como en procesos de sputtering en entornos de alta [&hellip;]<\/p>\n","protected":false},"featured_media":16724,"template":"","meta":{"_acf_changed":false},"product_brand":[132],"product_cat":[720],"product_tag":[],"class_list":{"0":"post-16723","1":"product","2":"type-product","3":"status-publish","4":"has-post-thumbnail","6":"product_brand-ulpmat","7":"product_cat-materiales-refractarios","9":"first","10":"instock","11":"shipping-taxable","12":"product-type-variable"},"acf":[],"_links":{"self":[{"href":"https:\/\/ulpmat.com\/es\/wp-json\/wp\/v2\/product\/16723","targetHints":{"allow":["GET"]}}],"collection":[{"href":"https:\/\/ulpmat.com\/es\/wp-json\/wp\/v2\/product"}],"about":[{"href":"https:\/\/ulpmat.com\/es\/wp-json\/wp\/v2\/types\/product"}],"wp:featuredmedia":[{"embeddable":true,"href":"https:\/\/ulpmat.com\/es\/wp-json\/wp\/v2\/media\/16724"}],"wp:attachment":[{"href":"https:\/\/ulpmat.com\/es\/wp-json\/wp\/v2\/media?parent=16723"}],"wp:term":[{"taxonomy":"product_brand","embeddable":true,"href":"https:\/\/ulpmat.com\/es\/wp-json\/wp\/v2\/product_brand?post=16723"},{"taxonomy":"product_cat","embeddable":true,"href":"https:\/\/ulpmat.com\/es\/wp-json\/wp\/v2\/product_cat?post=16723"},{"taxonomy":"product_tag","embeddable":true,"href":"https:\/\/ulpmat.com\/es\/wp-json\/wp\/v2\/product_tag?post=16723"}],"curies":[{"name":"wp","href":"https:\/\/api.w.org\/{rel}","templated":true}]}}