{"id":16658,"date":"2025-10-21T14:25:47","date_gmt":"2025-10-21T06:25:47","guid":{"rendered":"https:\/\/ulpmat.com\/product\/cloruro-de-hafnio\/"},"modified":"2025-10-21T14:25:47","modified_gmt":"2025-10-21T06:25:47","slug":"cloruro-de-hafnio","status":"publish","type":"product","link":"https:\/\/ulpmat.com\/es\/producto\/cloruro-de-hafnio\/","title":{"rendered":"Cloruro de hafnio"},"content":{"rendered":"<h2><span style=\"font-size: 14pt;\">Cloruro de hafnio en polvo Descripci\u00f3n general<\/span><\/h2>\n<p><span style=\"color: #0000ff;\"><a style=\"color: #0000ff;\" href=\"https:\/\/ulpmat.com\/es\/buscar\/?type=name&#038;keyword=Hafnium+chloride\"> El cloruro de hafnio<\/a><\/span> en polvo es una sal inorg\u00e1nica de gran pureza utilizada habitualmente en las industrias electr\u00f3nica, qu\u00edmica y de materiales, especialmente en la deposici\u00f3n de capas at\u00f3micas (ALD) y la preparaci\u00f3n de cer\u00e1micas de alto rendimiento. Su alta volatilidad y excelente reactividad qu\u00edmica lo hacen adecuado para procesos que requieren la m\u00e1xima pureza y condiciones de reacci\u00f3n controlables.<\/p>\n<p>Ofrecemos cloruro de hafnio en polvo en varios tama\u00f1os de part\u00edcula y especificaciones de envasado, y podemos personalizarlo para satisfacer sus necesidades espec\u00edficas. Nuestro equipo t\u00e9cnico tambi\u00e9n ofrece asesoramiento sobre aplicaciones y <span style=\"color: #0000ff;\"><a style=\"color: #0000ff;\" href=\"https:\/\/ulpmat.com\/es\/servicio\/servicio-posventa\/\">asistencia posventa<\/a><\/span> para garantizar procesos experimentales y de producci\u00f3n eficientes y estables.<\/p>\n<h2><span style=\"font-size: 14pt;\">Productos destacados<\/span><\/h2>\n<p>Pureza: 99,8% a 99,9%<br \/>\nVol\u00e1til y altamente reactivo, adecuado para deposici\u00f3n de vapor o sistemas de reacci\u00f3n a alta temperatura<br \/>\nControl del tama\u00f1o de las part\u00edculas disponible bajo pedido<br \/>\nEnvases personalizados disponibles bajo pedido<\/p>\n<h2><span style=\"font-size: 14pt;\">Aplicaciones del cloruro de hafnio en polvo <\/span><\/h2>\n<p>Deposici\u00f3n de capas at\u00f3micas (ALD): Ampliamente utilizado como precursor de materiales de alta k (como HfO\u2082) en la preparaci\u00f3n de diel\u00e9ctricos de puerta de transistores semiconductores.<br \/>\nCer\u00e1mica de alto rendimiento: Se utiliza para preparar cer\u00e1micas a base de hafnio de alto punto de fusi\u00f3n con excelente estabilidad t\u00e9rmica y resistencia mec\u00e1nica. Soportes y aditivos de catalizadores: Utilizados como fuente de cloraci\u00f3n o aditivo met\u00e1lico en determinadas reacciones catal\u00edticas especiales para mejorar la eficacia catal\u00edtica.<br \/>\nI+D: se utiliza en proyectos de investigaci\u00f3n avanzada como la qu\u00edmica de materiales y la s\u00edntesis de precursores metalorg\u00e1nicos.<\/p>\n<h2><span style=\"font-size: 14pt;\">Informes<\/span><\/h2>\n<p>Proporcionamos un <span style=\"color: #0000ff;\"><a style=\"color: #0000ff;\" href=\"https:\/\/ulpmat.com\/es\/servicio\/analisis-quimico\/\">Certificado de an\u00e1lisis (COA)<\/a><\/span>hoja de datos de seguridad del material (MSDS) y otros informes relevantes con cada env\u00edo. Tambi\u00e9n realizamos pruebas a terceros para mejorar la garant\u00eda de calidad.<\/p>\n","protected":false},"excerpt":{"rendered":"<p>Cloruro de hafnio en polvo Descripci\u00f3n general El cloruro de hafnio en polvo es una sal inorg\u00e1nica de gran pureza utilizada habitualmente en las industrias electr\u00f3nica, qu\u00edmica y de materiales, especialmente en la deposici\u00f3n de capas at\u00f3micas (ALD) y la preparaci\u00f3n de cer\u00e1micas de alto rendimiento. Su alta volatilidad y excelente reactividad qu\u00edmica lo hacen [&hellip;]<\/p>\n","protected":false},"featured_media":16659,"template":"","meta":{"_acf_changed":false},"product_brand":[132],"product_cat":[330],"product_tag":[],"class_list":{"0":"post-16658","1":"product","2":"type-product","3":"status-publish","4":"has-post-thumbnail","6":"product_brand-ulpmat","7":"product_cat-materiales-halogenados","9":"first","10":"instock","11":"shipping-taxable","12":"product-type-variable"},"acf":[],"_links":{"self":[{"href":"https:\/\/ulpmat.com\/es\/wp-json\/wp\/v2\/product\/16658","targetHints":{"allow":["GET"]}}],"collection":[{"href":"https:\/\/ulpmat.com\/es\/wp-json\/wp\/v2\/product"}],"about":[{"href":"https:\/\/ulpmat.com\/es\/wp-json\/wp\/v2\/types\/product"}],"wp:featuredmedia":[{"embeddable":true,"href":"https:\/\/ulpmat.com\/es\/wp-json\/wp\/v2\/media\/16659"}],"wp:attachment":[{"href":"https:\/\/ulpmat.com\/es\/wp-json\/wp\/v2\/media?parent=16658"}],"wp:term":[{"taxonomy":"product_brand","embeddable":true,"href":"https:\/\/ulpmat.com\/es\/wp-json\/wp\/v2\/product_brand?post=16658"},{"taxonomy":"product_cat","embeddable":true,"href":"https:\/\/ulpmat.com\/es\/wp-json\/wp\/v2\/product_cat?post=16658"},{"taxonomy":"product_tag","embeddable":true,"href":"https:\/\/ulpmat.com\/es\/wp-json\/wp\/v2\/product_tag?post=16658"}],"curies":[{"name":"wp","href":"https:\/\/api.w.org\/{rel}","templated":true}]}}