{"id":16635,"date":"2025-10-21T14:25:47","date_gmt":"2025-10-21T06:25:47","guid":{"rendered":"https:\/\/ulpmat.com\/product\/fluoruro-de-hafnio\/"},"modified":"2025-10-21T14:25:47","modified_gmt":"2025-10-21T06:25:47","slug":"fluoruro-de-hafnio","status":"publish","type":"product","link":"https:\/\/ulpmat.com\/es\/producto\/fluoruro-de-hafnio\/","title":{"rendered":"Fluoruro de hafnio"},"content":{"rendered":"<h2><span style=\"font-size: 14pt;\">Fluoruro de hafnio en polvo Descripci\u00f3n general<\/span><\/h2>\n<p><span style=\"color: #0000ff;\"><a style=\"color: #0000ff;\" href=\"https:\/\/ulpmat.com\/es\/buscar\/?type=name&#038;keyword=Hafnium+fluoride\">Fluoruro de hafnio<\/a> <\/span>en polvo es un fluoruro inorg\u00e1nico de gran pureza y qu\u00edmicamente estable, ampliamente utilizado en revestimientos \u00f3pticos, materiales para ventanas de infrarrojos, l\u00e1seres y como producto intermedio en la preparaci\u00f3n de otros compuestos de hafnio de alta gama.<\/p>\n<p>Ofrecemos polvo de HfF4 en varios tama\u00f1os de part\u00edcula y podemos personalizar las especificaciones de envasado y los niveles de pureza para satisfacer las necesidades del cliente. Todos los productos cumplen estrictas normas de control de calidad y admiten servicios de pruebas de terceros.<\/p>\n<h2><span style=\"font-size: 14pt;\">Productos destacados<\/span><\/h2>\n<p>Pureza: 99,9%<br \/>\nTama\u00f1o de las part\u00edculas: <span style=\"color: #0000ff;\"><a style=\"color: #0000ff;\" href=\"https:\/\/ulpmat.com\/es\/servicio\/personalizacion\/\">Personalizable<\/a><\/span><br \/>\nPresentaci\u00f3n: Personalizable<br \/>\nBajo contenido en impurezas y excelente estabilidad t\u00e9rmica<br \/>\nAlto \u00edndice de refracci\u00f3n y baja higroscopicidad, adecuado para aplicaciones \u00f3pticas<\/p>\n<h2><span style=\"font-size: 14pt;\">Aplicaciones del polvo de fluoruro de hafnio<\/span><\/h2>\n<p><span style=\"color: #0000ff;\"><a style=\"color: #0000ff;\" href=\"https:\/\/ulpmat.com\/es\/solicitud\/materiales-opticos\/\">Recubrimiento \u00f3ptico<\/a><\/span> Materiales: El HfF\u2084 tiene una alta transmitancia y una baja higroscopicidad, por lo que se utiliza ampliamente en revestimientos para ventanas de infrarrojos, componentes \u00f3pticos l\u00e1ser y pel\u00edculas protectoras.<br \/>\nComunicaciones por fibra \u00f3ptica: Se utiliza en la preparaci\u00f3n de fibras \u00f3pticas de vidrio fluorado (como las fibras ZBLAN) debido a su baja p\u00e9rdida \u00f3ptica y amplio ancho de banda de transmisi\u00f3n.<br \/>\nS\u00edntesis qu\u00edmica: Es un precursor importante para la preparaci\u00f3n de hafnio met\u00e1lico de gran pureza y otros compuestos que contienen hafnio. Materiales l\u00e1ser: Utilizado como material matriz en determinados sistemas de dopaje de tierras raras, mejora el rendimiento del l\u00e1ser.<\/p>\n<h2><span style=\"font-size: 14pt;\">Informes<\/span><\/h2>\n<p>Proporcionamos un <span style=\"color: #0000ff;\"><a style=\"color: #0000ff;\" href=\"https:\/\/ulpmat.com\/es\/servicio\/analisis-quimico\/\">Certificado de an\u00e1lisis (COA),<\/a><\/span> Hoja de datos de seguridad del material (MSDS) y otros informes relevantes con cada lote de polvo de tetrafluoruro de hafnio para garantizar una comprensi\u00f3n completa del producto. Tambi\u00e9n respaldamos los servicios de pruebas de terceros autorizados para mejorar la fiabilidad del material.<\/p>\n","protected":false},"excerpt":{"rendered":"<p>Fluoruro de hafnio en polvo Descripci\u00f3n general Fluoruro de hafnio en polvo es un fluoruro inorg\u00e1nico de gran pureza y qu\u00edmicamente estable, ampliamente utilizado en revestimientos \u00f3pticos, materiales para ventanas de infrarrojos, l\u00e1seres y como producto intermedio en la preparaci\u00f3n de otros compuestos de hafnio de alta gama. Ofrecemos polvo de HfF4 en varios tama\u00f1os [&hellip;]<\/p>\n","protected":false},"featured_media":16636,"template":"","meta":{"_acf_changed":false},"product_brand":[132],"product_cat":[330],"product_tag":[],"class_list":{"0":"post-16635","1":"product","2":"type-product","3":"status-publish","4":"has-post-thumbnail","6":"product_brand-ulpmat","7":"product_cat-materiales-halogenados","9":"first","10":"instock","11":"shipping-taxable","12":"product-type-variable"},"acf":[],"_links":{"self":[{"href":"https:\/\/ulpmat.com\/es\/wp-json\/wp\/v2\/product\/16635","targetHints":{"allow":["GET"]}}],"collection":[{"href":"https:\/\/ulpmat.com\/es\/wp-json\/wp\/v2\/product"}],"about":[{"href":"https:\/\/ulpmat.com\/es\/wp-json\/wp\/v2\/types\/product"}],"wp:featuredmedia":[{"embeddable":true,"href":"https:\/\/ulpmat.com\/es\/wp-json\/wp\/v2\/media\/16636"}],"wp:attachment":[{"href":"https:\/\/ulpmat.com\/es\/wp-json\/wp\/v2\/media?parent=16635"}],"wp:term":[{"taxonomy":"product_brand","embeddable":true,"href":"https:\/\/ulpmat.com\/es\/wp-json\/wp\/v2\/product_brand?post=16635"},{"taxonomy":"product_cat","embeddable":true,"href":"https:\/\/ulpmat.com\/es\/wp-json\/wp\/v2\/product_cat?post=16635"},{"taxonomy":"product_tag","embeddable":true,"href":"https:\/\/ulpmat.com\/es\/wp-json\/wp\/v2\/product_tag?post=16635"}],"curies":[{"name":"wp","href":"https:\/\/api.w.org\/{rel}","templated":true}]}}