{"id":16505,"date":"2025-10-21T14:25:48","date_gmt":"2025-10-21T06:25:48","guid":{"rendered":"https:\/\/ulpmat.com\/product\/oxido-de-hafnio-4\/"},"modified":"2025-10-21T14:25:48","modified_gmt":"2025-10-21T06:25:48","slug":"oxido-de-hafnio-4","status":"publish","type":"product","link":"https:\/\/ulpmat.com\/es\/producto\/oxido-de-hafnio-4\/","title":{"rendered":"\u00d3xido de hafnio"},"content":{"rendered":"<h2><span style=\"font-size: 14pt;\">Visi\u00f3n general de los gr\u00e1nulos de \u00f3xido de hafnio<\/span><\/h2>\n<p><span style=\"color: #0000ff;\"><a style=\"color: #0000ff;\" href=\"https:\/\/ulpmat.com\/es\/buscar\/?type=name&#038;keyword=Hafnium+Oxide\">Los gr\u00e1nulos de \u00f3xido de hafnio<\/a> <\/span>son polvos cer\u00e1micos de gran pureza dise\u00f1ados para la deposici\u00f3n de pel\u00edculas finas de alto rendimiento y la preparaci\u00f3n de materiales funcionales. Su excepcional pureza, tama\u00f1o uniforme de part\u00edcula, excelente estabilidad t\u00e9rmica e inercia qu\u00edmica satisfacen los exigentes requisitos de las aplicaciones de semiconductores, \u00f3ptica y cer\u00e1mica avanzada.<\/p>\n<p>Ofrecemos gr\u00e1nulos de \u00f3xido de hafnio en una gran variedad de tama\u00f1os de part\u00edcula y podemos personalizarlos para satisfacer las necesidades del cliente. Tambi\u00e9n ofrecemos<span style=\"color: #0000ff;\"><a style=\"color: #0000ff;\" href=\"https:\/\/ulpmat.com\/es\/servicio\/asistencia-tecnica\/\"> asistencia t\u00e9cnica<\/a><\/span> y <span style=\"color: #0000ff;\"><a style=\"color: #0000ff;\" href=\"https:\/\/ulpmat.com\/es\/servicio\/servicio-posventa\/\">servicio postventa<\/a><\/span> para garantizar un proceso de aplicaci\u00f3n eficaz y sin problemas.<\/p>\n<h2><span style=\"font-size: 14pt;\">Productos destacados<\/span><\/h2>\n<p>Pureza: 99,99<br \/>\nTama\u00f1o de part\u00edcula uniforme adecuado para la preparaci\u00f3n de pel\u00edculas finas y cer\u00e1micas<br \/>\nExcelente estabilidad t\u00e9rmica e inercia qu\u00edmica<br \/>\nTama\u00f1o de part\u00edcula y opciones de envasado personalizables<br \/>\nAdecuado para aplicaciones semiconductoras, \u00f3pticas, cer\u00e1micas y catal\u00edticas<\/p>\n<h2><span style=\"font-size: 14pt;\">Aplicaciones de los gr\u00e1nulos de \u00f3xido de hafnio<\/span><\/h2>\n<p><span style=\"color: #0000ff;\"><a style=\"color: #0000ff;\" href=\"https:\/\/ulpmat.com\/es\/solicitud\/materiales-semiconductores\/\">Semiconductores<\/a><\/span> Industria de semiconductores: Utilizado para la preparaci\u00f3n de pel\u00edculas finas diel\u00e9ctricas de alto\u03ba para mejorar el rendimiento y la estabilidad de los dispositivos.<br \/>\nRecubrimientos \u00f3pticos: Utilizados para la producci\u00f3n de pel\u00edculas \u00f3pticas de alto \u00edndice de refracci\u00f3n y resistentes al desgaste.<br \/>\nMateriales cer\u00e1micos: Utilizados en la preparaci\u00f3n de cer\u00e1micas de alta temperatura resistentes al desgaste y cer\u00e1micas funcionales.<br \/>\nSoportes catal\u00edticos: Debido a su estabilidad qu\u00edmica, es adecuado como material de soporte de catalizadores.<\/p>\n<h2><span style=\"font-size: 14pt;\">Informes<\/span><\/h2>\n<p>Proporcionamos un detallado <span style=\"color: #0000ff;\"><a style=\"color: #0000ff;\" href=\"https:\/\/ulpmat.com\/es\/servicio\/analisis-quimico\/\">Certificado de an\u00e1lisis (COA)<\/a><\/span>, hoja de datos de seguridad del material (MSDS) y otros informes de pruebas relevantes para cada lote de pellets de HfO\u2082. Tambi\u00e9n apoyamos las pruebas de terceros para garantizar que la calidad del producto cumple las normas internacionales y los requisitos del cliente.<\/p>\n","protected":false},"excerpt":{"rendered":"<p>Visi\u00f3n general de los gr\u00e1nulos de \u00f3xido de hafnio Los gr\u00e1nulos de \u00f3xido de hafnio son polvos cer\u00e1micos de gran pureza dise\u00f1ados para la deposici\u00f3n de pel\u00edculas finas de alto rendimiento y la preparaci\u00f3n de materiales funcionales. Su excepcional pureza, tama\u00f1o uniforme de part\u00edcula, excelente estabilidad t\u00e9rmica e inercia qu\u00edmica satisfacen los exigentes requisitos de [&hellip;]<\/p>\n","protected":false},"featured_media":16506,"template":"","meta":{"_acf_changed":false},"product_brand":[132],"product_cat":[340],"product_tag":[],"class_list":{"0":"post-16505","1":"product","2":"type-product","3":"status-publish","4":"has-post-thumbnail","6":"product_brand-ulpmat","7":"product_cat-materiales-de-evaporacion","9":"first","10":"instock","11":"shipping-taxable","12":"product-type-variable"},"acf":[],"_links":{"self":[{"href":"https:\/\/ulpmat.com\/es\/wp-json\/wp\/v2\/product\/16505","targetHints":{"allow":["GET"]}}],"collection":[{"href":"https:\/\/ulpmat.com\/es\/wp-json\/wp\/v2\/product"}],"about":[{"href":"https:\/\/ulpmat.com\/es\/wp-json\/wp\/v2\/types\/product"}],"wp:featuredmedia":[{"embeddable":true,"href":"https:\/\/ulpmat.com\/es\/wp-json\/wp\/v2\/media\/16506"}],"wp:attachment":[{"href":"https:\/\/ulpmat.com\/es\/wp-json\/wp\/v2\/media?parent=16505"}],"wp:term":[{"taxonomy":"product_brand","embeddable":true,"href":"https:\/\/ulpmat.com\/es\/wp-json\/wp\/v2\/product_brand?post=16505"},{"taxonomy":"product_cat","embeddable":true,"href":"https:\/\/ulpmat.com\/es\/wp-json\/wp\/v2\/product_cat?post=16505"},{"taxonomy":"product_tag","embeddable":true,"href":"https:\/\/ulpmat.com\/es\/wp-json\/wp\/v2\/product_tag?post=16505"}],"curies":[{"name":"wp","href":"https:\/\/api.w.org\/{rel}","templated":true}]}}