{"id":16368,"date":"2025-10-21T14:25:49","date_gmt":"2025-10-21T06:25:49","guid":{"rendered":"https:\/\/ulpmat.com\/product\/sulfuro-de-hafnio-2\/"},"modified":"2025-10-21T14:25:49","modified_gmt":"2025-10-21T06:25:49","slug":"sulfuro-de-hafnio-2","status":"publish","type":"product","link":"https:\/\/ulpmat.com\/es\/producto\/sulfuro-de-hafnio-2\/","title":{"rendered":"Sulfuro de hafnio"},"content":{"rendered":"<h2><span style=\"font-size: 14pt;\">Visi\u00f3n general de los gr\u00e1nulos de sulfuro de hafnio<\/span><\/h2>\n<p><span style=\"color: #0000ff;\"><a style=\"color: #0000ff;\" href=\"https:\/\/ulpmat.com\/es\/buscar\/?type=name&#038;keyword=Hafnium+Sulfide\">Los gr\u00e1nulos de sulfuro de hafnio<\/a> <\/span>son materiales funcionales avanzados que se utilizan en electr\u00f3nica, revestimientos lubricantes y materiales energ\u00e9ticos. Su estructura en capas, su excelente estabilidad qu\u00edmica y sus propiedades semiconductoras hacen que se utilicen ampliamente en la investigaci\u00f3n de materiales 2D, el desarrollo de nuevos transistores de efecto campo y los electrodos de bater\u00edas de iones de litio.<\/p>\n<p>Ofrecemos gr\u00e1nulos de sulfuro de hafnio de gran pureza en una gran variedad de tama\u00f1os de part\u00edcula y opciones de envasado, personalizables seg\u00fan sus necesidades. Tambi\u00e9n ofrecemos <span style=\"color: #0000ff;\"><a style=\"color: #0000ff;\" href=\"https:\/\/ulpmat.com\/es\/servicio\/asistencia-tecnica\/\">asistencia t\u00e9cnica<\/a> <\/span>y servicios de consultor\u00eda postventa para ayudarle a utilizar eficazmente este material en I+D o en la producci\u00f3n en masa.<\/p>\n<h2><span style=\"font-size: 14pt;\">Productos destacados<\/span><\/h2>\n<p>Pureza: 99,9<br \/>\nEstructura cristalina: Hexagonal en capas, f\u00e1cilmente exfoliable en materiales 2D<br \/>\nDisponible en varios tama\u00f1os de part\u00edcula<br \/>\nEnvases disponibles<br \/>\nExcelente estabilidad t\u00e9rmica e inercia qu\u00edmica<\/p>\n<h2><span style=\"font-size: 14pt;\">Aplicaciones de los gr\u00e1nulos de sulfuro de hafnio<\/span><\/h2>\n<p>investigaci\u00f3n de materiales 2D: El HfS\u2082 puede exfoliarse en l\u00e1minas 2D monocapa o multicapa para la exploraci\u00f3n de nuevos dispositivos electr\u00f3nicos\/optoelectr\u00f3nicos.<br \/>\nTransistores de efecto de campo (FET): Como material de canal, el HfS\u2082 ofrece una brecha de banda y una movilidad de portadores moderadas, lo que lo convierte en un potente complemento de los materiales de silicio tradicionales. Lubricante s\u00f3lido: El HfS\u2082 presenta excelentes propiedades de lubricaci\u00f3n en condiciones de alta temperatura y vac\u00edo, y se utiliza en la industria aeroespacial y en instrumentaci\u00f3n de precisi\u00f3n.<br \/>\nMaterial para bater\u00edas: El HfS\u2082, como material an\u00f3dico para bater\u00edas de iones de litio y de iones de sodio, presenta una elevada capacidad espec\u00edfica te\u00f3rica y estabilidad c\u00edclica.<\/p>\n<h2><span style=\"font-size: 14pt;\">Informes<\/span><\/h2>\n<p>Proporcionamos un <span style=\"color: #0000ff;\"><a style=\"color: #0000ff;\" href=\"https:\/\/ulpmat.com\/es\/servicio\/analisis-quimico\/\">Certificado de an\u00e1lisis (COA),<\/a><\/span> La hoja de datos de seguridad del material (MSDS) y las hojas de datos t\u00e9cnicos pertinentes para cada lote. Previa solicitud, tambi\u00e9n proporcionamos informes de pruebas de terceros para garantizar el cumplimiento de las normas internacionales de I+D y de la industria.<\/p>\n","protected":false},"excerpt":{"rendered":"<p>Visi\u00f3n general de los gr\u00e1nulos de sulfuro de hafnio Los gr\u00e1nulos de sulfuro de hafnio son materiales funcionales avanzados que se utilizan en electr\u00f3nica, revestimientos lubricantes y materiales energ\u00e9ticos. Su estructura en capas, su excelente estabilidad qu\u00edmica y sus propiedades semiconductoras hacen que se utilicen ampliamente en la investigaci\u00f3n de materiales 2D, el desarrollo de [&hellip;]<\/p>\n","protected":false},"featured_media":16369,"template":"","meta":{"_acf_changed":false},"product_brand":[132],"product_cat":[340],"product_tag":[],"class_list":{"0":"post-16368","1":"product","2":"type-product","3":"status-publish","4":"has-post-thumbnail","6":"product_brand-ulpmat","7":"product_cat-materiales-de-evaporacion","9":"first","10":"instock","11":"shipping-taxable","12":"product-type-variable"},"acf":[],"_links":{"self":[{"href":"https:\/\/ulpmat.com\/es\/wp-json\/wp\/v2\/product\/16368","targetHints":{"allow":["GET"]}}],"collection":[{"href":"https:\/\/ulpmat.com\/es\/wp-json\/wp\/v2\/product"}],"about":[{"href":"https:\/\/ulpmat.com\/es\/wp-json\/wp\/v2\/types\/product"}],"wp:featuredmedia":[{"embeddable":true,"href":"https:\/\/ulpmat.com\/es\/wp-json\/wp\/v2\/media\/16369"}],"wp:attachment":[{"href":"https:\/\/ulpmat.com\/es\/wp-json\/wp\/v2\/media?parent=16368"}],"wp:term":[{"taxonomy":"product_brand","embeddable":true,"href":"https:\/\/ulpmat.com\/es\/wp-json\/wp\/v2\/product_brand?post=16368"},{"taxonomy":"product_cat","embeddable":true,"href":"https:\/\/ulpmat.com\/es\/wp-json\/wp\/v2\/product_cat?post=16368"},{"taxonomy":"product_tag","embeddable":true,"href":"https:\/\/ulpmat.com\/es\/wp-json\/wp\/v2\/product_tag?post=16368"}],"curies":[{"name":"wp","href":"https:\/\/api.w.org\/{rel}","templated":true}]}}