{"id":16332,"date":"2025-10-21T14:25:49","date_gmt":"2025-10-21T06:25:49","guid":{"rendered":"https:\/\/ulpmat.com\/product\/seleniuro-de-hafnio\/"},"modified":"2025-10-21T14:25:49","modified_gmt":"2025-10-21T06:25:49","slug":"seleniuro-de-hafnio","status":"publish","type":"product","link":"https:\/\/ulpmat.com\/es\/producto\/seleniuro-de-hafnio\/","title":{"rendered":"Seleniuro de hafnio"},"content":{"rendered":"<h2><span style=\"font-size: 14pt;\">Visi\u00f3n general de los gr\u00e1nulos de seleniuro de hafnio<\/span><\/h2>\n<p><span style=\"color: #0000ff;\"><a style=\"color: #0000ff;\" href=\"https:\/\/ulpmat.com\/es\/buscar\/?type=name&#038;keyword=Hafnium+Selenide\"> Los gr\u00e1nulos de seleniuro de hafnio<\/a><\/span> es un material de seleniuro met\u00e1lico de transici\u00f3n en capas muy utilizado en la investigaci\u00f3n de materiales bidimensionales, transistores de efecto campo, detecci\u00f3n por infrarrojos y almacenamiento de energ\u00eda. Este material presenta brechas de banda sintonizables, excelentes propiedades electr\u00f3nicas y buenas propiedades de exfoliaci\u00f3n de capas. Ofrecemos gr\u00e1nulos de HfSe\u2082 de gran pureza y tama\u00f1o controlable adecuados para diversas aplicaciones industriales y de investigaci\u00f3n.<\/p>\n<p>Ofrecemos gr\u00e1nulos de seleniuro de hafnio en diversos tama\u00f1os y podemos empaquetarlos y tamizarlos para satisfacer los requisitos de su proceso. Tambi\u00e9n ofrecemos un completo servicio de asistencia t\u00e9cnica y posventa. No dude en <span style=\"color: #0000ff;\"><a style=\"color: #0000ff;\" href=\"https:\/\/ulpmat.com\/es\/contactanos\/\">ponerse en contacto con nosotros<\/a><\/span> para cualquier consulta.<\/p>\n<h2><span style=\"font-size: 14pt;\">Productos destacados<\/span><\/h2>\n<p>Pureza: 99,9<br \/>\nEstructura en capas, adecuada para la exfoliaci\u00f3n para preparar materiales bidimensionales<br \/>\nTama\u00f1o de part\u00edcula controlable, tama\u00f1os y envases personalizables disponibles<br \/>\nAdecuado para dispositivos electr\u00f3nicos, sensores fotoel\u00e9ctricos, materiales energ\u00e9ticos e investigaci\u00f3n en ciencia de materiales<\/p>\n<h2><span style=\"font-size: 14pt;\">Aplicaciones de los gr\u00e1nulos de seleniuro de hafnio<\/span><\/h2>\n<p><span style=\"color: #0000ff;\"><a style=\"color: #0000ff;\" href=\"https:\/\/ulpmat.com\/es\/solicitud\/materiales-semiconductores\/\">Semiconductores<\/a><\/span> y dispositivos electr\u00f3nicos: Utilizados en la fabricaci\u00f3n de transistores de efecto de campo (FET) y estructuras electr\u00f3nicas de baja dimensi\u00f3n.<br \/>\nDispositivos optoelectr\u00f3nicos: Demuestra una excelente respuesta fotoel\u00e9ctrica en detectores de luz infrarroja\/visible. Materiales de almacenamiento de energ\u00eda: Posible uso como materiales de electrodos en bater\u00edas de iones de litio y sodio.<br \/>\nInvestigaci\u00f3n de materiales bidimensionales: Pueden obtenerse copos de HfSe\u2082 monocapa o de pocas capas mediante exfoliaci\u00f3n mec\u00e1nica o en fase l\u00edquida.<\/p>\n<h2><span style=\"font-size: 14pt;\">Informes<\/span><\/h2>\n<p>Proporcionamos un certificado de an\u00e1lisis (COA), una hoja de datos de seguridad del material (MSDS) y los informes de ensayo necesarios de DRX, SEM o EDS para cada lote de gr\u00e1nulos de HfSe\u2082. Tambi\u00e9n apoyamos las pruebas de terceros encargadas por nuestros clientes para garantizar que el producto cumple las normas t\u00e9cnicas del proyecto.<\/p>\n","protected":false},"excerpt":{"rendered":"<p>Visi\u00f3n general de los gr\u00e1nulos de seleniuro de hafnio Los gr\u00e1nulos de seleniuro de hafnio es un material de seleniuro met\u00e1lico de transici\u00f3n en capas muy utilizado en la investigaci\u00f3n de materiales bidimensionales, transistores de efecto campo, detecci\u00f3n por infrarrojos y almacenamiento de energ\u00eda. Este material presenta brechas de banda sintonizables, excelentes propiedades electr\u00f3nicas y [&hellip;]<\/p>\n","protected":false},"featured_media":16333,"template":"","meta":{"_acf_changed":false},"product_brand":[132],"product_cat":[340],"product_tag":[],"class_list":{"0":"post-16332","1":"product","2":"type-product","3":"status-publish","4":"has-post-thumbnail","6":"product_brand-ulpmat","7":"product_cat-materiales-de-evaporacion","9":"first","10":"instock","11":"shipping-taxable","12":"product-type-variable"},"acf":[],"_links":{"self":[{"href":"https:\/\/ulpmat.com\/es\/wp-json\/wp\/v2\/product\/16332","targetHints":{"allow":["GET"]}}],"collection":[{"href":"https:\/\/ulpmat.com\/es\/wp-json\/wp\/v2\/product"}],"about":[{"href":"https:\/\/ulpmat.com\/es\/wp-json\/wp\/v2\/types\/product"}],"wp:featuredmedia":[{"embeddable":true,"href":"https:\/\/ulpmat.com\/es\/wp-json\/wp\/v2\/media\/16333"}],"wp:attachment":[{"href":"https:\/\/ulpmat.com\/es\/wp-json\/wp\/v2\/media?parent=16332"}],"wp:term":[{"taxonomy":"product_brand","embeddable":true,"href":"https:\/\/ulpmat.com\/es\/wp-json\/wp\/v2\/product_brand?post=16332"},{"taxonomy":"product_cat","embeddable":true,"href":"https:\/\/ulpmat.com\/es\/wp-json\/wp\/v2\/product_cat?post=16332"},{"taxonomy":"product_tag","embeddable":true,"href":"https:\/\/ulpmat.com\/es\/wp-json\/wp\/v2\/product_tag?post=16332"}],"curies":[{"name":"wp","href":"https:\/\/api.w.org\/{rel}","templated":true}]}}