{"id":16092,"date":"2025-10-29T15:05:09","date_gmt":"2025-10-29T07:05:09","guid":{"rendered":"https:\/\/ulpmat.com\/product\/fluoruro-de-bario\/"},"modified":"2025-10-29T15:05:09","modified_gmt":"2025-10-29T07:05:09","slug":"fluoruro-de-bario","status":"publish","type":"product","link":"https:\/\/ulpmat.com\/es\/producto\/fluoruro-de-bario\/","title":{"rendered":"Fluoruro de bario"},"content":{"rendered":"<h2><span style=\"font-family: georgia, palatino, serif; font-size: 14pt;\">C\u00e1todos para sputtering de fluoruro de bario Descripci\u00f3n general<\/span><\/h2>\n<p><span style=\"font-family: georgia, palatino, serif;\"><span style=\"color: #0000ff;\"><a style=\"color: #0000ff;\" href=\"https:\/\/ulpmat.com\/es\/buscar\/?type=name&#038;keyword=Barium+Fluoride\">Los c\u00e1todos para sputtering<\/a><\/span> son materiales de alto rendimiento dise\u00f1ados espec\u00edficamente para la deposici\u00f3n de pel\u00edculas finas \u00f3pticas y recubrimientos funcionales. Con una pureza de hasta el 99,99%, ofrecen una excelente densidad y estabilidad t\u00e9rmica, garantizando una estructura uniforme y propiedades \u00f3pticas superiores en las pel\u00edculas depositadas.<\/span><\/p>\n<p><span style=\"font-family: georgia, palatino, serif;\">Ofrecemos c\u00e1todos de fluoruro de bario para sputtering en una gran variedad de formas y tama\u00f1os, incluidas formas redondas y rectangulares, y podemos personalizarlos seg\u00fan sus requisitos espec\u00edficos. Tambi\u00e9n ofrecemos un completo servicio de asistencia t\u00e9cnica postventa. Si tiene alguna pregunta durante el uso, no dude en <span style=\"color: #0000ff;\"><a style=\"color: #0000ff;\" href=\"https:\/\/ulpmat.com\/es\/contactanos\/\">ponerse en contacto con nosotros<\/a><\/span>.<\/span><\/p>\n<h2><span style=\"font-family: georgia, palatino, serif; font-size: 14pt;\">Caracter\u00edsticas del producto<\/span><\/h2>\n<p><span style=\"font-family: georgia, palatino, serif;\">Pureza: del 99,9% al 99,99<\/span><br \/>\n<span style=\"font-family: georgia, palatino, serif;\">La alta densidad garantiza una deposici\u00f3n uniforme de la pel\u00edcula fina<\/span><br \/>\n<span style=\"font-family: georgia, palatino, serif;\">Excelente transparencia \u00f3ptica y estabilidad t\u00e9rmica<\/span><br \/>\n<span style=\"font-family: georgia, palatino, serif;\"><span style=\"color: #0000ff;\"><a style=\"color: #0000ff;\" href=\"https:\/\/ulpmat.com\/es\/servicio\/vinculacion-al-objetivo\/\">Adhesi\u00f3n al blanco<\/a> <\/span>disponible en<\/span><br \/>\n<span style=\"font-family: georgia, palatino, serif;\">Tama\u00f1o y forma personalizables para satisfacer diversos requisitos de proceso<\/span><\/p>\n<h2><span style=\"font-family: georgia, palatino, serif; font-size: 14pt;\">Aplicaciones de los c\u00e1todos para sputtering de fluoruro de bario<\/span><\/h2>\n<p><span style=\"font-family: georgia, palatino, serif;\"><span style=\"color: #0000ff;\"><a style=\"color: #0000ff;\" href=\"https:\/\/ulpmat.com\/es\/solicitud\/materiales-opticos\/\">Pel\u00edculas \u00f3pticas finas:<\/a><\/span> Utilizados para el recubrimiento de lentes, ventanas y componentes l\u00e1ser en el rango UV a IR<\/span><br \/>\n<span style=\"font-family: georgia, palatino, serif;\">Dispositivos \u00f3pticos infrarrojos: Se utiliza para fabricar lentes infrarrojas y ventanas \u00f3pticas con un excelente rendimiento \u00f3ptico<\/span><br \/>\n<span style=\"font-family: georgia, palatino, serif;\">C\u00e9lulas solares de pel\u00edcula fina: Se utiliza como material funcional de pel\u00edcula fina para mejorar la eficiencia de la conversi\u00f3n fotoel\u00e9ctrica<\/span><br \/>\n<span style=\"font-family: georgia, palatino, serif;\">Recubrimientos especiales: Se utiliza para preparar revestimientos funcionales resistentes al desgaste y a la corrosi\u00f3n<\/span><\/p>\n<h2><span style=\"font-family: georgia, palatino, serif; font-size: 14pt;\">Informes<\/span><\/h2>\n<p><span style=\"font-family: georgia, palatino, serif;\">Proporcionamos un detallado <span style=\"color: #0000ff;\"><a style=\"color: #0000ff;\" href=\"https:\/\/ulpmat.com\/es\/servicio\/analisis-quimico\/\">Certificado de an\u00e1lisis (COA),<\/a><\/span> Hoja de datos de seguridad del material (MSDS) y otros informes de pruebas relevantes para cada lote de c\u00e1todos para sputtering de BaF\u2082. Apoyamos las pruebas de terceros para garantizar la calidad y fiabilidad del producto.<\/span><\/p>\n","protected":false},"excerpt":{"rendered":"<p>C\u00e1todos para sputtering de fluoruro de bario Descripci\u00f3n general Los c\u00e1todos para sputtering son materiales de alto rendimiento dise\u00f1ados espec\u00edficamente para la deposici\u00f3n de pel\u00edculas finas \u00f3pticas y recubrimientos funcionales. Con una pureza de hasta el 99,99%, ofrecen una excelente densidad y estabilidad t\u00e9rmica, garantizando una estructura uniforme y propiedades \u00f3pticas superiores en las pel\u00edculas [&hellip;]<\/p>\n","protected":false},"featured_media":16093,"template":"","meta":{"_acf_changed":false},"product_brand":[132],"product_cat":[457],"product_tag":[],"class_list":{"0":"post-16092","1":"product","2":"type-product","3":"status-publish","4":"has-post-thumbnail","6":"product_brand-ulpmat","7":"product_cat-blanco-ceramico-para-sputtering","9":"first","10":"instock","11":"shipping-taxable","12":"product-type-variable"},"acf":[],"_links":{"self":[{"href":"https:\/\/ulpmat.com\/es\/wp-json\/wp\/v2\/product\/16092","targetHints":{"allow":["GET"]}}],"collection":[{"href":"https:\/\/ulpmat.com\/es\/wp-json\/wp\/v2\/product"}],"about":[{"href":"https:\/\/ulpmat.com\/es\/wp-json\/wp\/v2\/types\/product"}],"wp:featuredmedia":[{"embeddable":true,"href":"https:\/\/ulpmat.com\/es\/wp-json\/wp\/v2\/media\/16093"}],"wp:attachment":[{"href":"https:\/\/ulpmat.com\/es\/wp-json\/wp\/v2\/media?parent=16092"}],"wp:term":[{"taxonomy":"product_brand","embeddable":true,"href":"https:\/\/ulpmat.com\/es\/wp-json\/wp\/v2\/product_brand?post=16092"},{"taxonomy":"product_cat","embeddable":true,"href":"https:\/\/ulpmat.com\/es\/wp-json\/wp\/v2\/product_cat?post=16092"},{"taxonomy":"product_tag","embeddable":true,"href":"https:\/\/ulpmat.com\/es\/wp-json\/wp\/v2\/product_tag?post=16092"}],"curies":[{"name":"wp","href":"https:\/\/api.w.org\/{rel}","templated":true}]}}