{"id":15978,"date":"2025-10-29T15:05:10","date_gmt":"2025-10-29T07:05:10","guid":{"rendered":"https:\/\/ulpmat.com\/product\/molibdato-de-bario-oxido-de-bario-y-molibdeno\/"},"modified":"2025-10-29T15:05:10","modified_gmt":"2025-10-29T07:05:10","slug":"molibdato-de-bario-oxido-de-bario-y-molibdeno","status":"publish","type":"product","link":"https:\/\/ulpmat.com\/es\/producto\/molibdato-de-bario-oxido-de-bario-y-molibdeno\/","title":{"rendered":"Molibdato de bario (\u00f3xido de bario y molibdeno)"},"content":{"rendered":"<h2><span style=\"font-family: georgia, palatino, serif; font-size: 14pt;\">Molibdato de bario en polvo Overview<\/span><\/h2>\n<p><span style=\"font-family: georgia, palatino, serif;\"><span style=\"color: #0000ff;\"><a style=\"color: #0000ff;\" href=\"https:\/\/ulpmat.com\/es\/buscar\/?type=name&#038;keyword=Barium+molybdate\">Molibdato de bario<\/a><\/span> en polvo es una materia prima qu\u00edmica de gran pureza dise\u00f1ada espec\u00edficamente para la producci\u00f3n de materiales avanzados y procesos funcionales de pel\u00edcula fina. Con una pureza del 99,9%, part\u00edculas finas y uniformes y una excelente estabilidad qu\u00edmica y t\u00e9rmica, garantiza un alto rendimiento y estabilidad durante la producci\u00f3n de materiales.<\/span><\/p>\n<p><span style=\"font-family: georgia, palatino, serif;\">Ofrecemos polvo de molibdato de bario en una gran variedad de tama\u00f1os de part\u00edcula y especificaciones de envasado, y podemos personalizarlo para satisfacer sus necesidades espec\u00edficas. Tambi\u00e9n ofrecemos un completo servicio de asistencia t\u00e9cnica y postventa. Si tiene alguna pregunta durante el uso, no dude en <span style=\"color: #0000ff;\"><a style=\"color: #0000ff;\" href=\"https:\/\/ulpmat.com\/es\/contactanos\/\">ponerse en contacto con nosotros.<\/a><\/span><\/span><\/p>\n<h2><span style=\"font-family: georgia, palatino, serif; font-size: 14pt;\">Caracter\u00edsticas del producto<\/span><\/h2>\n<p><span style=\"font-family: georgia, palatino, serif;\">Pureza: 99,9<\/span><br \/>\n<span style=\"font-family: georgia, palatino, serif;\">Part\u00edculas uniformes para facilitar la dispersi\u00f3n y el procesamiento<\/span><br \/>\n<span style=\"font-family: georgia, palatino, serif;\">Excelente estabilidad t\u00e9rmica y qu\u00edmica<\/span><br \/>\n<span style=\"font-family: georgia, palatino, serif;\">Tama\u00f1o de part\u00edcula y especificaciones de envasado personalizables para satisfacer diversos requisitos de proceso<\/span><\/p>\n<h2><span style=\"font-family: georgia, palatino, serif;\"><span style=\"font-size: 14pt;\">Aplicaciones del polvo de molibdato de bario<\/span> <\/span><\/h2>\n<p><span style=\"font-family: georgia, palatino, serif;\">Materiales optoelectr\u00f3nicos: Se utiliza en la preparaci\u00f3n de materiales emisores de luz y pel\u00edculas finas l\u00e1ser, mejorando el rendimiento de los dispositivos<\/span><br \/>\n<span style=\"font-family: georgia, palatino, serif;\">Materiales cer\u00e1micos: Sirve como componente de cer\u00e1micas funcionales, mejorando las propiedades mec\u00e1nicas y la resistencia al calor<\/span><br \/>\n<span style=\"font-family: georgia, palatino, serif;\">Soportes catal\u00edticos: Se utilizan en reacciones catal\u00edticas para mejorar la eficacia catal\u00edtica<\/span><br \/>\n<span style=\"font-family: georgia, palatino, serif;\">Deposici\u00f3n de pel\u00edculas finas: Materia prima de gran pureza para procesos como la pulverizaci\u00f3n cat\u00f3dica y la deposici\u00f3n qu\u00edmica en fase vapor (CVD)<\/span><\/p>\n<h2><span style=\"font-family: georgia, palatino, serif; font-size: 14pt;\">Informes<\/span><\/h2>\n<p><span style=\"font-family: georgia, palatino, serif;\">Proporcionamos un detallado<span style=\"color: #0000ff;\"><a style=\"color: #0000ff;\" href=\"https:\/\/ulpmat.com\/es\/servicio\/analisis-quimico\/\"> Certificado de an\u00e1lisis (COA)<\/a><\/span>(COA), la hoja de datos de seguridad del material (MSDS) y otros informes de pruebas relevantes para cada lote de polvo de BaMoO\u2084. Apoyamos las pruebas de terceros para garantizar la calidad y fiabilidad del producto.<\/span><\/p>\n","protected":false},"excerpt":{"rendered":"<p>Molibdato de bario en polvo Overview Molibdato de bario en polvo es una materia prima qu\u00edmica de gran pureza dise\u00f1ada espec\u00edficamente para la producci\u00f3n de materiales avanzados y procesos funcionales de pel\u00edcula fina. Con una pureza del 99,9%, part\u00edculas finas y uniformes y una excelente estabilidad qu\u00edmica y t\u00e9rmica, garantiza un alto rendimiento y estabilidad [&hellip;]<\/p>\n","protected":false},"featured_media":15979,"template":"","meta":{"_acf_changed":false},"product_brand":[132],"product_cat":[1189],"product_tag":[],"class_list":{"0":"post-15978","1":"product","2":"type-product","3":"status-publish","4":"has-post-thumbnail","6":"product_brand-ulpmat","7":"product_cat-otros-acidos","9":"first","10":"instock","11":"shipping-taxable","12":"product-type-variable"},"acf":[],"_links":{"self":[{"href":"https:\/\/ulpmat.com\/es\/wp-json\/wp\/v2\/product\/15978","targetHints":{"allow":["GET"]}}],"collection":[{"href":"https:\/\/ulpmat.com\/es\/wp-json\/wp\/v2\/product"}],"about":[{"href":"https:\/\/ulpmat.com\/es\/wp-json\/wp\/v2\/types\/product"}],"wp:featuredmedia":[{"embeddable":true,"href":"https:\/\/ulpmat.com\/es\/wp-json\/wp\/v2\/media\/15979"}],"wp:attachment":[{"href":"https:\/\/ulpmat.com\/es\/wp-json\/wp\/v2\/media?parent=15978"}],"wp:term":[{"taxonomy":"product_brand","embeddable":true,"href":"https:\/\/ulpmat.com\/es\/wp-json\/wp\/v2\/product_brand?post=15978"},{"taxonomy":"product_cat","embeddable":true,"href":"https:\/\/ulpmat.com\/es\/wp-json\/wp\/v2\/product_cat?post=15978"},{"taxonomy":"product_tag","embeddable":true,"href":"https:\/\/ulpmat.com\/es\/wp-json\/wp\/v2\/product_tag?post=15978"}],"curies":[{"name":"wp","href":"https:\/\/api.w.org\/{rel}","templated":true}]}}